{"id":3135,"date":"2024-03-28T12:59:39","date_gmt":"2024-03-28T11:59:39","guid":{"rendered":"https:\/\/augenweide.wien\/product\/\/"},"modified":"2024-04-10T13:16:59","modified_gmt":"2024-04-10T11:16:59","slug":"gambas-aolio-ab","status":"publish","type":"product","link":"https:\/\/augenweide.wien\/en\/product\/gambas-aolio-ab\/","title":{"rendered":"GAMBAS A\u00d3LIO #(A,B,G)"},"content":{"rendered":"<p>F\u00fcr Gambas Aolio empfehlen wir einen \u00f6sterreichischen Gr\u00fcnen Veltliner oder einen Sauvignon Blanc, um die intensiven Aromen der Garnelen und die w\u00fcrzige Note des Knoblauchs zu erg\u00e4nzen.<\/p>\n","protected":false},"excerpt":{"rendered":"<p>Garnelen, Oliven \u00d6l, Knoblauch, Chili, Zitronen, Rustikal Baguette<\/p>\n","protected":false},"featured_media":3681,"comment_status":"closed","ping_status":"closed","template":"","meta":[],"product_brand":[],"product_cat":[110],"product_tag":[],"class_list":{"0":"post-3135","1":"product","2":"type-product","3":"status-publish","4":"has-post-thumbnail","6":"product_cat-starters","8":"first","9":"instock","10":"shipping-taxable","11":"purchasable","12":"product-type-simple"},"acf":[],"yoast_head":"<!-- This site is optimized with the Yoast SEO plugin v27.3 - https:\/\/yoast.com\/product\/yoast-seo-wordpress\/ -->\n<title>GAMBAS A\u00d3LIO #(A,B,G)<\/title>\n<meta name=\"description\" content=\"Garnelen, Oliven \u00d6l, Knoblauch, Chili, Zitronen, Rustikal Baguette\" \/>\n<meta name=\"robots\" content=\"index, follow, max-snippet:-1, max-image-preview:large, max-video-preview:-1\" \/>\n<link rel=\"canonical\" href=\"http:\/\/Garnelen,%20Oliven%20\u00d6l,%20Knoblauch,%20Chili,%20Zitronen,%20Rustikal%20Baguette\" \/>\n<meta property=\"og:locale\" content=\"en_US\" \/>\n<meta property=\"og:type\" content=\"article\" \/>\n<meta property=\"og:title\" content=\"GAMBAS A\u00d3LIO #(A,B,G)\" \/>\n<meta property=\"og:description\" content=\"Garnelen, Oliven \u00d6l, Knoblauch, Chili, Zitronen, Rustikal Baguette\" \/>\n<meta property=\"og:url\" content=\"https:\/\/augenweide.wien\/en\/product\/gambas-aolio-ab\/\" \/>\n<meta property=\"og:site_name\" content=\"Augenweide\" \/>\n<meta property=\"article:modified_time\" content=\"2024-04-10T11:16:59+00:00\" \/>\n<meta property=\"og:image\" content=\"https:\/\/augenweide.wien\/wp-content\/uploads\/2024\/03\/20240326_LTG_Augenweide-VorspeisencEugenKarlcreates-72DPI-25-scaled.jpg\" \/>\n\t<meta property=\"og:image:width\" content=\"1707\" \/>\n\t<meta property=\"og:image:height\" content=\"2560\" \/>\n\t<meta property=\"og:image:type\" content=\"image\/jpeg\" \/>\n<meta name=\"twitter:card\" content=\"summary_large_image\" \/>\n<meta name=\"twitter:label1\" content=\"Est. reading time\" \/>\n\t<meta name=\"twitter:data1\" content=\"1 minute\" \/>\n<script type=\"application\/ld+json\" class=\"yoast-schema-graph\">{\"@context\":\"https:\\\/\\\/schema.org\",\"@graph\":[{\"@type\":\"WebPage\",\"@id\":\"https:\\\/\\\/augenweide.wien\\\/en\\\/product\\\/gambas-aolio-ab\\\/\",\"url\":\"https:\\\/\\\/augenweide.wien\\\/en\\\/product\\\/gambas-aolio-ab\\\/\",\"name\":\"GAMBAS A\u00d3LIO #(A,B,G) &#8211; Augenweide\",\"isPartOf\":{\"@id\":\"https:\\\/\\\/augenweide.wien\\\/#website\"},\"primaryImageOfPage\":{\"@id\":\"https:\\\/\\\/augenweide.wien\\\/en\\\/product\\\/gambas-aolio-ab\\\/#primaryimage\"},\"image\":{\"@id\":\"https:\\\/\\\/augenweide.wien\\\/en\\\/product\\\/gambas-aolio-ab\\\/#primaryimage\"},\"thumbnailUrl\":\"https:\\\/\\\/augenweide.wien\\\/wp-content\\\/uploads\\\/2024\\\/03\\\/20240326_LTG_Augenweide-VorspeisencEugenKarlcreates-72DPI-25-scaled.jpg\",\"datePublished\":\"2024-03-28T11:59:39+00:00\",\"dateModified\":\"2024-04-10T11:16:59+00:00\",\"breadcrumb\":{\"@id\":\"https:\\\/\\\/augenweide.wien\\\/en\\\/product\\\/gambas-aolio-ab\\\/#breadcrumb\"},\"inLanguage\":\"en-US\",\"potentialAction\":[{\"@type\":\"ReadAction\",\"target\":[\"https:\\\/\\\/augenweide.wien\\\/en\\\/product\\\/gambas-aolio-ab\\\/\"]}]},{\"@type\":\"ImageObject\",\"inLanguage\":\"en-US\",\"@id\":\"https:\\\/\\\/augenweide.wien\\\/en\\\/product\\\/gambas-aolio-ab\\\/#primaryimage\",\"url\":\"https:\\\/\\\/augenweide.wien\\\/wp-content\\\/uploads\\\/2024\\\/03\\\/20240326_LTG_Augenweide-VorspeisencEugenKarlcreates-72DPI-25-scaled.jpg\",\"contentUrl\":\"https:\\\/\\\/augenweide.wien\\\/wp-content\\\/uploads\\\/2024\\\/03\\\/20240326_LTG_Augenweide-VorspeisencEugenKarlcreates-72DPI-25-scaled.jpg\",\"width\":1707,\"height\":2560},{\"@type\":\"BreadcrumbList\",\"@id\":\"https:\\\/\\\/augenweide.wien\\\/en\\\/product\\\/gambas-aolio-ab\\\/#breadcrumb\",\"itemListElement\":[{\"@type\":\"ListItem\",\"position\":1,\"name\":\"Home\",\"item\":\"https:\\\/\\\/augenweide.wien\\\/\"},{\"@type\":\"ListItem\",\"position\":2,\"name\":\"GAMBAS A\u00d3LIO #(A,B,G)\"}]},{\"@type\":\"WebSite\",\"@id\":\"https:\\\/\\\/augenweide.wien\\\/en\\\/#website\",\"url\":\"https:\\\/\\\/augenweide.wien\\\/en\\\/\",\"name\":\"Augenweide\",\"description\":\"\",\"potentialAction\":[{\"@type\":\"SearchAction\",\"target\":{\"@type\":\"EntryPoint\",\"urlTemplate\":\"https:\\\/\\\/augenweide.wien\\\/en\\\/?s={search_term_string}\"},\"query-input\":{\"@type\":\"PropertyValueSpecification\",\"valueRequired\":true,\"valueName\":\"search_term_string\"}}],\"inLanguage\":\"en-US\"}]}<\/script>\n<!-- \/ Yoast SEO plugin. -->","yoast_head_json":{"title":"GAMBAS A\u00d3LIO #(A,B,G)","description":"Garnelen, Oliven \u00d6l, Knoblauch, Chili, Zitronen, Rustikal Baguette","robots":{"index":"index","follow":"follow","max-snippet":"max-snippet:-1","max-image-preview":"max-image-preview:large","max-video-preview":"max-video-preview:-1"},"canonical":"Garnelen, Oliven \u00d6l, Knoblauch, Chili, Zitronen, Rustikal Baguette","og_locale":"en_US","og_type":"article","og_title":"GAMBAS A\u00d3LIO #(A,B,G)","og_description":"Garnelen, Oliven \u00d6l, Knoblauch, Chili, Zitronen, Rustikal Baguette","og_url":"https:\/\/augenweide.wien\/en\/product\/gambas-aolio-ab\/","og_site_name":"Augenweide","article_modified_time":"2024-04-10T11:16:59+00:00","og_image":[{"width":1707,"height":2560,"url":"https:\/\/augenweide.wien\/wp-content\/uploads\/2024\/03\/20240326_LTG_Augenweide-VorspeisencEugenKarlcreates-72DPI-25-scaled.jpg","type":"image\/jpeg"}],"twitter_card":"summary_large_image","twitter_misc":{"Est. reading time":"1 minute"},"schema":{"@context":"https:\/\/schema.org","@graph":[{"@type":"WebPage","@id":"https:\/\/augenweide.wien\/en\/product\/gambas-aolio-ab\/","url":"https:\/\/augenweide.wien\/en\/product\/gambas-aolio-ab\/","name":"GAMBAS A\u00d3LIO #(A,B,G) &#8211; Augenweide","isPartOf":{"@id":"https:\/\/augenweide.wien\/#website"},"primaryImageOfPage":{"@id":"https:\/\/augenweide.wien\/en\/product\/gambas-aolio-ab\/#primaryimage"},"image":{"@id":"https:\/\/augenweide.wien\/en\/product\/gambas-aolio-ab\/#primaryimage"},"thumbnailUrl":"https:\/\/augenweide.wien\/wp-content\/uploads\/2024\/03\/20240326_LTG_Augenweide-VorspeisencEugenKarlcreates-72DPI-25-scaled.jpg","datePublished":"2024-03-28T11:59:39+00:00","dateModified":"2024-04-10T11:16:59+00:00","breadcrumb":{"@id":"https:\/\/augenweide.wien\/en\/product\/gambas-aolio-ab\/#breadcrumb"},"inLanguage":"en-US","potentialAction":[{"@type":"ReadAction","target":["https:\/\/augenweide.wien\/en\/product\/gambas-aolio-ab\/"]}]},{"@type":"ImageObject","inLanguage":"en-US","@id":"https:\/\/augenweide.wien\/en\/product\/gambas-aolio-ab\/#primaryimage","url":"https:\/\/augenweide.wien\/wp-content\/uploads\/2024\/03\/20240326_LTG_Augenweide-VorspeisencEugenKarlcreates-72DPI-25-scaled.jpg","contentUrl":"https:\/\/augenweide.wien\/wp-content\/uploads\/2024\/03\/20240326_LTG_Augenweide-VorspeisencEugenKarlcreates-72DPI-25-scaled.jpg","width":1707,"height":2560},{"@type":"BreadcrumbList","@id":"https:\/\/augenweide.wien\/en\/product\/gambas-aolio-ab\/#breadcrumb","itemListElement":[{"@type":"ListItem","position":1,"name":"Home","item":"https:\/\/augenweide.wien\/"},{"@type":"ListItem","position":2,"name":"GAMBAS A\u00d3LIO #(A,B,G)"}]},{"@type":"WebSite","@id":"https:\/\/augenweide.wien\/en\/#website","url":"https:\/\/augenweide.wien\/en\/","name":"Augenweide","description":"","potentialAction":[{"@type":"SearchAction","target":{"@type":"EntryPoint","urlTemplate":"https:\/\/augenweide.wien\/en\/?s={search_term_string}"},"query-input":{"@type":"PropertyValueSpecification","valueRequired":true,"valueName":"search_term_string"}}],"inLanguage":"en-US"}]}},"_links":{"self":[{"href":"https:\/\/augenweide.wien\/en\/wp-json\/wp\/v2\/product\/3135","targetHints":{"allow":["GET"]}}],"collection":[{"href":"https:\/\/augenweide.wien\/en\/wp-json\/wp\/v2\/product"}],"about":[{"href":"https:\/\/augenweide.wien\/en\/wp-json\/wp\/v2\/types\/product"}],"replies":[{"embeddable":true,"href":"https:\/\/augenweide.wien\/en\/wp-json\/wp\/v2\/comments?post=3135"}],"version-history":[{"count":6,"href":"https:\/\/augenweide.wien\/en\/wp-json\/wp\/v2\/product\/3135\/revisions"}],"predecessor-version":[{"id":4315,"href":"https:\/\/augenweide.wien\/en\/wp-json\/wp\/v2\/product\/3135\/revisions\/4315"}],"wp:featuredmedia":[{"embeddable":true,"href":"https:\/\/augenweide.wien\/en\/wp-json\/wp\/v2\/media\/3681"}],"wp:attachment":[{"href":"https:\/\/augenweide.wien\/en\/wp-json\/wp\/v2\/media?parent=3135"}],"wp:term":[{"taxonomy":"product_brand","embeddable":true,"href":"https:\/\/augenweide.wien\/en\/wp-json\/wp\/v2\/product_brand?post=3135"},{"taxonomy":"product_cat","embeddable":true,"href":"https:\/\/augenweide.wien\/en\/wp-json\/wp\/v2\/product_cat?post=3135"},{"taxonomy":"product_tag","embeddable":true,"href":"https:\/\/augenweide.wien\/en\/wp-json\/wp\/v2\/product_tag?post=3135"}],"curies":[{"name":"wp","href":"https:\/\/api.w.org\/{rel}","templated":true}]}}