{"id":3212,"date":"2024-03-28T16:21:01","date_gmt":"2024-03-28T15:21:01","guid":{"rendered":"https:\/\/augenweide.wien\/product\/\/"},"modified":"2025-07-15T21:34:40","modified_gmt":"2025-07-15T19:34:40","slug":"filet-250g-neuseeland","status":"publish","type":"product","link":"https:\/\/augenweide.wien\/en\/product\/filet-250g-neuseeland\/","title":{"rendered":"AUGENWEIDE FILET *ca. 250g Neuseeland"},"content":{"rendered":"<p>Genauso Tenderloin oder Lungenbraten genannt. Cut aus der inneren Lendenmuskulatur. Besonders zartes, mageres, feinfaseriges Fleisch. Gilt als das edelste Teilst\u00fcck des Rindes.<\/p>\n<p>&nbsp;<\/p>\n<p>Wir empfehlen hierzu ein Glas von der Wiener Trilogie (Rotwein) vom Weingut Wieninger oder ein Glas Chardonnay vom Weingut Mad. Diese Weine erg\u00e4nzen die kr\u00e4ftigen und reichen Aromen von Steak und sorgen f\u00fcr ein ausgewogenes Geschmackserlebnis.<\/p>\n","protected":false},"excerpt":{"rendered":"<p>Rasse: Angus, Grasf\u00fctterung<\/p>\n","protected":false},"featured_media":4396,"comment_status":"closed","ping_status":"closed","template":"","meta":[],"product_brand":[],"product_cat":[113],"product_tag":[],"class_list":{"0":"post-3212","1":"product","2":"type-product","3":"status-publish","4":"has-post-thumbnail","6":"product_cat-steaks-cuts","8":"first","9":"instock","10":"shipping-taxable","11":"purchasable","12":"product-type-simple"},"acf":[],"yoast_head":"<!-- This site is optimized with the Yoast SEO plugin v27.3 - https:\/\/yoast.com\/product\/yoast-seo-wordpress\/ -->\n<title>AUGENWEIDE FILET *ca. 250g Neuseeland<\/title>\n<meta name=\"description\" content=\"Rasse: Angus, Grasf\u00fctterung\" \/>\n<meta name=\"robots\" content=\"index, follow, max-snippet:-1, max-image-preview:large, max-video-preview:-1\" \/>\n<link rel=\"canonical\" href=\"\" \/>\n<meta property=\"og:locale\" content=\"en_US\" \/>\n<meta property=\"og:type\" content=\"article\" \/>\n<meta property=\"og:title\" content=\"AUGENWEIDE FILET *ca. 250g Neuseeland\" \/>\n<meta property=\"og:description\" content=\"Rasse: Angus, Grasf\u00fctterung\" \/>\n<meta property=\"og:url\" content=\"https:\/\/augenweide.wien\/en\/product\/filet-250g-neuseeland\/\" \/>\n<meta property=\"og:site_name\" content=\"Augenweide\" \/>\n<meta property=\"article:modified_time\" content=\"2025-07-15T19:34:40+00:00\" \/>\n<meta property=\"og:image\" content=\"https:\/\/augenweide.wien\/wp-content\/uploads\/2024\/03\/20240326_LTG_Augenweide-SteakscEugenKarlcreates-72DPI-35-scaled.jpg\" \/>\n\t<meta property=\"og:image:width\" content=\"1707\" \/>\n\t<meta property=\"og:image:height\" content=\"2560\" \/>\n\t<meta property=\"og:image:type\" content=\"image\/jpeg\" \/>\n<meta name=\"twitter:card\" content=\"summary_large_image\" \/>\n<meta name=\"twitter:label1\" content=\"Est. reading time\" \/>\n\t<meta name=\"twitter:data1\" content=\"1 minute\" \/>\n<script type=\"application\/ld+json\" class=\"yoast-schema-graph\">{\"@context\":\"https:\\\/\\\/schema.org\",\"@graph\":[{\"@type\":\"WebPage\",\"@id\":\"https:\\\/\\\/augenweide.wien\\\/en\\\/product\\\/filet-250g-neuseeland\\\/\",\"url\":\"https:\\\/\\\/augenweide.wien\\\/en\\\/product\\\/filet-250g-neuseeland\\\/\",\"name\":\"AUGENWEIDE FILET *ca. 250g Neuseeland &#8211; Augenweide\",\"isPartOf\":{\"@id\":\"https:\\\/\\\/augenweide.wien\\\/#website\"},\"primaryImageOfPage\":{\"@id\":\"https:\\\/\\\/augenweide.wien\\\/en\\\/product\\\/filet-250g-neuseeland\\\/#primaryimage\"},\"image\":{\"@id\":\"https:\\\/\\\/augenweide.wien\\\/en\\\/product\\\/filet-250g-neuseeland\\\/#primaryimage\"},\"thumbnailUrl\":\"https:\\\/\\\/augenweide.wien\\\/wp-content\\\/uploads\\\/2024\\\/03\\\/20240326_LTG_Augenweide-SteakscEugenKarlcreates-72DPI-35-scaled.jpg\",\"datePublished\":\"2024-03-28T15:21:01+00:00\",\"dateModified\":\"2025-07-15T19:34:40+00:00\",\"breadcrumb\":{\"@id\":\"https:\\\/\\\/augenweide.wien\\\/en\\\/product\\\/filet-250g-neuseeland\\\/#breadcrumb\"},\"inLanguage\":\"en-US\",\"potentialAction\":[{\"@type\":\"ReadAction\",\"target\":[\"https:\\\/\\\/augenweide.wien\\\/en\\\/product\\\/filet-250g-neuseeland\\\/\"]}]},{\"@type\":\"ImageObject\",\"inLanguage\":\"en-US\",\"@id\":\"https:\\\/\\\/augenweide.wien\\\/en\\\/product\\\/filet-250g-neuseeland\\\/#primaryimage\",\"url\":\"https:\\\/\\\/augenweide.wien\\\/wp-content\\\/uploads\\\/2024\\\/03\\\/20240326_LTG_Augenweide-SteakscEugenKarlcreates-72DPI-35-scaled.jpg\",\"contentUrl\":\"https:\\\/\\\/augenweide.wien\\\/wp-content\\\/uploads\\\/2024\\\/03\\\/20240326_LTG_Augenweide-SteakscEugenKarlcreates-72DPI-35-scaled.jpg\",\"width\":1707,\"height\":2560},{\"@type\":\"BreadcrumbList\",\"@id\":\"https:\\\/\\\/augenweide.wien\\\/en\\\/product\\\/filet-250g-neuseeland\\\/#breadcrumb\",\"itemListElement\":[{\"@type\":\"ListItem\",\"position\":1,\"name\":\"Home\",\"item\":\"https:\\\/\\\/augenweide.wien\\\/\"},{\"@type\":\"ListItem\",\"position\":2,\"name\":\"AUGENWEIDE FILET *ca. 250g Neuseeland\"}]},{\"@type\":\"WebSite\",\"@id\":\"https:\\\/\\\/augenweide.wien\\\/en\\\/#website\",\"url\":\"https:\\\/\\\/augenweide.wien\\\/en\\\/\",\"name\":\"Augenweide\",\"description\":\"\",\"potentialAction\":[{\"@type\":\"SearchAction\",\"target\":{\"@type\":\"EntryPoint\",\"urlTemplate\":\"https:\\\/\\\/augenweide.wien\\\/en\\\/?s={search_term_string}\"},\"query-input\":{\"@type\":\"PropertyValueSpecification\",\"valueRequired\":true,\"valueName\":\"search_term_string\"}}],\"inLanguage\":\"en-US\"}]}<\/script>\n<!-- \/ Yoast SEO plugin. -->","yoast_head_json":{"title":"AUGENWEIDE FILET *ca. 250g Neuseeland","description":"Rasse: Angus, Grasf\u00fctterung","robots":{"index":"index","follow":"follow","max-snippet":"max-snippet:-1","max-image-preview":"max-image-preview:large","max-video-preview":"max-video-preview:-1"},"canonical":"Rasse: Angus, Grasf\u00fctterung","og_locale":"en_US","og_type":"article","og_title":"AUGENWEIDE FILET *ca. 250g Neuseeland","og_description":"Rasse: Angus, Grasf\u00fctterung","og_url":"https:\/\/augenweide.wien\/en\/product\/filet-250g-neuseeland\/","og_site_name":"Augenweide","article_modified_time":"2025-07-15T19:34:40+00:00","og_image":[{"width":1707,"height":2560,"url":"https:\/\/augenweide.wien\/wp-content\/uploads\/2024\/03\/20240326_LTG_Augenweide-SteakscEugenKarlcreates-72DPI-35-scaled.jpg","type":"image\/jpeg"}],"twitter_card":"summary_large_image","twitter_misc":{"Est. reading time":"1 minute"},"schema":{"@context":"https:\/\/schema.org","@graph":[{"@type":"WebPage","@id":"https:\/\/augenweide.wien\/en\/product\/filet-250g-neuseeland\/","url":"https:\/\/augenweide.wien\/en\/product\/filet-250g-neuseeland\/","name":"AUGENWEIDE FILET *ca. 250g Neuseeland &#8211; Augenweide","isPartOf":{"@id":"https:\/\/augenweide.wien\/#website"},"primaryImageOfPage":{"@id":"https:\/\/augenweide.wien\/en\/product\/filet-250g-neuseeland\/#primaryimage"},"image":{"@id":"https:\/\/augenweide.wien\/en\/product\/filet-250g-neuseeland\/#primaryimage"},"thumbnailUrl":"https:\/\/augenweide.wien\/wp-content\/uploads\/2024\/03\/20240326_LTG_Augenweide-SteakscEugenKarlcreates-72DPI-35-scaled.jpg","datePublished":"2024-03-28T15:21:01+00:00","dateModified":"2025-07-15T19:34:40+00:00","breadcrumb":{"@id":"https:\/\/augenweide.wien\/en\/product\/filet-250g-neuseeland\/#breadcrumb"},"inLanguage":"en-US","potentialAction":[{"@type":"ReadAction","target":["https:\/\/augenweide.wien\/en\/product\/filet-250g-neuseeland\/"]}]},{"@type":"ImageObject","inLanguage":"en-US","@id":"https:\/\/augenweide.wien\/en\/product\/filet-250g-neuseeland\/#primaryimage","url":"https:\/\/augenweide.wien\/wp-content\/uploads\/2024\/03\/20240326_LTG_Augenweide-SteakscEugenKarlcreates-72DPI-35-scaled.jpg","contentUrl":"https:\/\/augenweide.wien\/wp-content\/uploads\/2024\/03\/20240326_LTG_Augenweide-SteakscEugenKarlcreates-72DPI-35-scaled.jpg","width":1707,"height":2560},{"@type":"BreadcrumbList","@id":"https:\/\/augenweide.wien\/en\/product\/filet-250g-neuseeland\/#breadcrumb","itemListElement":[{"@type":"ListItem","position":1,"name":"Home","item":"https:\/\/augenweide.wien\/"},{"@type":"ListItem","position":2,"name":"AUGENWEIDE FILET *ca. 250g Neuseeland"}]},{"@type":"WebSite","@id":"https:\/\/augenweide.wien\/en\/#website","url":"https:\/\/augenweide.wien\/en\/","name":"Augenweide","description":"","potentialAction":[{"@type":"SearchAction","target":{"@type":"EntryPoint","urlTemplate":"https:\/\/augenweide.wien\/en\/?s={search_term_string}"},"query-input":{"@type":"PropertyValueSpecification","valueRequired":true,"valueName":"search_term_string"}}],"inLanguage":"en-US"}]}},"_links":{"self":[{"href":"https:\/\/augenweide.wien\/en\/wp-json\/wp\/v2\/product\/3212","targetHints":{"allow":["GET"]}}],"collection":[{"href":"https:\/\/augenweide.wien\/en\/wp-json\/wp\/v2\/product"}],"about":[{"href":"https:\/\/augenweide.wien\/en\/wp-json\/wp\/v2\/types\/product"}],"replies":[{"embeddable":true,"href":"https:\/\/augenweide.wien\/en\/wp-json\/wp\/v2\/comments?post=3212"}],"version-history":[{"count":10,"href":"https:\/\/augenweide.wien\/en\/wp-json\/wp\/v2\/product\/3212\/revisions"}],"predecessor-version":[{"id":6342,"href":"https:\/\/augenweide.wien\/en\/wp-json\/wp\/v2\/product\/3212\/revisions\/6342"}],"wp:featuredmedia":[{"embeddable":true,"href":"https:\/\/augenweide.wien\/en\/wp-json\/wp\/v2\/media\/4396"}],"wp:attachment":[{"href":"https:\/\/augenweide.wien\/en\/wp-json\/wp\/v2\/media?parent=3212"}],"wp:term":[{"taxonomy":"product_brand","embeddable":true,"href":"https:\/\/augenweide.wien\/en\/wp-json\/wp\/v2\/product_brand?post=3212"},{"taxonomy":"product_cat","embeddable":true,"href":"https:\/\/augenweide.wien\/en\/wp-json\/wp\/v2\/product_cat?post=3212"},{"taxonomy":"product_tag","embeddable":true,"href":"https:\/\/augenweide.wien\/en\/wp-json\/wp\/v2\/product_tag?post=3212"}],"curies":[{"name":"wp","href":"https:\/\/api.w.org\/{rel}","templated":true}]}}