{"id":3218,"date":"2024-03-28T16:31:14","date_gmt":"2024-03-28T15:31:14","guid":{"rendered":"https:\/\/augenweide.wien\/product\/\/"},"modified":"2025-10-28T10:36:40","modified_gmt":"2025-10-28T09:36:40","slug":"rib-eye-ca-250g-uruguay","status":"publish","type":"product","link":"https:\/\/augenweide.wien\/en\/product\/rib-eye-ca-250g-uruguay\/","title":{"rendered":"RIB EYE *ca. 300g Uruguay"},"content":{"rendered":"<p>Ebenso Entrec\u00f4te, Zwischenrippenst\u00fcck, Hohe Rippe oder im Englischen Ribeye-Steak genannt.<br \/>\nEs stammt aus dem vorderen R\u00fccken des Rindes. Leicht von Fett durchzogen, besonders saftig.<br \/>\nDas deutlich sichtbare Fettauge ist charakteristisch.<\/p>\n<p>&nbsp;<\/p>\n<p>Wir empfehlen hierzu ein Glas von der Wiener Trilogie (Rotwein) vom Weingut Wieninger oder ein Glas Chardonnay vom Weingut Mad. Diese Weine erg\u00e4nzen die kr\u00e4ftigen und reichen Aromen von Steak und sorgen f\u00fcr ein ausgewogenes Geschmackserlebnis.<\/p>\n","protected":false},"excerpt":{"rendered":"<p>Ebenso Entrec\u00f4te, Zwischenrippenst\u00fcck, Hohe Rippe oder im Englischen Ribeye-Steak genannt. Es stammt aus dem vorderen R\u00fccken des Rindes. Leicht von Fett durchzogen, besonders saftig. Das deutlich sichtbare Fettauge ist charakteristisch. &nbsp; Wir empfehlen hierzu ein Glas von der Wiener Trilogie (Rotwein) vom Weingut Wieninger oder ein Glas Chardonnay vom Weingut Mad. Diese Weine erg\u00e4nzen die\u2026<\/p>\n","protected":false},"featured_media":4395,"comment_status":"closed","ping_status":"closed","template":"","meta":[],"product_brand":[],"product_cat":[113],"product_tag":[],"class_list":{"0":"post-3218","1":"product","2":"type-product","3":"status-publish","4":"has-post-thumbnail","6":"product_cat-steaks-cuts","8":"first","9":"instock","10":"shipping-taxable","11":"purchasable","12":"product-type-simple"},"acf":[],"yoast_head":"<!-- This site is optimized with the Yoast SEO plugin v27.4 - https:\/\/yoast.com\/product\/yoast-seo-wordpress\/ -->\n<title>RIB EYE *ca. 300g Uruguay<\/title>\n<meta name=\"description\" content=\"Ebenso Entrec\u00f4te, Zwischenrippenst\u00fcck, Hohe Rippe oder im Englischen Ribeye-Steak genannt. Es stammt aus dem vorderen R\u00fccken des Rindes. Leicht von Fett durchzogen, besonders saftig. Das deutlich sichtbare Fettauge ist charakteristisch. &nbsp; Wir empfehlen hierzu ein Glas von der Wiener Trilogie (Rotwein) vom Weingut Wieninger oder ein Glas Chardonnay vom Weingut Mad. Diese Weine erg\u00e4nzen die&hellip;\" \/>\n<meta name=\"robots\" content=\"index, follow, max-snippet:-1, max-image-preview:large, max-video-preview:-1\" \/>\n<link rel=\"canonical\" href=\"http:\/\/Ebenso%20Entrec\u00f4te,%20Zwischenrippenst\u00fcck,%20Hohe%20Rippe%20oder%20im%20Englischen%20Ribeye-Steak%20genannt.%20Es%20stammt%20aus%20dem%20vorderen%20R\u00fccken%20des%20Rindes.%20Leicht%20von%20Fett%20durchzogen,%20besonders%20saftig.%20Das%20deutlich%20sichtbare%20Fettauge%20ist%20charakteristisch.%20&nbsp;%20Wir%20empfehlen%20hierzu%20ein%20Glas%20von%20der%20Wiener%20Trilogie%20(Rotwein)%20vom%20Weingut%20Wieninger%20oder%20ein%20Glas%20Chardonnay%20vom%20Weingut%20Mad.%20Diese%20Weine%20erg\u00e4nzen%20die&hellip;\" \/>\n<meta property=\"og:locale\" content=\"en_US\" \/>\n<meta property=\"og:type\" content=\"article\" \/>\n<meta property=\"og:title\" content=\"RIB EYE *ca. 300g Uruguay\" \/>\n<meta property=\"og:description\" content=\"Ebenso Entrec\u00f4te, Zwischenrippenst\u00fcck, Hohe Rippe oder im Englischen Ribeye-Steak genannt. Es stammt aus dem vorderen R\u00fccken des Rindes. Leicht von Fett durchzogen, besonders saftig. Das deutlich sichtbare Fettauge ist charakteristisch. &nbsp; Wir empfehlen hierzu ein Glas von der Wiener Trilogie (Rotwein) vom Weingut Wieninger oder ein Glas Chardonnay vom Weingut Mad. Diese Weine erg\u00e4nzen die&hellip;\" \/>\n<meta property=\"og:url\" content=\"https:\/\/augenweide.wien\/en\/product\/rib-eye-ca-250g-uruguay\/\" \/>\n<meta property=\"og:site_name\" content=\"Augenweide\" \/>\n<meta property=\"article:modified_time\" content=\"2025-10-28T09:36:40+00:00\" \/>\n<meta property=\"og:image\" content=\"https:\/\/augenweide.wien\/wp-content\/uploads\/2024\/03\/20240326_LTG_Augenweide-SteakscEugenKarlcreates-72DPI-42-scaled-e1718288361425.jpg\" \/>\n\t<meta property=\"og:image:width\" content=\"2560\" \/>\n\t<meta property=\"og:image:height\" content=\"1707\" \/>\n\t<meta property=\"og:image:type\" content=\"image\/jpeg\" \/>\n<meta name=\"twitter:card\" content=\"summary_large_image\" \/>\n<meta name=\"twitter:label1\" content=\"Est. reading time\" \/>\n\t<meta name=\"twitter:data1\" content=\"1 minute\" \/>\n<script type=\"application\/ld+json\" class=\"yoast-schema-graph\">{\"@context\":\"https:\\\/\\\/schema.org\",\"@graph\":[{\"@type\":\"WebPage\",\"@id\":\"https:\\\/\\\/augenweide.wien\\\/en\\\/product\\\/rib-eye-ca-250g-uruguay\\\/\",\"url\":\"https:\\\/\\\/augenweide.wien\\\/en\\\/product\\\/rib-eye-ca-250g-uruguay\\\/\",\"name\":\"RIB EYE *ca. 300g Uruguay &#8211; Augenweide\",\"isPartOf\":{\"@id\":\"https:\\\/\\\/augenweide.wien\\\/#website\"},\"primaryImageOfPage\":{\"@id\":\"https:\\\/\\\/augenweide.wien\\\/en\\\/product\\\/rib-eye-ca-250g-uruguay\\\/#primaryimage\"},\"image\":{\"@id\":\"https:\\\/\\\/augenweide.wien\\\/en\\\/product\\\/rib-eye-ca-250g-uruguay\\\/#primaryimage\"},\"thumbnailUrl\":\"https:\\\/\\\/augenweide.wien\\\/wp-content\\\/uploads\\\/2024\\\/03\\\/20240326_LTG_Augenweide-SteakscEugenKarlcreates-72DPI-42-scaled-e1718288361425.jpg\",\"datePublished\":\"2024-03-28T15:31:14+00:00\",\"dateModified\":\"2025-10-28T09:36:40+00:00\",\"breadcrumb\":{\"@id\":\"https:\\\/\\\/augenweide.wien\\\/en\\\/product\\\/rib-eye-ca-250g-uruguay\\\/#breadcrumb\"},\"inLanguage\":\"en-US\",\"potentialAction\":[{\"@type\":\"ReadAction\",\"target\":[\"https:\\\/\\\/augenweide.wien\\\/en\\\/product\\\/rib-eye-ca-250g-uruguay\\\/\"]}]},{\"@type\":\"ImageObject\",\"inLanguage\":\"en-US\",\"@id\":\"https:\\\/\\\/augenweide.wien\\\/en\\\/product\\\/rib-eye-ca-250g-uruguay\\\/#primaryimage\",\"url\":\"https:\\\/\\\/augenweide.wien\\\/wp-content\\\/uploads\\\/2024\\\/03\\\/20240326_LTG_Augenweide-SteakscEugenKarlcreates-72DPI-42-scaled-e1718288361425.jpg\",\"contentUrl\":\"https:\\\/\\\/augenweide.wien\\\/wp-content\\\/uploads\\\/2024\\\/03\\\/20240326_LTG_Augenweide-SteakscEugenKarlcreates-72DPI-42-scaled-e1718288361425.jpg\",\"width\":2560,\"height\":1707},{\"@type\":\"BreadcrumbList\",\"@id\":\"https:\\\/\\\/augenweide.wien\\\/en\\\/product\\\/rib-eye-ca-250g-uruguay\\\/#breadcrumb\",\"itemListElement\":[{\"@type\":\"ListItem\",\"position\":1,\"name\":\"Home\",\"item\":\"https:\\\/\\\/augenweide.wien\\\/\"},{\"@type\":\"ListItem\",\"position\":2,\"name\":\"RIB EYE *ca. 300g Uruguay\"}]},{\"@type\":\"WebSite\",\"@id\":\"https:\\\/\\\/augenweide.wien\\\/en\\\/#website\",\"url\":\"https:\\\/\\\/augenweide.wien\\\/en\\\/\",\"name\":\"Augenweide\",\"description\":\"\",\"potentialAction\":[{\"@type\":\"SearchAction\",\"target\":{\"@type\":\"EntryPoint\",\"urlTemplate\":\"https:\\\/\\\/augenweide.wien\\\/en\\\/?s={search_term_string}\"},\"query-input\":{\"@type\":\"PropertyValueSpecification\",\"valueRequired\":true,\"valueName\":\"search_term_string\"}}],\"inLanguage\":\"en-US\"}]}<\/script>\n<!-- \/ Yoast SEO plugin. -->","yoast_head_json":{"title":"RIB EYE *ca. 300g Uruguay","description":"Ebenso Entrec\u00f4te, Zwischenrippenst\u00fcck, Hohe Rippe oder im Englischen Ribeye-Steak genannt. Es stammt aus dem vorderen R\u00fccken des Rindes. Leicht von Fett durchzogen, besonders saftig. Das deutlich sichtbare Fettauge ist charakteristisch. &nbsp; Wir empfehlen hierzu ein Glas von der Wiener Trilogie (Rotwein) vom Weingut Wieninger oder ein Glas Chardonnay vom Weingut Mad. Diese Weine erg\u00e4nzen die&hellip;","robots":{"index":"index","follow":"follow","max-snippet":"max-snippet:-1","max-image-preview":"max-image-preview:large","max-video-preview":"max-video-preview:-1"},"canonical":"Ebenso Entrec\u00f4te, Zwischenrippenst\u00fcck, Hohe Rippe oder im Englischen Ribeye-Steak genannt. Es stammt aus dem vorderen R\u00fccken des Rindes. Leicht von Fett durchzogen, besonders saftig. Das deutlich sichtbare Fettauge ist charakteristisch. &nbsp; Wir empfehlen hierzu ein Glas von der Wiener Trilogie (Rotwein) vom Weingut Wieninger oder ein Glas Chardonnay vom Weingut Mad. Diese Weine erg\u00e4nzen die&hellip;","og_locale":"en_US","og_type":"article","og_title":"RIB EYE *ca. 300g Uruguay","og_description":"Ebenso Entrec\u00f4te, Zwischenrippenst\u00fcck, Hohe Rippe oder im Englischen Ribeye-Steak genannt. Es stammt aus dem vorderen R\u00fccken des Rindes. Leicht von Fett durchzogen, besonders saftig. Das deutlich sichtbare Fettauge ist charakteristisch. &nbsp; Wir empfehlen hierzu ein Glas von der Wiener Trilogie (Rotwein) vom Weingut Wieninger oder ein Glas Chardonnay vom Weingut Mad. Diese Weine erg\u00e4nzen die&hellip;","og_url":"https:\/\/augenweide.wien\/en\/product\/rib-eye-ca-250g-uruguay\/","og_site_name":"Augenweide","article_modified_time":"2025-10-28T09:36:40+00:00","og_image":[{"width":2560,"height":1707,"url":"https:\/\/augenweide.wien\/wp-content\/uploads\/2024\/03\/20240326_LTG_Augenweide-SteakscEugenKarlcreates-72DPI-42-scaled-e1718288361425.jpg","type":"image\/jpeg"}],"twitter_card":"summary_large_image","twitter_misc":{"Est. reading time":"1 minute"},"schema":{"@context":"https:\/\/schema.org","@graph":[{"@type":"WebPage","@id":"https:\/\/augenweide.wien\/en\/product\/rib-eye-ca-250g-uruguay\/","url":"https:\/\/augenweide.wien\/en\/product\/rib-eye-ca-250g-uruguay\/","name":"RIB EYE *ca. 300g Uruguay &#8211; Augenweide","isPartOf":{"@id":"https:\/\/augenweide.wien\/#website"},"primaryImageOfPage":{"@id":"https:\/\/augenweide.wien\/en\/product\/rib-eye-ca-250g-uruguay\/#primaryimage"},"image":{"@id":"https:\/\/augenweide.wien\/en\/product\/rib-eye-ca-250g-uruguay\/#primaryimage"},"thumbnailUrl":"https:\/\/augenweide.wien\/wp-content\/uploads\/2024\/03\/20240326_LTG_Augenweide-SteakscEugenKarlcreates-72DPI-42-scaled-e1718288361425.jpg","datePublished":"2024-03-28T15:31:14+00:00","dateModified":"2025-10-28T09:36:40+00:00","breadcrumb":{"@id":"https:\/\/augenweide.wien\/en\/product\/rib-eye-ca-250g-uruguay\/#breadcrumb"},"inLanguage":"en-US","potentialAction":[{"@type":"ReadAction","target":["https:\/\/augenweide.wien\/en\/product\/rib-eye-ca-250g-uruguay\/"]}]},{"@type":"ImageObject","inLanguage":"en-US","@id":"https:\/\/augenweide.wien\/en\/product\/rib-eye-ca-250g-uruguay\/#primaryimage","url":"https:\/\/augenweide.wien\/wp-content\/uploads\/2024\/03\/20240326_LTG_Augenweide-SteakscEugenKarlcreates-72DPI-42-scaled-e1718288361425.jpg","contentUrl":"https:\/\/augenweide.wien\/wp-content\/uploads\/2024\/03\/20240326_LTG_Augenweide-SteakscEugenKarlcreates-72DPI-42-scaled-e1718288361425.jpg","width":2560,"height":1707},{"@type":"BreadcrumbList","@id":"https:\/\/augenweide.wien\/en\/product\/rib-eye-ca-250g-uruguay\/#breadcrumb","itemListElement":[{"@type":"ListItem","position":1,"name":"Home","item":"https:\/\/augenweide.wien\/"},{"@type":"ListItem","position":2,"name":"RIB EYE *ca. 300g Uruguay"}]},{"@type":"WebSite","@id":"https:\/\/augenweide.wien\/en\/#website","url":"https:\/\/augenweide.wien\/en\/","name":"Augenweide","description":"","potentialAction":[{"@type":"SearchAction","target":{"@type":"EntryPoint","urlTemplate":"https:\/\/augenweide.wien\/en\/?s={search_term_string}"},"query-input":{"@type":"PropertyValueSpecification","valueRequired":true,"valueName":"search_term_string"}}],"inLanguage":"en-US"}]}},"_links":{"self":[{"href":"https:\/\/augenweide.wien\/en\/wp-json\/wp\/v2\/product\/3218","targetHints":{"allow":["GET"]}}],"collection":[{"href":"https:\/\/augenweide.wien\/en\/wp-json\/wp\/v2\/product"}],"about":[{"href":"https:\/\/augenweide.wien\/en\/wp-json\/wp\/v2\/types\/product"}],"replies":[{"embeddable":true,"href":"https:\/\/augenweide.wien\/en\/wp-json\/wp\/v2\/comments?post=3218"}],"version-history":[{"count":3,"href":"https:\/\/augenweide.wien\/en\/wp-json\/wp\/v2\/product\/3218\/revisions"}],"predecessor-version":[{"id":5756,"href":"https:\/\/augenweide.wien\/en\/wp-json\/wp\/v2\/product\/3218\/revisions\/5756"}],"wp:featuredmedia":[{"embeddable":true,"href":"https:\/\/augenweide.wien\/en\/wp-json\/wp\/v2\/media\/4395"}],"wp:attachment":[{"href":"https:\/\/augenweide.wien\/en\/wp-json\/wp\/v2\/media?parent=3218"}],"wp:term":[{"taxonomy":"product_brand","embeddable":true,"href":"https:\/\/augenweide.wien\/en\/wp-json\/wp\/v2\/product_brand?post=3218"},{"taxonomy":"product_cat","embeddable":true,"href":"https:\/\/augenweide.wien\/en\/wp-json\/wp\/v2\/product_cat?post=3218"},{"taxonomy":"product_tag","embeddable":true,"href":"https:\/\/augenweide.wien\/en\/wp-json\/wp\/v2\/product_tag?post=3218"}],"curies":[{"name":"wp","href":"https:\/\/api.w.org\/{rel}","templated":true}]}}