{"id":3228,"date":"2024-03-28T16:47:58","date_gmt":"2024-03-28T15:47:58","guid":{"rendered":"https:\/\/augenweide.wien\/product\/\/"},"modified":"2026-01-26T16:57:42","modified_gmt":"2026-01-26T15:57:42","slug":"wagyu-striploin-a5-australien-pro-50g","status":"publish","type":"product","link":"https:\/\/augenweide.wien\/en\/product\/wagyu-striploin-a5-australien-pro-50g\/","title":{"rendered":"WAGYU STRIPLOIN  australien"},"content":{"rendered":"<p>Um ein sch\u00f6nes St\u00fcck Fleisch schneiden zu k\u00f6nnen, besteht eine Mindestbestellmenge von 200g.<\/p>\n<p>Wir empfehlen hierzu ein Glas von der Wiener Trilogie (Rotwein) vom Weingut Wieninger oder ein Glas Chardonnay vom Weingut Mad. Diese Weine erg\u00e4nzen die kr\u00e4ftigen und reichen Aromen von Steak und sorgen f\u00fcr ein ausgewogenes Geschmackserlebnis.<\/p>\n<p>&nbsp;<\/p>\n","protected":false},"excerpt":{"rendered":"<p>K\u00f6nigsklasse des Steaks. Nachzucht der ber\u00fchmten, seltenen Rinderrasse aus Kobe. Fleisch zeichnet sich durch eine sehr feine Fett-Marmorierung aus.<\/p>\n","protected":false},"featured_media":4392,"comment_status":"closed","ping_status":"closed","template":"","meta":[],"product_brand":[],"product_cat":[113],"product_tag":[],"class_list":{"0":"post-3228","1":"product","2":"type-product","3":"status-publish","4":"has-post-thumbnail","6":"product_cat-steaks-cuts","8":"first","9":"instock","10":"shipping-taxable","11":"product-type-simple"},"acf":[],"yoast_head":"<!-- This site is optimized with the Yoast SEO plugin v27.4 - https:\/\/yoast.com\/product\/yoast-seo-wordpress\/ -->\n<title>WAGYU STRIPLOIN  australien<\/title>\n<meta name=\"description\" content=\"K\u00f6nigsklasse des Steaks. Nachzucht der ber\u00fchmten, seltenen Rinderrasse aus Kobe. Fleisch zeichnet sich durch eine sehr feine Fett-Marmorierung aus.\" \/>\n<meta name=\"robots\" content=\"index, follow, max-snippet:-1, max-image-preview:large, max-video-preview:-1\" \/>\n<link rel=\"canonical\" href=\"http:\/\/K\u00f6nigsklasse%20des%20Steaks.%20Nachzucht%20der%20ber\u00fchmten,%20seltenen%20Rinderrasse%20aus%20Kobe.%20Fleisch%20zeichnet%20sich%20durch%20eine%20sehr%20feine%20Fett-Marmorierung%20aus.\" \/>\n<meta property=\"og:locale\" content=\"en_US\" \/>\n<meta property=\"og:type\" content=\"article\" \/>\n<meta property=\"og:title\" content=\"WAGYU STRIPLOIN  australien\" \/>\n<meta property=\"og:description\" content=\"K\u00f6nigsklasse des Steaks. Nachzucht der ber\u00fchmten, seltenen Rinderrasse aus Kobe. Fleisch zeichnet sich durch eine sehr feine Fett-Marmorierung aus.\" \/>\n<meta property=\"og:url\" content=\"https:\/\/augenweide.wien\/en\/product\/wagyu-striploin-a5-australien-pro-50g\/\" \/>\n<meta property=\"og:site_name\" content=\"Augenweide\" \/>\n<meta property=\"article:modified_time\" content=\"2026-01-26T15:57:42+00:00\" \/>\n<meta property=\"og:image\" content=\"https:\/\/augenweide.wien\/wp-content\/uploads\/2024\/03\/20240326_LTG_Augenweide-SteakscEugenKarlcreates-72DPI-49-scaled.jpg\" \/>\n\t<meta property=\"og:image:width\" content=\"2560\" \/>\n\t<meta property=\"og:image:height\" content=\"1707\" \/>\n\t<meta property=\"og:image:type\" content=\"image\/jpeg\" \/>\n<meta name=\"twitter:card\" content=\"summary_large_image\" \/>\n<meta name=\"twitter:label1\" content=\"Est. reading time\" \/>\n\t<meta name=\"twitter:data1\" content=\"1 minute\" \/>\n<script type=\"application\/ld+json\" class=\"yoast-schema-graph\">{\"@context\":\"https:\\\/\\\/schema.org\",\"@graph\":[{\"@type\":\"WebPage\",\"@id\":\"https:\\\/\\\/augenweide.wien\\\/en\\\/product\\\/wagyu-striploin-a5-australien-pro-50g\\\/\",\"url\":\"https:\\\/\\\/augenweide.wien\\\/en\\\/product\\\/wagyu-striploin-a5-australien-pro-50g\\\/\",\"name\":\"WAGYU STRIPLOIN australien &#8211; Augenweide\",\"isPartOf\":{\"@id\":\"https:\\\/\\\/augenweide.wien\\\/#website\"},\"primaryImageOfPage\":{\"@id\":\"https:\\\/\\\/augenweide.wien\\\/en\\\/product\\\/wagyu-striploin-a5-australien-pro-50g\\\/#primaryimage\"},\"image\":{\"@id\":\"https:\\\/\\\/augenweide.wien\\\/en\\\/product\\\/wagyu-striploin-a5-australien-pro-50g\\\/#primaryimage\"},\"thumbnailUrl\":\"https:\\\/\\\/augenweide.wien\\\/wp-content\\\/uploads\\\/2024\\\/03\\\/20240326_LTG_Augenweide-SteakscEugenKarlcreates-72DPI-49-scaled.jpg\",\"datePublished\":\"2024-03-28T15:47:58+00:00\",\"dateModified\":\"2026-01-26T15:57:42+00:00\",\"breadcrumb\":{\"@id\":\"https:\\\/\\\/augenweide.wien\\\/en\\\/product\\\/wagyu-striploin-a5-australien-pro-50g\\\/#breadcrumb\"},\"inLanguage\":\"en-US\",\"potentialAction\":[{\"@type\":\"ReadAction\",\"target\":[\"https:\\\/\\\/augenweide.wien\\\/en\\\/product\\\/wagyu-striploin-a5-australien-pro-50g\\\/\"]}]},{\"@type\":\"ImageObject\",\"inLanguage\":\"en-US\",\"@id\":\"https:\\\/\\\/augenweide.wien\\\/en\\\/product\\\/wagyu-striploin-a5-australien-pro-50g\\\/#primaryimage\",\"url\":\"https:\\\/\\\/augenweide.wien\\\/wp-content\\\/uploads\\\/2024\\\/03\\\/20240326_LTG_Augenweide-SteakscEugenKarlcreates-72DPI-49-scaled.jpg\",\"contentUrl\":\"https:\\\/\\\/augenweide.wien\\\/wp-content\\\/uploads\\\/2024\\\/03\\\/20240326_LTG_Augenweide-SteakscEugenKarlcreates-72DPI-49-scaled.jpg\",\"width\":2560,\"height\":1707},{\"@type\":\"BreadcrumbList\",\"@id\":\"https:\\\/\\\/augenweide.wien\\\/en\\\/product\\\/wagyu-striploin-a5-australien-pro-50g\\\/#breadcrumb\",\"itemListElement\":[{\"@type\":\"ListItem\",\"position\":1,\"name\":\"Home\",\"item\":\"https:\\\/\\\/augenweide.wien\\\/\"},{\"@type\":\"ListItem\",\"position\":2,\"name\":\"WAGYU STRIPLOIN australien\"}]},{\"@type\":\"WebSite\",\"@id\":\"https:\\\/\\\/augenweide.wien\\\/en\\\/#website\",\"url\":\"https:\\\/\\\/augenweide.wien\\\/en\\\/\",\"name\":\"Augenweide\",\"description\":\"\",\"potentialAction\":[{\"@type\":\"SearchAction\",\"target\":{\"@type\":\"EntryPoint\",\"urlTemplate\":\"https:\\\/\\\/augenweide.wien\\\/en\\\/?s={search_term_string}\"},\"query-input\":{\"@type\":\"PropertyValueSpecification\",\"valueRequired\":true,\"valueName\":\"search_term_string\"}}],\"inLanguage\":\"en-US\"}]}<\/script>\n<!-- \/ Yoast SEO plugin. -->","yoast_head_json":{"title":"WAGYU STRIPLOIN  australien","description":"K\u00f6nigsklasse des Steaks. Nachzucht der ber\u00fchmten, seltenen Rinderrasse aus Kobe. Fleisch zeichnet sich durch eine sehr feine Fett-Marmorierung aus.","robots":{"index":"index","follow":"follow","max-snippet":"max-snippet:-1","max-image-preview":"max-image-preview:large","max-video-preview":"max-video-preview:-1"},"canonical":"K\u00f6nigsklasse des Steaks. Nachzucht der ber\u00fchmten, seltenen Rinderrasse aus Kobe. Fleisch zeichnet sich durch eine sehr feine Fett-Marmorierung aus.","og_locale":"en_US","og_type":"article","og_title":"WAGYU STRIPLOIN  australien","og_description":"K\u00f6nigsklasse des Steaks. Nachzucht der ber\u00fchmten, seltenen Rinderrasse aus Kobe. Fleisch zeichnet sich durch eine sehr feine Fett-Marmorierung aus.","og_url":"https:\/\/augenweide.wien\/en\/product\/wagyu-striploin-a5-australien-pro-50g\/","og_site_name":"Augenweide","article_modified_time":"2026-01-26T15:57:42+00:00","og_image":[{"width":2560,"height":1707,"url":"https:\/\/augenweide.wien\/wp-content\/uploads\/2024\/03\/20240326_LTG_Augenweide-SteakscEugenKarlcreates-72DPI-49-scaled.jpg","type":"image\/jpeg"}],"twitter_card":"summary_large_image","twitter_misc":{"Est. reading time":"1 minute"},"schema":{"@context":"https:\/\/schema.org","@graph":[{"@type":"WebPage","@id":"https:\/\/augenweide.wien\/en\/product\/wagyu-striploin-a5-australien-pro-50g\/","url":"https:\/\/augenweide.wien\/en\/product\/wagyu-striploin-a5-australien-pro-50g\/","name":"WAGYU STRIPLOIN australien &#8211; Augenweide","isPartOf":{"@id":"https:\/\/augenweide.wien\/#website"},"primaryImageOfPage":{"@id":"https:\/\/augenweide.wien\/en\/product\/wagyu-striploin-a5-australien-pro-50g\/#primaryimage"},"image":{"@id":"https:\/\/augenweide.wien\/en\/product\/wagyu-striploin-a5-australien-pro-50g\/#primaryimage"},"thumbnailUrl":"https:\/\/augenweide.wien\/wp-content\/uploads\/2024\/03\/20240326_LTG_Augenweide-SteakscEugenKarlcreates-72DPI-49-scaled.jpg","datePublished":"2024-03-28T15:47:58+00:00","dateModified":"2026-01-26T15:57:42+00:00","breadcrumb":{"@id":"https:\/\/augenweide.wien\/en\/product\/wagyu-striploin-a5-australien-pro-50g\/#breadcrumb"},"inLanguage":"en-US","potentialAction":[{"@type":"ReadAction","target":["https:\/\/augenweide.wien\/en\/product\/wagyu-striploin-a5-australien-pro-50g\/"]}]},{"@type":"ImageObject","inLanguage":"en-US","@id":"https:\/\/augenweide.wien\/en\/product\/wagyu-striploin-a5-australien-pro-50g\/#primaryimage","url":"https:\/\/augenweide.wien\/wp-content\/uploads\/2024\/03\/20240326_LTG_Augenweide-SteakscEugenKarlcreates-72DPI-49-scaled.jpg","contentUrl":"https:\/\/augenweide.wien\/wp-content\/uploads\/2024\/03\/20240326_LTG_Augenweide-SteakscEugenKarlcreates-72DPI-49-scaled.jpg","width":2560,"height":1707},{"@type":"BreadcrumbList","@id":"https:\/\/augenweide.wien\/en\/product\/wagyu-striploin-a5-australien-pro-50g\/#breadcrumb","itemListElement":[{"@type":"ListItem","position":1,"name":"Home","item":"https:\/\/augenweide.wien\/"},{"@type":"ListItem","position":2,"name":"WAGYU STRIPLOIN australien"}]},{"@type":"WebSite","@id":"https:\/\/augenweide.wien\/en\/#website","url":"https:\/\/augenweide.wien\/en\/","name":"Augenweide","description":"","potentialAction":[{"@type":"SearchAction","target":{"@type":"EntryPoint","urlTemplate":"https:\/\/augenweide.wien\/en\/?s={search_term_string}"},"query-input":{"@type":"PropertyValueSpecification","valueRequired":true,"valueName":"search_term_string"}}],"inLanguage":"en-US"}]}},"_links":{"self":[{"href":"https:\/\/augenweide.wien\/en\/wp-json\/wp\/v2\/product\/3228","targetHints":{"allow":["GET"]}}],"collection":[{"href":"https:\/\/augenweide.wien\/en\/wp-json\/wp\/v2\/product"}],"about":[{"href":"https:\/\/augenweide.wien\/en\/wp-json\/wp\/v2\/types\/product"}],"replies":[{"embeddable":true,"href":"https:\/\/augenweide.wien\/en\/wp-json\/wp\/v2\/comments?post=3228"}],"version-history":[{"count":10,"href":"https:\/\/augenweide.wien\/en\/wp-json\/wp\/v2\/product\/3228\/revisions"}],"predecessor-version":[{"id":6766,"href":"https:\/\/augenweide.wien\/en\/wp-json\/wp\/v2\/product\/3228\/revisions\/6766"}],"wp:featuredmedia":[{"embeddable":true,"href":"https:\/\/augenweide.wien\/en\/wp-json\/wp\/v2\/media\/4392"}],"wp:attachment":[{"href":"https:\/\/augenweide.wien\/en\/wp-json\/wp\/v2\/media?parent=3228"}],"wp:term":[{"taxonomy":"product_brand","embeddable":true,"href":"https:\/\/augenweide.wien\/en\/wp-json\/wp\/v2\/product_brand?post=3228"},{"taxonomy":"product_cat","embeddable":true,"href":"https:\/\/augenweide.wien\/en\/wp-json\/wp\/v2\/product_cat?post=3228"},{"taxonomy":"product_tag","embeddable":true,"href":"https:\/\/augenweide.wien\/en\/wp-json\/wp\/v2\/product_tag?post=3228"}],"curies":[{"name":"wp","href":"https:\/\/api.w.org\/{rel}","templated":true}]}}