{"id":3249,"date":"2024-03-30T14:05:36","date_gmt":"2024-03-30T13:05:36","guid":{"rendered":"https:\/\/augenweide.wien\/product\/\/"},"modified":"2025-01-28T13:58:46","modified_gmt":"2025-01-28T12:58:46","slug":"tomahawk-australien-pro-100g","status":"publish","type":"product","link":"https:\/\/augenweide.wien\/en\/product\/tomahawk-australien-pro-100g\/","title":{"rendered":"TOMAHAWK *aus #(INHOUSE IM DRY-AGER GEREIFT)"},"content":{"rendered":"<p>Hierzu empfehlen wir einen kr\u00e4ftigen Rotwein wie z.B. Anna-Christina &#8220;Ried B\u00e4rnreisser&#8221; 1. \u00d6TW vom Weingut Netzl oder einen vollmundigen Wei\u00dfwein wie den Chardonnay vom Weingut Darscho.<\/p>\n<p>Diese Weine erg\u00e4nzen die kr\u00e4ftigen und reichen Aromen von Steak und sorgen f\u00fcr ein ausgewogenes Geschmackserlebnis.<\/p>\n<p>Unsere Cuts werden in unserem hauseigenen Dry Ager gereift. So erhalten sie ihren k\u00f6stlich nussbuttrigen Geschmack.<\/p>\n<p>Gerne informiert Sie Ihr\/e ServicemitarbeiterIn \u00fcber die heute verf\u00fcgbaren Gr\u00f6\u00dfen der Cuts.<\/p>\n","protected":false},"excerpt":{"rendered":"<p>Gr\u00f6\u00dferes Cut aus dem vorderen R\u00fccken, zwischen der achten und zw\u00f6lften Rippe entnommen.<\/p>\n","protected":false},"featured_media":4391,"comment_status":"closed","ping_status":"closed","template":"","meta":[],"product_brand":[],"product_cat":[140],"product_tag":[],"class_list":{"0":"post-3249","1":"product","2":"type-product","3":"status-publish","4":"has-post-thumbnail","6":"product_cat-international-klassiker-zum-teilen","8":"first","9":"instock","10":"shipping-taxable","11":"product-type-simple"},"acf":[],"yoast_head":"<!-- This site is optimized with the Yoast SEO plugin v27.3 - https:\/\/yoast.com\/product\/yoast-seo-wordpress\/ -->\n<title>TOMAHAWK *aus #(INHOUSE IM DRY-AGER GEREIFT)<\/title>\n<meta name=\"description\" content=\"Gr\u00f6\u00dferes Cut aus dem vorderen R\u00fccken, zwischen der achten und zw\u00f6lften Rippe entnommen.\" \/>\n<meta name=\"robots\" content=\"index, follow, max-snippet:-1, max-image-preview:large, max-video-preview:-1\" \/>\n<link rel=\"canonical\" href=\"http:\/\/Gr\u00f6\u00dferes%20Cut%20aus%20dem%20vorderen%20R\u00fccken,%20zwischen%20der%20achten%20und%20zw\u00f6lften%20Rippe%20entnommen.\" \/>\n<meta property=\"og:locale\" content=\"en_US\" \/>\n<meta property=\"og:type\" content=\"article\" \/>\n<meta property=\"og:title\" content=\"TOMAHAWK *aus #(INHOUSE IM DRY-AGER GEREIFT)\" \/>\n<meta property=\"og:description\" content=\"Gr\u00f6\u00dferes Cut aus dem vorderen R\u00fccken, zwischen der achten und zw\u00f6lften Rippe entnommen.\" \/>\n<meta property=\"og:url\" content=\"https:\/\/augenweide.wien\/en\/product\/tomahawk-australien-pro-100g\/\" \/>\n<meta property=\"og:site_name\" content=\"Augenweide\" \/>\n<meta property=\"article:modified_time\" content=\"2025-01-28T12:58:46+00:00\" \/>\n<meta property=\"og:image\" content=\"https:\/\/augenweide.wien\/wp-content\/uploads\/2024\/03\/20240326_LTG_Augenweide-SteakscEugenKarlcreates-72DPI-12-scaled.jpg\" \/>\n\t<meta property=\"og:image:width\" content=\"1707\" \/>\n\t<meta property=\"og:image:height\" content=\"2560\" \/>\n\t<meta property=\"og:image:type\" content=\"image\/jpeg\" \/>\n<meta name=\"twitter:card\" content=\"summary_large_image\" \/>\n<meta name=\"twitter:label1\" content=\"Est. reading time\" \/>\n\t<meta name=\"twitter:data1\" content=\"1 minute\" \/>\n<script type=\"application\/ld+json\" class=\"yoast-schema-graph\">{\"@context\":\"https:\\\/\\\/schema.org\",\"@graph\":[{\"@type\":\"WebPage\",\"@id\":\"https:\\\/\\\/augenweide.wien\\\/en\\\/product\\\/tomahawk-australien-pro-100g\\\/\",\"url\":\"https:\\\/\\\/augenweide.wien\\\/en\\\/product\\\/tomahawk-australien-pro-100g\\\/\",\"name\":\"TOMAHAWK *aus #(INHOUSE IM DRY-AGER GEREIFT) &#8211; Augenweide\",\"isPartOf\":{\"@id\":\"https:\\\/\\\/augenweide.wien\\\/#website\"},\"primaryImageOfPage\":{\"@id\":\"https:\\\/\\\/augenweide.wien\\\/en\\\/product\\\/tomahawk-australien-pro-100g\\\/#primaryimage\"},\"image\":{\"@id\":\"https:\\\/\\\/augenweide.wien\\\/en\\\/product\\\/tomahawk-australien-pro-100g\\\/#primaryimage\"},\"thumbnailUrl\":\"https:\\\/\\\/augenweide.wien\\\/wp-content\\\/uploads\\\/2024\\\/03\\\/20240326_LTG_Augenweide-SteakscEugenKarlcreates-72DPI-12-scaled.jpg\",\"datePublished\":\"2024-03-30T13:05:36+00:00\",\"dateModified\":\"2025-01-28T12:58:46+00:00\",\"breadcrumb\":{\"@id\":\"https:\\\/\\\/augenweide.wien\\\/en\\\/product\\\/tomahawk-australien-pro-100g\\\/#breadcrumb\"},\"inLanguage\":\"en-US\",\"potentialAction\":[{\"@type\":\"ReadAction\",\"target\":[\"https:\\\/\\\/augenweide.wien\\\/en\\\/product\\\/tomahawk-australien-pro-100g\\\/\"]}]},{\"@type\":\"ImageObject\",\"inLanguage\":\"en-US\",\"@id\":\"https:\\\/\\\/augenweide.wien\\\/en\\\/product\\\/tomahawk-australien-pro-100g\\\/#primaryimage\",\"url\":\"https:\\\/\\\/augenweide.wien\\\/wp-content\\\/uploads\\\/2024\\\/03\\\/20240326_LTG_Augenweide-SteakscEugenKarlcreates-72DPI-12-scaled.jpg\",\"contentUrl\":\"https:\\\/\\\/augenweide.wien\\\/wp-content\\\/uploads\\\/2024\\\/03\\\/20240326_LTG_Augenweide-SteakscEugenKarlcreates-72DPI-12-scaled.jpg\",\"width\":1707,\"height\":2560},{\"@type\":\"BreadcrumbList\",\"@id\":\"https:\\\/\\\/augenweide.wien\\\/en\\\/product\\\/tomahawk-australien-pro-100g\\\/#breadcrumb\",\"itemListElement\":[{\"@type\":\"ListItem\",\"position\":1,\"name\":\"Home\",\"item\":\"https:\\\/\\\/augenweide.wien\\\/\"},{\"@type\":\"ListItem\",\"position\":2,\"name\":\"TOMAHAWK *aus #(INHOUSE IM DRY-AGER GEREIFT)\"}]},{\"@type\":\"WebSite\",\"@id\":\"https:\\\/\\\/augenweide.wien\\\/en\\\/#website\",\"url\":\"https:\\\/\\\/augenweide.wien\\\/en\\\/\",\"name\":\"Augenweide\",\"description\":\"\",\"potentialAction\":[{\"@type\":\"SearchAction\",\"target\":{\"@type\":\"EntryPoint\",\"urlTemplate\":\"https:\\\/\\\/augenweide.wien\\\/en\\\/?s={search_term_string}\"},\"query-input\":{\"@type\":\"PropertyValueSpecification\",\"valueRequired\":true,\"valueName\":\"search_term_string\"}}],\"inLanguage\":\"en-US\"}]}<\/script>\n<!-- \/ Yoast SEO plugin. -->","yoast_head_json":{"title":"TOMAHAWK *aus #(INHOUSE IM DRY-AGER GEREIFT)","description":"Gr\u00f6\u00dferes Cut aus dem vorderen R\u00fccken, zwischen der achten und zw\u00f6lften Rippe entnommen.","robots":{"index":"index","follow":"follow","max-snippet":"max-snippet:-1","max-image-preview":"max-image-preview:large","max-video-preview":"max-video-preview:-1"},"canonical":"Gr\u00f6\u00dferes Cut aus dem vorderen R\u00fccken, zwischen der achten und zw\u00f6lften Rippe entnommen.","og_locale":"en_US","og_type":"article","og_title":"TOMAHAWK *aus #(INHOUSE IM DRY-AGER GEREIFT)","og_description":"Gr\u00f6\u00dferes Cut aus dem vorderen R\u00fccken, zwischen der achten und zw\u00f6lften Rippe entnommen.","og_url":"https:\/\/augenweide.wien\/en\/product\/tomahawk-australien-pro-100g\/","og_site_name":"Augenweide","article_modified_time":"2025-01-28T12:58:46+00:00","og_image":[{"width":1707,"height":2560,"url":"https:\/\/augenweide.wien\/wp-content\/uploads\/2024\/03\/20240326_LTG_Augenweide-SteakscEugenKarlcreates-72DPI-12-scaled.jpg","type":"image\/jpeg"}],"twitter_card":"summary_large_image","twitter_misc":{"Est. reading time":"1 minute"},"schema":{"@context":"https:\/\/schema.org","@graph":[{"@type":"WebPage","@id":"https:\/\/augenweide.wien\/en\/product\/tomahawk-australien-pro-100g\/","url":"https:\/\/augenweide.wien\/en\/product\/tomahawk-australien-pro-100g\/","name":"TOMAHAWK *aus #(INHOUSE IM DRY-AGER GEREIFT) &#8211; Augenweide","isPartOf":{"@id":"https:\/\/augenweide.wien\/#website"},"primaryImageOfPage":{"@id":"https:\/\/augenweide.wien\/en\/product\/tomahawk-australien-pro-100g\/#primaryimage"},"image":{"@id":"https:\/\/augenweide.wien\/en\/product\/tomahawk-australien-pro-100g\/#primaryimage"},"thumbnailUrl":"https:\/\/augenweide.wien\/wp-content\/uploads\/2024\/03\/20240326_LTG_Augenweide-SteakscEugenKarlcreates-72DPI-12-scaled.jpg","datePublished":"2024-03-30T13:05:36+00:00","dateModified":"2025-01-28T12:58:46+00:00","breadcrumb":{"@id":"https:\/\/augenweide.wien\/en\/product\/tomahawk-australien-pro-100g\/#breadcrumb"},"inLanguage":"en-US","potentialAction":[{"@type":"ReadAction","target":["https:\/\/augenweide.wien\/en\/product\/tomahawk-australien-pro-100g\/"]}]},{"@type":"ImageObject","inLanguage":"en-US","@id":"https:\/\/augenweide.wien\/en\/product\/tomahawk-australien-pro-100g\/#primaryimage","url":"https:\/\/augenweide.wien\/wp-content\/uploads\/2024\/03\/20240326_LTG_Augenweide-SteakscEugenKarlcreates-72DPI-12-scaled.jpg","contentUrl":"https:\/\/augenweide.wien\/wp-content\/uploads\/2024\/03\/20240326_LTG_Augenweide-SteakscEugenKarlcreates-72DPI-12-scaled.jpg","width":1707,"height":2560},{"@type":"BreadcrumbList","@id":"https:\/\/augenweide.wien\/en\/product\/tomahawk-australien-pro-100g\/#breadcrumb","itemListElement":[{"@type":"ListItem","position":1,"name":"Home","item":"https:\/\/augenweide.wien\/"},{"@type":"ListItem","position":2,"name":"TOMAHAWK *aus #(INHOUSE IM DRY-AGER GEREIFT)"}]},{"@type":"WebSite","@id":"https:\/\/augenweide.wien\/en\/#website","url":"https:\/\/augenweide.wien\/en\/","name":"Augenweide","description":"","potentialAction":[{"@type":"SearchAction","target":{"@type":"EntryPoint","urlTemplate":"https:\/\/augenweide.wien\/en\/?s={search_term_string}"},"query-input":{"@type":"PropertyValueSpecification","valueRequired":true,"valueName":"search_term_string"}}],"inLanguage":"en-US"}]}},"_links":{"self":[{"href":"https:\/\/augenweide.wien\/en\/wp-json\/wp\/v2\/product\/3249","targetHints":{"allow":["GET"]}}],"collection":[{"href":"https:\/\/augenweide.wien\/en\/wp-json\/wp\/v2\/product"}],"about":[{"href":"https:\/\/augenweide.wien\/en\/wp-json\/wp\/v2\/types\/product"}],"replies":[{"embeddable":true,"href":"https:\/\/augenweide.wien\/en\/wp-json\/wp\/v2\/comments?post=3249"}],"version-history":[{"count":10,"href":"https:\/\/augenweide.wien\/en\/wp-json\/wp\/v2\/product\/3249\/revisions"}],"predecessor-version":[{"id":4961,"href":"https:\/\/augenweide.wien\/en\/wp-json\/wp\/v2\/product\/3249\/revisions\/4961"}],"wp:featuredmedia":[{"embeddable":true,"href":"https:\/\/augenweide.wien\/en\/wp-json\/wp\/v2\/media\/4391"}],"wp:attachment":[{"href":"https:\/\/augenweide.wien\/en\/wp-json\/wp\/v2\/media?parent=3249"}],"wp:term":[{"taxonomy":"product_brand","embeddable":true,"href":"https:\/\/augenweide.wien\/en\/wp-json\/wp\/v2\/product_brand?post=3249"},{"taxonomy":"product_cat","embeddable":true,"href":"https:\/\/augenweide.wien\/en\/wp-json\/wp\/v2\/product_cat?post=3249"},{"taxonomy":"product_tag","embeddable":true,"href":"https:\/\/augenweide.wien\/en\/wp-json\/wp\/v2\/product_tag?post=3249"}],"curies":[{"name":"wp","href":"https:\/\/api.w.org\/{rel}","templated":true}]}}