{"id":3295,"date":"2024-03-30T15:23:34","date_gmt":"2024-03-30T14:23:34","guid":{"rendered":"https:\/\/augenweide.wien\/product\/\/"},"modified":"2026-04-18T19:41:11","modified_gmt":"2026-04-18T17:41:11","slug":"grillgemuese-gl","status":"publish","type":"product","link":"https:\/\/augenweide.wien\/en\/product\/grillgemuese-gl\/","title":{"rendered":"Grillgem\u00fcse"},"content":{"rendered":"","protected":false},"excerpt":{"rendered":"<p>Paprika, gr\u00fcne Bohnen<\/p>\n","protected":false},"featured_media":0,"comment_status":"closed","ping_status":"closed","template":"","meta":[],"product_brand":[],"product_cat":[117],"product_tag":[],"class_list":{"0":"post-3295","1":"product","2":"type-product","3":"status-publish","5":"product_cat-beilagen","7":"first","8":"instock","9":"shipping-taxable","10":"purchasable","11":"product-type-simple"},"acf":[],"yoast_head":"<!-- This site is optimized with the Yoast SEO plugin v27.4 - https:\/\/yoast.com\/product\/yoast-seo-wordpress\/ -->\n<title>Grillgem\u00fcse<\/title>\n<meta name=\"description\" content=\"Paprika, gr\u00fcne Bohnen\" \/>\n<meta name=\"robots\" content=\"index, follow, max-snippet:-1, max-image-preview:large, max-video-preview:-1\" \/>\n<link rel=\"canonical\" href=\"http:\/\/Paprika,%20gr\u00fcne%20Bohnen\" \/>\n<meta property=\"og:locale\" content=\"en_US\" \/>\n<meta property=\"og:type\" content=\"article\" \/>\n<meta property=\"og:title\" content=\"Grillgem\u00fcse\" \/>\n<meta property=\"og:description\" content=\"Paprika, gr\u00fcne Bohnen\" \/>\n<meta property=\"og:url\" content=\"https:\/\/augenweide.wien\/en\/product\/grillgemuese-gl\/\" \/>\n<meta property=\"og:site_name\" content=\"Augenweide\" \/>\n<meta property=\"article:modified_time\" content=\"2026-04-18T17:41:11+00:00\" \/>\n<meta name=\"twitter:card\" content=\"summary_large_image\" \/>\n<script type=\"application\/ld+json\" class=\"yoast-schema-graph\">{\"@context\":\"https:\\\/\\\/schema.org\",\"@graph\":[{\"@type\":\"WebPage\",\"@id\":\"https:\\\/\\\/augenweide.wien\\\/en\\\/product\\\/grillgemuese-gl\\\/\",\"url\":\"https:\\\/\\\/augenweide.wien\\\/en\\\/product\\\/grillgemuese-gl\\\/\",\"name\":\"Grillgem\u00fcse &#8211; Augenweide\",\"isPartOf\":{\"@id\":\"https:\\\/\\\/augenweide.wien\\\/#website\"},\"datePublished\":\"2024-03-30T14:23:34+00:00\",\"dateModified\":\"2026-04-18T17:41:11+00:00\",\"breadcrumb\":{\"@id\":\"https:\\\/\\\/augenweide.wien\\\/en\\\/product\\\/grillgemuese-gl\\\/#breadcrumb\"},\"inLanguage\":\"en-US\",\"potentialAction\":[{\"@type\":\"ReadAction\",\"target\":[\"https:\\\/\\\/augenweide.wien\\\/en\\\/product\\\/grillgemuese-gl\\\/\"]}]},{\"@type\":\"BreadcrumbList\",\"@id\":\"https:\\\/\\\/augenweide.wien\\\/en\\\/product\\\/grillgemuese-gl\\\/#breadcrumb\",\"itemListElement\":[{\"@type\":\"ListItem\",\"position\":1,\"name\":\"Home\",\"item\":\"https:\\\/\\\/augenweide.wien\\\/\"},{\"@type\":\"ListItem\",\"position\":2,\"name\":\"Grillgem\u00fcse\"}]},{\"@type\":\"WebSite\",\"@id\":\"https:\\\/\\\/augenweide.wien\\\/en\\\/#website\",\"url\":\"https:\\\/\\\/augenweide.wien\\\/en\\\/\",\"name\":\"Augenweide\",\"description\":\"\",\"potentialAction\":[{\"@type\":\"SearchAction\",\"target\":{\"@type\":\"EntryPoint\",\"urlTemplate\":\"https:\\\/\\\/augenweide.wien\\\/en\\\/?s={search_term_string}\"},\"query-input\":{\"@type\":\"PropertyValueSpecification\",\"valueRequired\":true,\"valueName\":\"search_term_string\"}}],\"inLanguage\":\"en-US\"}]}<\/script>\n<!-- \/ Yoast SEO plugin. -->","yoast_head_json":{"title":"Grillgem\u00fcse","description":"Paprika, gr\u00fcne Bohnen","robots":{"index":"index","follow":"follow","max-snippet":"max-snippet:-1","max-image-preview":"max-image-preview:large","max-video-preview":"max-video-preview:-1"},"canonical":"Paprika, gr\u00fcne Bohnen","og_locale":"en_US","og_type":"article","og_title":"Grillgem\u00fcse","og_description":"Paprika, gr\u00fcne Bohnen","og_url":"https:\/\/augenweide.wien\/en\/product\/grillgemuese-gl\/","og_site_name":"Augenweide","article_modified_time":"2026-04-18T17:41:11+00:00","twitter_card":"summary_large_image","schema":{"@context":"https:\/\/schema.org","@graph":[{"@type":"WebPage","@id":"https:\/\/augenweide.wien\/en\/product\/grillgemuese-gl\/","url":"https:\/\/augenweide.wien\/en\/product\/grillgemuese-gl\/","name":"Grillgem\u00fcse &#8211; Augenweide","isPartOf":{"@id":"https:\/\/augenweide.wien\/#website"},"datePublished":"2024-03-30T14:23:34+00:00","dateModified":"2026-04-18T17:41:11+00:00","breadcrumb":{"@id":"https:\/\/augenweide.wien\/en\/product\/grillgemuese-gl\/#breadcrumb"},"inLanguage":"en-US","potentialAction":[{"@type":"ReadAction","target":["https:\/\/augenweide.wien\/en\/product\/grillgemuese-gl\/"]}]},{"@type":"BreadcrumbList","@id":"https:\/\/augenweide.wien\/en\/product\/grillgemuese-gl\/#breadcrumb","itemListElement":[{"@type":"ListItem","position":1,"name":"Home","item":"https:\/\/augenweide.wien\/"},{"@type":"ListItem","position":2,"name":"Grillgem\u00fcse"}]},{"@type":"WebSite","@id":"https:\/\/augenweide.wien\/en\/#website","url":"https:\/\/augenweide.wien\/en\/","name":"Augenweide","description":"","potentialAction":[{"@type":"SearchAction","target":{"@type":"EntryPoint","urlTemplate":"https:\/\/augenweide.wien\/en\/?s={search_term_string}"},"query-input":{"@type":"PropertyValueSpecification","valueRequired":true,"valueName":"search_term_string"}}],"inLanguage":"en-US"}]}},"_links":{"self":[{"href":"https:\/\/augenweide.wien\/en\/wp-json\/wp\/v2\/product\/3295","targetHints":{"allow":["GET"]}}],"collection":[{"href":"https:\/\/augenweide.wien\/en\/wp-json\/wp\/v2\/product"}],"about":[{"href":"https:\/\/augenweide.wien\/en\/wp-json\/wp\/v2\/types\/product"}],"replies":[{"embeddable":true,"href":"https:\/\/augenweide.wien\/en\/wp-json\/wp\/v2\/comments?post=3295"}],"version-history":[{"count":4,"href":"https:\/\/augenweide.wien\/en\/wp-json\/wp\/v2\/product\/3295\/revisions"}],"predecessor-version":[{"id":7081,"href":"https:\/\/augenweide.wien\/en\/wp-json\/wp\/v2\/product\/3295\/revisions\/7081"}],"wp:attachment":[{"href":"https:\/\/augenweide.wien\/en\/wp-json\/wp\/v2\/media?parent=3295"}],"wp:term":[{"taxonomy":"product_brand","embeddable":true,"href":"https:\/\/augenweide.wien\/en\/wp-json\/wp\/v2\/product_brand?post=3295"},{"taxonomy":"product_cat","embeddable":true,"href":"https:\/\/augenweide.wien\/en\/wp-json\/wp\/v2\/product_cat?post=3295"},{"taxonomy":"product_tag","embeddable":true,"href":"https:\/\/augenweide.wien\/en\/wp-json\/wp\/v2\/product_tag?post=3295"}],"curies":[{"name":"wp","href":"https:\/\/api.w.org\/{rel}","templated":true}]}}