{"id":3327,"date":"2024-03-30T17:51:33","date_gmt":"2024-03-30T16:51:33","guid":{"rendered":"https:\/\/augenweide.wien\/product\/\/"},"modified":"2024-04-10T18:07:09","modified_gmt":"2024-04-10T16:07:09","slug":"black-bun-vegan-burger-afmn","status":"publish","type":"product","link":"https:\/\/augenweide.wien\/en\/product\/black-bun-vegan-burger-afmn\/","title":{"rendered":"BLACK BUN VEGAN BURGER #(A,M)"},"content":{"rendered":"<p>Alle unsere Burger werden mit klassischen Pommes serviert.<\/p>\n<p>Gerne k\u00f6nnen Sie nat\u00fcrlich auch S\u00fc\u00dfkartoffel-Pommes oder Parmesan-Tr\u00fcffel-Pommes dazu haben.<\/p>\n","protected":false},"excerpt":{"rendered":"<p>Quinoa-Kichererbsen-Rote Bete-Laibchen, Koriander-Mango-Chutney, Rucola<\/p>\n","protected":false},"featured_media":4348,"comment_status":"closed","ping_status":"closed","template":"","meta":[],"product_brand":[],"product_cat":[119],"product_tag":[],"class_list":{"0":"post-3327","1":"product","2":"type-product","3":"status-publish","4":"has-post-thumbnail","6":"product_cat-burger","8":"first","9":"instock","10":"shipping-taxable","11":"purchasable","12":"product-type-simple"},"acf":[],"yoast_head":"<!-- This site is optimized with the Yoast SEO plugin v27.4 - https:\/\/yoast.com\/product\/yoast-seo-wordpress\/ -->\n<title>BLACK BUN VEGAN BURGER #(A,M)<\/title>\n<meta name=\"description\" content=\"Quinoa-Kichererbsen-Rote Bete-Laibchen, Koriander-Mango-Chutney, Rucola\" \/>\n<meta name=\"robots\" content=\"index, follow, max-snippet:-1, max-image-preview:large, max-video-preview:-1\" \/>\n<link rel=\"canonical\" href=\"http:\/\/Quinoa-Kichererbsen-Rote%20Bete-Laibchen,%20Koriander-Mango-Chutney,%20Rucola\" \/>\n<meta property=\"og:locale\" content=\"en_US\" \/>\n<meta property=\"og:type\" content=\"article\" \/>\n<meta property=\"og:title\" content=\"BLACK BUN VEGAN BURGER #(A,M)\" \/>\n<meta property=\"og:description\" content=\"Quinoa-Kichererbsen-Rote Bete-Laibchen, Koriander-Mango-Chutney, Rucola\" \/>\n<meta property=\"og:url\" content=\"https:\/\/augenweide.wien\/en\/product\/black-bun-vegan-burger-afmn\/\" \/>\n<meta property=\"og:site_name\" content=\"Augenweide\" \/>\n<meta property=\"article:modified_time\" content=\"2024-04-10T16:07:09+00:00\" \/>\n<meta property=\"og:image\" content=\"https:\/\/augenweide.wien\/wp-content\/uploads\/2024\/03\/20240326_LTG_Augenweide-BurgercEugenKarlcreates-72DPI-3-scaled.jpg\" \/>\n\t<meta property=\"og:image:width\" content=\"1707\" \/>\n\t<meta property=\"og:image:height\" content=\"2560\" \/>\n\t<meta property=\"og:image:type\" content=\"image\/jpeg\" \/>\n<meta name=\"twitter:card\" content=\"summary_large_image\" \/>\n<meta name=\"twitter:label1\" content=\"Est. reading time\" \/>\n\t<meta name=\"twitter:data1\" content=\"1 minute\" \/>\n<script type=\"application\/ld+json\" class=\"yoast-schema-graph\">{\"@context\":\"https:\\\/\\\/schema.org\",\"@graph\":[{\"@type\":\"WebPage\",\"@id\":\"https:\\\/\\\/augenweide.wien\\\/en\\\/product\\\/black-bun-vegan-burger-afmn\\\/\",\"url\":\"https:\\\/\\\/augenweide.wien\\\/en\\\/product\\\/black-bun-vegan-burger-afmn\\\/\",\"name\":\"BLACK BUN VEGAN BURGER #(A,M) &#8211; Augenweide\",\"isPartOf\":{\"@id\":\"https:\\\/\\\/augenweide.wien\\\/#website\"},\"primaryImageOfPage\":{\"@id\":\"https:\\\/\\\/augenweide.wien\\\/en\\\/product\\\/black-bun-vegan-burger-afmn\\\/#primaryimage\"},\"image\":{\"@id\":\"https:\\\/\\\/augenweide.wien\\\/en\\\/product\\\/black-bun-vegan-burger-afmn\\\/#primaryimage\"},\"thumbnailUrl\":\"https:\\\/\\\/augenweide.wien\\\/wp-content\\\/uploads\\\/2024\\\/03\\\/20240326_LTG_Augenweide-BurgercEugenKarlcreates-72DPI-3-scaled.jpg\",\"datePublished\":\"2024-03-30T16:51:33+00:00\",\"dateModified\":\"2024-04-10T16:07:09+00:00\",\"breadcrumb\":{\"@id\":\"https:\\\/\\\/augenweide.wien\\\/en\\\/product\\\/black-bun-vegan-burger-afmn\\\/#breadcrumb\"},\"inLanguage\":\"en-US\",\"potentialAction\":[{\"@type\":\"ReadAction\",\"target\":[\"https:\\\/\\\/augenweide.wien\\\/en\\\/product\\\/black-bun-vegan-burger-afmn\\\/\"]}]},{\"@type\":\"ImageObject\",\"inLanguage\":\"en-US\",\"@id\":\"https:\\\/\\\/augenweide.wien\\\/en\\\/product\\\/black-bun-vegan-burger-afmn\\\/#primaryimage\",\"url\":\"https:\\\/\\\/augenweide.wien\\\/wp-content\\\/uploads\\\/2024\\\/03\\\/20240326_LTG_Augenweide-BurgercEugenKarlcreates-72DPI-3-scaled.jpg\",\"contentUrl\":\"https:\\\/\\\/augenweide.wien\\\/wp-content\\\/uploads\\\/2024\\\/03\\\/20240326_LTG_Augenweide-BurgercEugenKarlcreates-72DPI-3-scaled.jpg\",\"width\":1707,\"height\":2560},{\"@type\":\"BreadcrumbList\",\"@id\":\"https:\\\/\\\/augenweide.wien\\\/en\\\/product\\\/black-bun-vegan-burger-afmn\\\/#breadcrumb\",\"itemListElement\":[{\"@type\":\"ListItem\",\"position\":1,\"name\":\"Home\",\"item\":\"https:\\\/\\\/augenweide.wien\\\/\"},{\"@type\":\"ListItem\",\"position\":2,\"name\":\"BLACK BUN VEGAN BURGER #(A,M)\"}]},{\"@type\":\"WebSite\",\"@id\":\"https:\\\/\\\/augenweide.wien\\\/en\\\/#website\",\"url\":\"https:\\\/\\\/augenweide.wien\\\/en\\\/\",\"name\":\"Augenweide\",\"description\":\"\",\"potentialAction\":[{\"@type\":\"SearchAction\",\"target\":{\"@type\":\"EntryPoint\",\"urlTemplate\":\"https:\\\/\\\/augenweide.wien\\\/en\\\/?s={search_term_string}\"},\"query-input\":{\"@type\":\"PropertyValueSpecification\",\"valueRequired\":true,\"valueName\":\"search_term_string\"}}],\"inLanguage\":\"en-US\"}]}<\/script>\n<!-- \/ Yoast SEO plugin. -->","yoast_head_json":{"title":"BLACK BUN VEGAN BURGER #(A,M)","description":"Quinoa-Kichererbsen-Rote Bete-Laibchen, Koriander-Mango-Chutney, Rucola","robots":{"index":"index","follow":"follow","max-snippet":"max-snippet:-1","max-image-preview":"max-image-preview:large","max-video-preview":"max-video-preview:-1"},"canonical":"Quinoa-Kichererbsen-Rote Bete-Laibchen, Koriander-Mango-Chutney, Rucola","og_locale":"en_US","og_type":"article","og_title":"BLACK BUN VEGAN BURGER #(A,M)","og_description":"Quinoa-Kichererbsen-Rote Bete-Laibchen, Koriander-Mango-Chutney, Rucola","og_url":"https:\/\/augenweide.wien\/en\/product\/black-bun-vegan-burger-afmn\/","og_site_name":"Augenweide","article_modified_time":"2024-04-10T16:07:09+00:00","og_image":[{"width":1707,"height":2560,"url":"https:\/\/augenweide.wien\/wp-content\/uploads\/2024\/03\/20240326_LTG_Augenweide-BurgercEugenKarlcreates-72DPI-3-scaled.jpg","type":"image\/jpeg"}],"twitter_card":"summary_large_image","twitter_misc":{"Est. reading time":"1 minute"},"schema":{"@context":"https:\/\/schema.org","@graph":[{"@type":"WebPage","@id":"https:\/\/augenweide.wien\/en\/product\/black-bun-vegan-burger-afmn\/","url":"https:\/\/augenweide.wien\/en\/product\/black-bun-vegan-burger-afmn\/","name":"BLACK BUN VEGAN BURGER #(A,M) &#8211; Augenweide","isPartOf":{"@id":"https:\/\/augenweide.wien\/#website"},"primaryImageOfPage":{"@id":"https:\/\/augenweide.wien\/en\/product\/black-bun-vegan-burger-afmn\/#primaryimage"},"image":{"@id":"https:\/\/augenweide.wien\/en\/product\/black-bun-vegan-burger-afmn\/#primaryimage"},"thumbnailUrl":"https:\/\/augenweide.wien\/wp-content\/uploads\/2024\/03\/20240326_LTG_Augenweide-BurgercEugenKarlcreates-72DPI-3-scaled.jpg","datePublished":"2024-03-30T16:51:33+00:00","dateModified":"2024-04-10T16:07:09+00:00","breadcrumb":{"@id":"https:\/\/augenweide.wien\/en\/product\/black-bun-vegan-burger-afmn\/#breadcrumb"},"inLanguage":"en-US","potentialAction":[{"@type":"ReadAction","target":["https:\/\/augenweide.wien\/en\/product\/black-bun-vegan-burger-afmn\/"]}]},{"@type":"ImageObject","inLanguage":"en-US","@id":"https:\/\/augenweide.wien\/en\/product\/black-bun-vegan-burger-afmn\/#primaryimage","url":"https:\/\/augenweide.wien\/wp-content\/uploads\/2024\/03\/20240326_LTG_Augenweide-BurgercEugenKarlcreates-72DPI-3-scaled.jpg","contentUrl":"https:\/\/augenweide.wien\/wp-content\/uploads\/2024\/03\/20240326_LTG_Augenweide-BurgercEugenKarlcreates-72DPI-3-scaled.jpg","width":1707,"height":2560},{"@type":"BreadcrumbList","@id":"https:\/\/augenweide.wien\/en\/product\/black-bun-vegan-burger-afmn\/#breadcrumb","itemListElement":[{"@type":"ListItem","position":1,"name":"Home","item":"https:\/\/augenweide.wien\/"},{"@type":"ListItem","position":2,"name":"BLACK BUN VEGAN BURGER #(A,M)"}]},{"@type":"WebSite","@id":"https:\/\/augenweide.wien\/en\/#website","url":"https:\/\/augenweide.wien\/en\/","name":"Augenweide","description":"","potentialAction":[{"@type":"SearchAction","target":{"@type":"EntryPoint","urlTemplate":"https:\/\/augenweide.wien\/en\/?s={search_term_string}"},"query-input":{"@type":"PropertyValueSpecification","valueRequired":true,"valueName":"search_term_string"}}],"inLanguage":"en-US"}]}},"_links":{"self":[{"href":"https:\/\/augenweide.wien\/en\/wp-json\/wp\/v2\/product\/3327","targetHints":{"allow":["GET"]}}],"collection":[{"href":"https:\/\/augenweide.wien\/en\/wp-json\/wp\/v2\/product"}],"about":[{"href":"https:\/\/augenweide.wien\/en\/wp-json\/wp\/v2\/types\/product"}],"replies":[{"embeddable":true,"href":"https:\/\/augenweide.wien\/en\/wp-json\/wp\/v2\/comments?post=3327"}],"version-history":[{"count":6,"href":"https:\/\/augenweide.wien\/en\/wp-json\/wp\/v2\/product\/3327\/revisions"}],"predecessor-version":[{"id":3779,"href":"https:\/\/augenweide.wien\/en\/wp-json\/wp\/v2\/product\/3327\/revisions\/3779"}],"wp:featuredmedia":[{"embeddable":true,"href":"https:\/\/augenweide.wien\/en\/wp-json\/wp\/v2\/media\/4348"}],"wp:attachment":[{"href":"https:\/\/augenweide.wien\/en\/wp-json\/wp\/v2\/media?parent=3327"}],"wp:term":[{"taxonomy":"product_brand","embeddable":true,"href":"https:\/\/augenweide.wien\/en\/wp-json\/wp\/v2\/product_brand?post=3327"},{"taxonomy":"product_cat","embeddable":true,"href":"https:\/\/augenweide.wien\/en\/wp-json\/wp\/v2\/product_cat?post=3327"},{"taxonomy":"product_tag","embeddable":true,"href":"https:\/\/augenweide.wien\/en\/wp-json\/wp\/v2\/product_tag?post=3327"}],"curies":[{"name":"wp","href":"https:\/\/api.w.org\/{rel}","templated":true}]}}