{"id":3357,"date":"2024-03-30T19:12:46","date_gmt":"2024-03-30T18:12:46","guid":{"rendered":"https:\/\/augenweide.wien\/product\/\/"},"modified":"2024-04-10T14:25:51","modified_gmt":"2024-04-10T12:25:51","slug":"schokohaselnuss-tarte","status":"publish","type":"product","link":"https:\/\/augenweide.wien\/en\/product\/schokohaselnuss-tarte\/","title":{"rendered":"Schokohaselnuss Tarte #(a,c,g,h)"},"content":{"rendered":"<p>F\u00fcr eine Schokoladen-Haselnuss-Tarte aus \u00d6sterreich empfehlen wir einen s\u00fc\u00dfen \u00f6sterreichischen Dessertwein wie einen Beerenauslese oder einen Trockenbeerenauslese. Als Alternative k\u00f6nnen Sie auch einen starken Espresso oder einen cremigen Lik\u00f6r wie Baileys Irish Cream genie\u00dfen.<\/p>\n","protected":false},"excerpt":{"rendered":"<p>F\u00fcr eine Schokoladen-Haselnuss-Tarte aus \u00d6sterreich empfehlen wir einen s\u00fc\u00dfen \u00f6sterreichischen Dessertwein wie einen Beerenauslese oder einen Trockenbeerenauslese. Als Alternative k\u00f6nnen Sie auch einen starken Espresso oder einen cremigen Lik\u00f6r wie Baileys Irish Cream genie\u00dfen.<\/p>\n","protected":false},"featured_media":3790,"comment_status":"closed","ping_status":"closed","template":"","meta":[],"product_brand":[],"product_cat":[57],"product_tag":[],"class_list":{"0":"post-3357","1":"product","2":"type-product","3":"status-publish","4":"has-post-thumbnail","6":"product_cat-dessert","8":"first","9":"instock","10":"shipping-taxable","11":"purchasable","12":"product-type-simple"},"acf":[],"yoast_head":"<!-- This site is optimized with the Yoast SEO plugin v27.4 - https:\/\/yoast.com\/product\/yoast-seo-wordpress\/ -->\n<title>Schokohaselnuss Tarte #(a,c,g,h)<\/title>\n<meta name=\"description\" content=\"F\u00fcr eine Schokoladen-Haselnuss-Tarte aus \u00d6sterreich empfehlen wir einen s\u00fc\u00dfen \u00f6sterreichischen Dessertwein wie einen Beerenauslese oder einen Trockenbeerenauslese. Als Alternative k\u00f6nnen Sie auch einen starken Espresso oder einen cremigen Lik\u00f6r wie Baileys Irish Cream genie\u00dfen.\" \/>\n<meta name=\"robots\" content=\"index, follow, max-snippet:-1, max-image-preview:large, max-video-preview:-1\" \/>\n<link rel=\"canonical\" href=\"http:\/\/F\u00fcr%20eine%20Schokoladen-Haselnuss-Tarte%20aus%20\u00d6sterreich%20empfehlen%20wir%20einen%20s\u00fc\u00dfen%20\u00f6sterreichischen%20Dessertwein%20wie%20einen%20Beerenauslese%20oder%20einen%20Trockenbeerenauslese.%20Als%20Alternative%20k\u00f6nnen%20Sie%20auch%20einen%20starken%20Espresso%20oder%20einen%20cremigen%20Lik\u00f6r%20wie%20Baileys%20Irish%20Cream%20genie\u00dfen.\" \/>\n<meta property=\"og:locale\" content=\"en_US\" \/>\n<meta property=\"og:type\" content=\"article\" \/>\n<meta property=\"og:title\" content=\"Schokohaselnuss Tarte #(a,c,g,h)\" \/>\n<meta property=\"og:description\" content=\"F\u00fcr eine Schokoladen-Haselnuss-Tarte aus \u00d6sterreich empfehlen wir einen s\u00fc\u00dfen \u00f6sterreichischen Dessertwein wie einen Beerenauslese oder einen Trockenbeerenauslese. Als Alternative k\u00f6nnen Sie auch einen starken Espresso oder einen cremigen Lik\u00f6r wie Baileys Irish Cream genie\u00dfen.\" \/>\n<meta property=\"og:url\" content=\"https:\/\/augenweide.wien\/en\/product\/schokohaselnuss-tarte\/\" \/>\n<meta property=\"og:site_name\" content=\"Augenweide\" \/>\n<meta property=\"article:modified_time\" content=\"2024-04-10T12:25:51+00:00\" \/>\n<meta property=\"og:image\" content=\"https:\/\/augenweide.wien\/wp-content\/uploads\/2024\/03\/20240326_LTG_Augenweide-DessertcEugenKarlcreates-72DPI-5-scaled.jpg\" \/>\n\t<meta property=\"og:image:width\" content=\"1706\" \/>\n\t<meta property=\"og:image:height\" content=\"2560\" \/>\n\t<meta property=\"og:image:type\" content=\"image\/jpeg\" \/>\n<meta name=\"twitter:card\" content=\"summary_large_image\" \/>\n<meta name=\"twitter:label1\" content=\"Est. reading time\" \/>\n\t<meta name=\"twitter:data1\" content=\"1 minute\" \/>\n<script type=\"application\/ld+json\" class=\"yoast-schema-graph\">{\"@context\":\"https:\\\/\\\/schema.org\",\"@graph\":[{\"@type\":\"WebPage\",\"@id\":\"https:\\\/\\\/augenweide.wien\\\/en\\\/product\\\/schokohaselnuss-tarte\\\/\",\"url\":\"https:\\\/\\\/augenweide.wien\\\/en\\\/product\\\/schokohaselnuss-tarte\\\/\",\"name\":\"Schokohaselnuss Tarte #(a,c,g,h) &#8211; Augenweide\",\"isPartOf\":{\"@id\":\"https:\\\/\\\/augenweide.wien\\\/#website\"},\"primaryImageOfPage\":{\"@id\":\"https:\\\/\\\/augenweide.wien\\\/en\\\/product\\\/schokohaselnuss-tarte\\\/#primaryimage\"},\"image\":{\"@id\":\"https:\\\/\\\/augenweide.wien\\\/en\\\/product\\\/schokohaselnuss-tarte\\\/#primaryimage\"},\"thumbnailUrl\":\"https:\\\/\\\/augenweide.wien\\\/wp-content\\\/uploads\\\/2024\\\/03\\\/20240326_LTG_Augenweide-DessertcEugenKarlcreates-72DPI-5-scaled.jpg\",\"datePublished\":\"2024-03-30T18:12:46+00:00\",\"dateModified\":\"2024-04-10T12:25:51+00:00\",\"breadcrumb\":{\"@id\":\"https:\\\/\\\/augenweide.wien\\\/en\\\/product\\\/schokohaselnuss-tarte\\\/#breadcrumb\"},\"inLanguage\":\"en-US\",\"potentialAction\":[{\"@type\":\"ReadAction\",\"target\":[\"https:\\\/\\\/augenweide.wien\\\/en\\\/product\\\/schokohaselnuss-tarte\\\/\"]}]},{\"@type\":\"ImageObject\",\"inLanguage\":\"en-US\",\"@id\":\"https:\\\/\\\/augenweide.wien\\\/en\\\/product\\\/schokohaselnuss-tarte\\\/#primaryimage\",\"url\":\"https:\\\/\\\/augenweide.wien\\\/wp-content\\\/uploads\\\/2024\\\/03\\\/20240326_LTG_Augenweide-DessertcEugenKarlcreates-72DPI-5-scaled.jpg\",\"contentUrl\":\"https:\\\/\\\/augenweide.wien\\\/wp-content\\\/uploads\\\/2024\\\/03\\\/20240326_LTG_Augenweide-DessertcEugenKarlcreates-72DPI-5-scaled.jpg\",\"width\":1706,\"height\":2560},{\"@type\":\"BreadcrumbList\",\"@id\":\"https:\\\/\\\/augenweide.wien\\\/en\\\/product\\\/schokohaselnuss-tarte\\\/#breadcrumb\",\"itemListElement\":[{\"@type\":\"ListItem\",\"position\":1,\"name\":\"Home\",\"item\":\"https:\\\/\\\/augenweide.wien\\\/\"},{\"@type\":\"ListItem\",\"position\":2,\"name\":\"Schokohaselnuss Tarte #(a,c,g,h)\"}]},{\"@type\":\"WebSite\",\"@id\":\"https:\\\/\\\/augenweide.wien\\\/en\\\/#website\",\"url\":\"https:\\\/\\\/augenweide.wien\\\/en\\\/\",\"name\":\"Augenweide\",\"description\":\"\",\"potentialAction\":[{\"@type\":\"SearchAction\",\"target\":{\"@type\":\"EntryPoint\",\"urlTemplate\":\"https:\\\/\\\/augenweide.wien\\\/en\\\/?s={search_term_string}\"},\"query-input\":{\"@type\":\"PropertyValueSpecification\",\"valueRequired\":true,\"valueName\":\"search_term_string\"}}],\"inLanguage\":\"en-US\"}]}<\/script>\n<!-- \/ Yoast SEO plugin. -->","yoast_head_json":{"title":"Schokohaselnuss Tarte #(a,c,g,h)","description":"F\u00fcr eine Schokoladen-Haselnuss-Tarte aus \u00d6sterreich empfehlen wir einen s\u00fc\u00dfen \u00f6sterreichischen Dessertwein wie einen Beerenauslese oder einen Trockenbeerenauslese. Als Alternative k\u00f6nnen Sie auch einen starken Espresso oder einen cremigen Lik\u00f6r wie Baileys Irish Cream genie\u00dfen.","robots":{"index":"index","follow":"follow","max-snippet":"max-snippet:-1","max-image-preview":"max-image-preview:large","max-video-preview":"max-video-preview:-1"},"canonical":"F\u00fcr eine Schokoladen-Haselnuss-Tarte aus \u00d6sterreich empfehlen wir einen s\u00fc\u00dfen \u00f6sterreichischen Dessertwein wie einen Beerenauslese oder einen Trockenbeerenauslese. Als Alternative k\u00f6nnen Sie auch einen starken Espresso oder einen cremigen Lik\u00f6r wie Baileys Irish Cream genie\u00dfen.","og_locale":"en_US","og_type":"article","og_title":"Schokohaselnuss Tarte #(a,c,g,h)","og_description":"F\u00fcr eine Schokoladen-Haselnuss-Tarte aus \u00d6sterreich empfehlen wir einen s\u00fc\u00dfen \u00f6sterreichischen Dessertwein wie einen Beerenauslese oder einen Trockenbeerenauslese. Als Alternative k\u00f6nnen Sie auch einen starken Espresso oder einen cremigen Lik\u00f6r wie Baileys Irish Cream genie\u00dfen.","og_url":"https:\/\/augenweide.wien\/en\/product\/schokohaselnuss-tarte\/","og_site_name":"Augenweide","article_modified_time":"2024-04-10T12:25:51+00:00","og_image":[{"width":1706,"height":2560,"url":"https:\/\/augenweide.wien\/wp-content\/uploads\/2024\/03\/20240326_LTG_Augenweide-DessertcEugenKarlcreates-72DPI-5-scaled.jpg","type":"image\/jpeg"}],"twitter_card":"summary_large_image","twitter_misc":{"Est. reading time":"1 minute"},"schema":{"@context":"https:\/\/schema.org","@graph":[{"@type":"WebPage","@id":"https:\/\/augenweide.wien\/en\/product\/schokohaselnuss-tarte\/","url":"https:\/\/augenweide.wien\/en\/product\/schokohaselnuss-tarte\/","name":"Schokohaselnuss Tarte #(a,c,g,h) &#8211; Augenweide","isPartOf":{"@id":"https:\/\/augenweide.wien\/#website"},"primaryImageOfPage":{"@id":"https:\/\/augenweide.wien\/en\/product\/schokohaselnuss-tarte\/#primaryimage"},"image":{"@id":"https:\/\/augenweide.wien\/en\/product\/schokohaselnuss-tarte\/#primaryimage"},"thumbnailUrl":"https:\/\/augenweide.wien\/wp-content\/uploads\/2024\/03\/20240326_LTG_Augenweide-DessertcEugenKarlcreates-72DPI-5-scaled.jpg","datePublished":"2024-03-30T18:12:46+00:00","dateModified":"2024-04-10T12:25:51+00:00","breadcrumb":{"@id":"https:\/\/augenweide.wien\/en\/product\/schokohaselnuss-tarte\/#breadcrumb"},"inLanguage":"en-US","potentialAction":[{"@type":"ReadAction","target":["https:\/\/augenweide.wien\/en\/product\/schokohaselnuss-tarte\/"]}]},{"@type":"ImageObject","inLanguage":"en-US","@id":"https:\/\/augenweide.wien\/en\/product\/schokohaselnuss-tarte\/#primaryimage","url":"https:\/\/augenweide.wien\/wp-content\/uploads\/2024\/03\/20240326_LTG_Augenweide-DessertcEugenKarlcreates-72DPI-5-scaled.jpg","contentUrl":"https:\/\/augenweide.wien\/wp-content\/uploads\/2024\/03\/20240326_LTG_Augenweide-DessertcEugenKarlcreates-72DPI-5-scaled.jpg","width":1706,"height":2560},{"@type":"BreadcrumbList","@id":"https:\/\/augenweide.wien\/en\/product\/schokohaselnuss-tarte\/#breadcrumb","itemListElement":[{"@type":"ListItem","position":1,"name":"Home","item":"https:\/\/augenweide.wien\/"},{"@type":"ListItem","position":2,"name":"Schokohaselnuss Tarte #(a,c,g,h)"}]},{"@type":"WebSite","@id":"https:\/\/augenweide.wien\/en\/#website","url":"https:\/\/augenweide.wien\/en\/","name":"Augenweide","description":"","potentialAction":[{"@type":"SearchAction","target":{"@type":"EntryPoint","urlTemplate":"https:\/\/augenweide.wien\/en\/?s={search_term_string}"},"query-input":{"@type":"PropertyValueSpecification","valueRequired":true,"valueName":"search_term_string"}}],"inLanguage":"en-US"}]}},"_links":{"self":[{"href":"https:\/\/augenweide.wien\/en\/wp-json\/wp\/v2\/product\/3357","targetHints":{"allow":["GET"]}}],"collection":[{"href":"https:\/\/augenweide.wien\/en\/wp-json\/wp\/v2\/product"}],"about":[{"href":"https:\/\/augenweide.wien\/en\/wp-json\/wp\/v2\/types\/product"}],"replies":[{"embeddable":true,"href":"https:\/\/augenweide.wien\/en\/wp-json\/wp\/v2\/comments?post=3357"}],"version-history":[{"count":5,"href":"https:\/\/augenweide.wien\/en\/wp-json\/wp\/v2\/product\/3357\/revisions"}],"predecessor-version":[{"id":4337,"href":"https:\/\/augenweide.wien\/en\/wp-json\/wp\/v2\/product\/3357\/revisions\/4337"}],"wp:featuredmedia":[{"embeddable":true,"href":"https:\/\/augenweide.wien\/en\/wp-json\/wp\/v2\/media\/3790"}],"wp:attachment":[{"href":"https:\/\/augenweide.wien\/en\/wp-json\/wp\/v2\/media?parent=3357"}],"wp:term":[{"taxonomy":"product_brand","embeddable":true,"href":"https:\/\/augenweide.wien\/en\/wp-json\/wp\/v2\/product_brand?post=3357"},{"taxonomy":"product_cat","embeddable":true,"href":"https:\/\/augenweide.wien\/en\/wp-json\/wp\/v2\/product_cat?post=3357"},{"taxonomy":"product_tag","embeddable":true,"href":"https:\/\/augenweide.wien\/en\/wp-json\/wp\/v2\/product_tag?post=3357"}],"curies":[{"name":"wp","href":"https:\/\/api.w.org\/{rel}","templated":true}]}}