{"id":3627,"date":"2024-04-05T10:50:27","date_gmt":"2024-04-05T08:50:27","guid":{"rendered":"https:\/\/augenweide.wien\/product\/\/"},"modified":"2024-04-16T16:00:36","modified_gmt":"2024-04-16T14:00:36","slug":"paper-plane","status":"publish","type":"product","link":"https:\/\/augenweide.wien\/en\/product\/paper-plane\/","title":{"rendered":"PAPER PLANE"},"content":{"rendered":"<p>Der Paper Plane ist eine moderne Variante des klassischen Whiskey Sour und besteht aus gleichen Teilen Bourbon, Amaro Nonino, Zitronensaft und Zuckersirup. Die Kombination aus s\u00fc\u00dfem Bourbon, bitterem Amaro, saurem Zitronensaft und s\u00fc\u00dfem Zuckersirup verleiht dem Paper Plane eine ausgewogene und interessante Geschmackskomposition, die ihn zu einem beliebten Cocktail in der zeitgen\u00f6ssischen Barszene gemacht hat.<\/p>\n","protected":false},"excerpt":{"rendered":"<p>Buffalo Trace Bourbon, Amaro Nonino Quintessentia, Aperol, Zitrone<\/p>\n","protected":false},"featured_media":4630,"comment_status":"closed","ping_status":"closed","template":"","meta":[],"product_brand":[],"product_cat":[72],"product_tag":[],"class_list":{"0":"post-3627","1":"product","2":"type-product","3":"status-publish","4":"has-post-thumbnail","6":"product_cat-classic","8":"first","9":"instock","10":"shipping-taxable","11":"purchasable","12":"product-type-simple"},"acf":[],"yoast_head":"<!-- This site is optimized with the Yoast SEO plugin v27.5 - https:\/\/yoast.com\/product\/yoast-seo-wordpress\/ -->\n<title>PAPER PLANE<\/title>\n<meta name=\"description\" content=\"Buffalo Trace Bourbon, Amaro Nonino Quintessentia, Aperol, Zitrone\" \/>\n<meta name=\"robots\" content=\"index, follow, max-snippet:-1, max-image-preview:large, max-video-preview:-1\" \/>\n<link rel=\"canonical\" href=\"http:\/\/Buffalo%20Trace%20Bourbon,%20Amaro%20Nonino%20Quintessentia,%20Aperol,%20Zitrone\" \/>\n<meta property=\"og:locale\" content=\"en_US\" \/>\n<meta property=\"og:type\" content=\"article\" \/>\n<meta property=\"og:title\" content=\"PAPER PLANE\" \/>\n<meta property=\"og:description\" content=\"Buffalo Trace Bourbon, Amaro Nonino Quintessentia, Aperol, Zitrone\" \/>\n<meta property=\"og:url\" content=\"https:\/\/augenweide.wien\/en\/product\/paper-plane\/\" \/>\n<meta property=\"og:site_name\" content=\"Augenweide\" \/>\n<meta property=\"article:modified_time\" content=\"2024-04-16T14:00:36+00:00\" \/>\n<meta property=\"og:image\" content=\"https:\/\/augenweide.wien\/wp-content\/uploads\/2024\/04\/20240326_LTG_Augenweide-DrinksCocktailscEugenKarlcreates-72DPI-45-1-scaled.jpg\" \/>\n\t<meta property=\"og:image:width\" content=\"1707\" \/>\n\t<meta property=\"og:image:height\" content=\"2560\" \/>\n\t<meta property=\"og:image:type\" content=\"image\/jpeg\" \/>\n<meta name=\"twitter:card\" content=\"summary_large_image\" \/>\n<meta name=\"twitter:label1\" content=\"Est. reading time\" \/>\n\t<meta name=\"twitter:data1\" content=\"1 minute\" \/>\n<script type=\"application\/ld+json\" class=\"yoast-schema-graph\">{\"@context\":\"https:\\\/\\\/schema.org\",\"@graph\":[{\"@type\":\"WebPage\",\"@id\":\"https:\\\/\\\/augenweide.wien\\\/en\\\/product\\\/paper-plane\\\/\",\"url\":\"https:\\\/\\\/augenweide.wien\\\/en\\\/product\\\/paper-plane\\\/\",\"name\":\"PAPER PLANE &#8211; Augenweide\",\"isPartOf\":{\"@id\":\"https:\\\/\\\/augenweide.wien\\\/#website\"},\"primaryImageOfPage\":{\"@id\":\"https:\\\/\\\/augenweide.wien\\\/en\\\/product\\\/paper-plane\\\/#primaryimage\"},\"image\":{\"@id\":\"https:\\\/\\\/augenweide.wien\\\/en\\\/product\\\/paper-plane\\\/#primaryimage\"},\"thumbnailUrl\":\"https:\\\/\\\/augenweide.wien\\\/wp-content\\\/uploads\\\/2024\\\/04\\\/20240326_LTG_Augenweide-DrinksCocktailscEugenKarlcreates-72DPI-45-1-scaled.jpg\",\"datePublished\":\"2024-04-05T08:50:27+00:00\",\"dateModified\":\"2024-04-16T14:00:36+00:00\",\"breadcrumb\":{\"@id\":\"https:\\\/\\\/augenweide.wien\\\/en\\\/product\\\/paper-plane\\\/#breadcrumb\"},\"inLanguage\":\"en-US\",\"potentialAction\":[{\"@type\":\"ReadAction\",\"target\":[\"https:\\\/\\\/augenweide.wien\\\/en\\\/product\\\/paper-plane\\\/\"]}]},{\"@type\":\"ImageObject\",\"inLanguage\":\"en-US\",\"@id\":\"https:\\\/\\\/augenweide.wien\\\/en\\\/product\\\/paper-plane\\\/#primaryimage\",\"url\":\"https:\\\/\\\/augenweide.wien\\\/wp-content\\\/uploads\\\/2024\\\/04\\\/20240326_LTG_Augenweide-DrinksCocktailscEugenKarlcreates-72DPI-45-1-scaled.jpg\",\"contentUrl\":\"https:\\\/\\\/augenweide.wien\\\/wp-content\\\/uploads\\\/2024\\\/04\\\/20240326_LTG_Augenweide-DrinksCocktailscEugenKarlcreates-72DPI-45-1-scaled.jpg\",\"width\":1707,\"height\":2560},{\"@type\":\"BreadcrumbList\",\"@id\":\"https:\\\/\\\/augenweide.wien\\\/en\\\/product\\\/paper-plane\\\/#breadcrumb\",\"itemListElement\":[{\"@type\":\"ListItem\",\"position\":1,\"name\":\"Home\",\"item\":\"https:\\\/\\\/augenweide.wien\\\/\"},{\"@type\":\"ListItem\",\"position\":2,\"name\":\"PAPER PLANE\"}]},{\"@type\":\"WebSite\",\"@id\":\"https:\\\/\\\/augenweide.wien\\\/en\\\/#website\",\"url\":\"https:\\\/\\\/augenweide.wien\\\/en\\\/\",\"name\":\"Augenweide\",\"description\":\"\",\"potentialAction\":[{\"@type\":\"SearchAction\",\"target\":{\"@type\":\"EntryPoint\",\"urlTemplate\":\"https:\\\/\\\/augenweide.wien\\\/en\\\/?s={search_term_string}\"},\"query-input\":{\"@type\":\"PropertyValueSpecification\",\"valueRequired\":true,\"valueName\":\"search_term_string\"}}],\"inLanguage\":\"en-US\"}]}<\/script>\n<!-- \/ Yoast SEO plugin. -->","yoast_head_json":{"title":"PAPER PLANE","description":"Buffalo Trace Bourbon, Amaro Nonino Quintessentia, Aperol, Zitrone","robots":{"index":"index","follow":"follow","max-snippet":"max-snippet:-1","max-image-preview":"max-image-preview:large","max-video-preview":"max-video-preview:-1"},"canonical":"Buffalo Trace Bourbon, Amaro Nonino Quintessentia, Aperol, Zitrone","og_locale":"en_US","og_type":"article","og_title":"PAPER PLANE","og_description":"Buffalo Trace Bourbon, Amaro Nonino Quintessentia, Aperol, Zitrone","og_url":"https:\/\/augenweide.wien\/en\/product\/paper-plane\/","og_site_name":"Augenweide","article_modified_time":"2024-04-16T14:00:36+00:00","og_image":[{"width":1707,"height":2560,"url":"https:\/\/augenweide.wien\/wp-content\/uploads\/2024\/04\/20240326_LTG_Augenweide-DrinksCocktailscEugenKarlcreates-72DPI-45-1-scaled.jpg","type":"image\/jpeg"}],"twitter_card":"summary_large_image","twitter_misc":{"Est. reading time":"1 minute"},"schema":{"@context":"https:\/\/schema.org","@graph":[{"@type":"WebPage","@id":"https:\/\/augenweide.wien\/en\/product\/paper-plane\/","url":"https:\/\/augenweide.wien\/en\/product\/paper-plane\/","name":"PAPER PLANE &#8211; Augenweide","isPartOf":{"@id":"https:\/\/augenweide.wien\/#website"},"primaryImageOfPage":{"@id":"https:\/\/augenweide.wien\/en\/product\/paper-plane\/#primaryimage"},"image":{"@id":"https:\/\/augenweide.wien\/en\/product\/paper-plane\/#primaryimage"},"thumbnailUrl":"https:\/\/augenweide.wien\/wp-content\/uploads\/2024\/04\/20240326_LTG_Augenweide-DrinksCocktailscEugenKarlcreates-72DPI-45-1-scaled.jpg","datePublished":"2024-04-05T08:50:27+00:00","dateModified":"2024-04-16T14:00:36+00:00","breadcrumb":{"@id":"https:\/\/augenweide.wien\/en\/product\/paper-plane\/#breadcrumb"},"inLanguage":"en-US","potentialAction":[{"@type":"ReadAction","target":["https:\/\/augenweide.wien\/en\/product\/paper-plane\/"]}]},{"@type":"ImageObject","inLanguage":"en-US","@id":"https:\/\/augenweide.wien\/en\/product\/paper-plane\/#primaryimage","url":"https:\/\/augenweide.wien\/wp-content\/uploads\/2024\/04\/20240326_LTG_Augenweide-DrinksCocktailscEugenKarlcreates-72DPI-45-1-scaled.jpg","contentUrl":"https:\/\/augenweide.wien\/wp-content\/uploads\/2024\/04\/20240326_LTG_Augenweide-DrinksCocktailscEugenKarlcreates-72DPI-45-1-scaled.jpg","width":1707,"height":2560},{"@type":"BreadcrumbList","@id":"https:\/\/augenweide.wien\/en\/product\/paper-plane\/#breadcrumb","itemListElement":[{"@type":"ListItem","position":1,"name":"Home","item":"https:\/\/augenweide.wien\/"},{"@type":"ListItem","position":2,"name":"PAPER PLANE"}]},{"@type":"WebSite","@id":"https:\/\/augenweide.wien\/en\/#website","url":"https:\/\/augenweide.wien\/en\/","name":"Augenweide","description":"","potentialAction":[{"@type":"SearchAction","target":{"@type":"EntryPoint","urlTemplate":"https:\/\/augenweide.wien\/en\/?s={search_term_string}"},"query-input":{"@type":"PropertyValueSpecification","valueRequired":true,"valueName":"search_term_string"}}],"inLanguage":"en-US"}]}},"_links":{"self":[{"href":"https:\/\/augenweide.wien\/en\/wp-json\/wp\/v2\/product\/3627","targetHints":{"allow":["GET"]}}],"collection":[{"href":"https:\/\/augenweide.wien\/en\/wp-json\/wp\/v2\/product"}],"about":[{"href":"https:\/\/augenweide.wien\/en\/wp-json\/wp\/v2\/types\/product"}],"replies":[{"embeddable":true,"href":"https:\/\/augenweide.wien\/en\/wp-json\/wp\/v2\/comments?post=3627"}],"version-history":[{"count":1,"href":"https:\/\/augenweide.wien\/en\/wp-json\/wp\/v2\/product\/3627\/revisions"}],"predecessor-version":[{"id":3628,"href":"https:\/\/augenweide.wien\/en\/wp-json\/wp\/v2\/product\/3627\/revisions\/3628"}],"wp:featuredmedia":[{"embeddable":true,"href":"https:\/\/augenweide.wien\/en\/wp-json\/wp\/v2\/media\/4630"}],"wp:attachment":[{"href":"https:\/\/augenweide.wien\/en\/wp-json\/wp\/v2\/media?parent=3627"}],"wp:term":[{"taxonomy":"product_brand","embeddable":true,"href":"https:\/\/augenweide.wien\/en\/wp-json\/wp\/v2\/product_brand?post=3627"},{"taxonomy":"product_cat","embeddable":true,"href":"https:\/\/augenweide.wien\/en\/wp-json\/wp\/v2\/product_cat?post=3627"},{"taxonomy":"product_tag","embeddable":true,"href":"https:\/\/augenweide.wien\/en\/wp-json\/wp\/v2\/product_tag?post=3627"}],"curies":[{"name":"wp","href":"https:\/\/api.w.org\/{rel}","templated":true}]}}