{"id":3832,"date":"2024-04-05T21:05:16","date_gmt":"2024-04-05T19:05:16","guid":{"rendered":"https:\/\/augenweide.wien\/product\/\/"},"modified":"2025-12-19T11:45:01","modified_gmt":"2025-12-19T10:45:01","slug":"lachs-avocado-roll-10-stueck-acdfmo","status":"publish","type":"product","link":"https:\/\/augenweide.wien\/en\/product\/lachs-avocado-roll-10-stueck-acdfmo\/","title":{"rendered":"LACHS AVOCADO #10 ST\u00dcCK (A,C,D,F,M,O)"},"content":{"rendered":"<p>F\u00fcr eine authentische japanische Geschmackserfahrung empfehlen wir Ihnen, unsere Lachs-Avocado-Rolle mit einem hochwertigen Sake zu begleiten. Ein Junmai Ginjo oder ein Junmai Daiginjo eignen sich besonders gut. Ihre subtilen fruchtigen Nuancen und sanften Geschmacksprofile passen wunderbar zur Zartheit des Lachses und der Cremigkeit der Avocado, w\u00e4hrend ihr ausgewogener Charakter Ihr kulinarisches Erlebnis abrundet.<\/p>\n<p>Als Weinbegleitung eignet sich sehr gut ein Gr\u00fcner Veltliner oder Sauvignon Blanc.<\/p>\n","protected":false},"excerpt":{"rendered":"<p>Lachs, Avocado, Spargel, Tobiko und<br \/>\nGrilljalape\u00f1o-Mayonnaise<\/p>\n","protected":false},"featured_media":3859,"comment_status":"closed","ping_status":"closed","template":"","meta":[],"product_brand":[],"product_cat":[79],"product_tag":[],"class_list":{"0":"post-3832","1":"product","2":"type-product","3":"status-publish","4":"has-post-thumbnail","6":"product_cat-maki-rolls","8":"first","9":"instock","10":"shipping-taxable","11":"purchasable","12":"product-type-simple"},"acf":[],"yoast_head":"<!-- This site is optimized with the Yoast SEO plugin v27.3 - https:\/\/yoast.com\/product\/yoast-seo-wordpress\/ -->\n<title>LACHS AVOCADO #10 ST\u00dcCK (A,C,D,F,M,O)<\/title>\n<meta name=\"description\" content=\"Lachs, Avocado, Spargel, Tobiko und Grilljalape\u00f1o-Mayonnaise\" \/>\n<meta name=\"robots\" content=\"index, follow, max-snippet:-1, max-image-preview:large, max-video-preview:-1\" \/>\n<link rel=\"canonical\" href=\"http:\/\/Lachs,%20Avocado,%20Spargel,%20Tobiko%20und%20Grilljalape\u00f1o-Mayonnaise\" \/>\n<meta property=\"og:locale\" content=\"en_US\" \/>\n<meta property=\"og:type\" content=\"article\" \/>\n<meta property=\"og:title\" content=\"LACHS AVOCADO #10 ST\u00dcCK (A,C,D,F,M,O)\" \/>\n<meta property=\"og:description\" content=\"Lachs, Avocado, Spargel, Tobiko und Grilljalape\u00f1o-Mayonnaise\" \/>\n<meta property=\"og:url\" content=\"https:\/\/augenweide.wien\/en\/product\/lachs-avocado-roll-10-stueck-acdfmo\/\" \/>\n<meta property=\"og:site_name\" content=\"Augenweide\" \/>\n<meta property=\"article:modified_time\" content=\"2025-12-19T10:45:01+00:00\" \/>\n<meta property=\"og:image\" content=\"https:\/\/augenweide.wien\/wp-content\/uploads\/2024\/04\/20240326_LTG_Augenweide-SushicEugenKarlcreates-72DPI-96-scaled.jpg\" \/>\n\t<meta property=\"og:image:width\" content=\"1707\" \/>\n\t<meta property=\"og:image:height\" content=\"2560\" \/>\n\t<meta property=\"og:image:type\" content=\"image\/jpeg\" \/>\n<meta name=\"twitter:card\" content=\"summary_large_image\" \/>\n<meta name=\"twitter:label1\" content=\"Est. reading time\" \/>\n\t<meta name=\"twitter:data1\" content=\"1 minute\" \/>\n<script type=\"application\/ld+json\" class=\"yoast-schema-graph\">{\"@context\":\"https:\\\/\\\/schema.org\",\"@graph\":[{\"@type\":\"WebPage\",\"@id\":\"https:\\\/\\\/augenweide.wien\\\/en\\\/product\\\/lachs-avocado-roll-10-stueck-acdfmo\\\/\",\"url\":\"https:\\\/\\\/augenweide.wien\\\/en\\\/product\\\/lachs-avocado-roll-10-stueck-acdfmo\\\/\",\"name\":\"LACHS AVOCADO #10 ST\u00dcCK (A,C,D,F,M,O) &#8211; Augenweide\",\"isPartOf\":{\"@id\":\"https:\\\/\\\/augenweide.wien\\\/#website\"},\"primaryImageOfPage\":{\"@id\":\"https:\\\/\\\/augenweide.wien\\\/en\\\/product\\\/lachs-avocado-roll-10-stueck-acdfmo\\\/#primaryimage\"},\"image\":{\"@id\":\"https:\\\/\\\/augenweide.wien\\\/en\\\/product\\\/lachs-avocado-roll-10-stueck-acdfmo\\\/#primaryimage\"},\"thumbnailUrl\":\"https:\\\/\\\/augenweide.wien\\\/wp-content\\\/uploads\\\/2024\\\/04\\\/20240326_LTG_Augenweide-SushicEugenKarlcreates-72DPI-96-scaled.jpg\",\"datePublished\":\"2024-04-05T19:05:16+00:00\",\"dateModified\":\"2025-12-19T10:45:01+00:00\",\"breadcrumb\":{\"@id\":\"https:\\\/\\\/augenweide.wien\\\/en\\\/product\\\/lachs-avocado-roll-10-stueck-acdfmo\\\/#breadcrumb\"},\"inLanguage\":\"en-US\",\"potentialAction\":[{\"@type\":\"ReadAction\",\"target\":[\"https:\\\/\\\/augenweide.wien\\\/en\\\/product\\\/lachs-avocado-roll-10-stueck-acdfmo\\\/\"]}]},{\"@type\":\"ImageObject\",\"inLanguage\":\"en-US\",\"@id\":\"https:\\\/\\\/augenweide.wien\\\/en\\\/product\\\/lachs-avocado-roll-10-stueck-acdfmo\\\/#primaryimage\",\"url\":\"https:\\\/\\\/augenweide.wien\\\/wp-content\\\/uploads\\\/2024\\\/04\\\/20240326_LTG_Augenweide-SushicEugenKarlcreates-72DPI-96-scaled.jpg\",\"contentUrl\":\"https:\\\/\\\/augenweide.wien\\\/wp-content\\\/uploads\\\/2024\\\/04\\\/20240326_LTG_Augenweide-SushicEugenKarlcreates-72DPI-96-scaled.jpg\",\"width\":1707,\"height\":2560},{\"@type\":\"BreadcrumbList\",\"@id\":\"https:\\\/\\\/augenweide.wien\\\/en\\\/product\\\/lachs-avocado-roll-10-stueck-acdfmo\\\/#breadcrumb\",\"itemListElement\":[{\"@type\":\"ListItem\",\"position\":1,\"name\":\"Home\",\"item\":\"https:\\\/\\\/augenweide.wien\\\/\"},{\"@type\":\"ListItem\",\"position\":2,\"name\":\"LACHS AVOCADO #10 ST\u00dcCK (A,C,D,F,M,O)\"}]},{\"@type\":\"WebSite\",\"@id\":\"https:\\\/\\\/augenweide.wien\\\/en\\\/#website\",\"url\":\"https:\\\/\\\/augenweide.wien\\\/en\\\/\",\"name\":\"Augenweide\",\"description\":\"\",\"potentialAction\":[{\"@type\":\"SearchAction\",\"target\":{\"@type\":\"EntryPoint\",\"urlTemplate\":\"https:\\\/\\\/augenweide.wien\\\/en\\\/?s={search_term_string}\"},\"query-input\":{\"@type\":\"PropertyValueSpecification\",\"valueRequired\":true,\"valueName\":\"search_term_string\"}}],\"inLanguage\":\"en-US\"}]}<\/script>\n<!-- \/ Yoast SEO plugin. -->","yoast_head_json":{"title":"LACHS AVOCADO #10 ST\u00dcCK (A,C,D,F,M,O)","description":"Lachs, Avocado, Spargel, Tobiko und Grilljalape\u00f1o-Mayonnaise","robots":{"index":"index","follow":"follow","max-snippet":"max-snippet:-1","max-image-preview":"max-image-preview:large","max-video-preview":"max-video-preview:-1"},"canonical":"Lachs, Avocado, Spargel, Tobiko und Grilljalape\u00f1o-Mayonnaise","og_locale":"en_US","og_type":"article","og_title":"LACHS AVOCADO #10 ST\u00dcCK (A,C,D,F,M,O)","og_description":"Lachs, Avocado, Spargel, Tobiko und Grilljalape\u00f1o-Mayonnaise","og_url":"https:\/\/augenweide.wien\/en\/product\/lachs-avocado-roll-10-stueck-acdfmo\/","og_site_name":"Augenweide","article_modified_time":"2025-12-19T10:45:01+00:00","og_image":[{"width":1707,"height":2560,"url":"https:\/\/augenweide.wien\/wp-content\/uploads\/2024\/04\/20240326_LTG_Augenweide-SushicEugenKarlcreates-72DPI-96-scaled.jpg","type":"image\/jpeg"}],"twitter_card":"summary_large_image","twitter_misc":{"Est. reading time":"1 minute"},"schema":{"@context":"https:\/\/schema.org","@graph":[{"@type":"WebPage","@id":"https:\/\/augenweide.wien\/en\/product\/lachs-avocado-roll-10-stueck-acdfmo\/","url":"https:\/\/augenweide.wien\/en\/product\/lachs-avocado-roll-10-stueck-acdfmo\/","name":"LACHS AVOCADO #10 ST\u00dcCK (A,C,D,F,M,O) &#8211; Augenweide","isPartOf":{"@id":"https:\/\/augenweide.wien\/#website"},"primaryImageOfPage":{"@id":"https:\/\/augenweide.wien\/en\/product\/lachs-avocado-roll-10-stueck-acdfmo\/#primaryimage"},"image":{"@id":"https:\/\/augenweide.wien\/en\/product\/lachs-avocado-roll-10-stueck-acdfmo\/#primaryimage"},"thumbnailUrl":"https:\/\/augenweide.wien\/wp-content\/uploads\/2024\/04\/20240326_LTG_Augenweide-SushicEugenKarlcreates-72DPI-96-scaled.jpg","datePublished":"2024-04-05T19:05:16+00:00","dateModified":"2025-12-19T10:45:01+00:00","breadcrumb":{"@id":"https:\/\/augenweide.wien\/en\/product\/lachs-avocado-roll-10-stueck-acdfmo\/#breadcrumb"},"inLanguage":"en-US","potentialAction":[{"@type":"ReadAction","target":["https:\/\/augenweide.wien\/en\/product\/lachs-avocado-roll-10-stueck-acdfmo\/"]}]},{"@type":"ImageObject","inLanguage":"en-US","@id":"https:\/\/augenweide.wien\/en\/product\/lachs-avocado-roll-10-stueck-acdfmo\/#primaryimage","url":"https:\/\/augenweide.wien\/wp-content\/uploads\/2024\/04\/20240326_LTG_Augenweide-SushicEugenKarlcreates-72DPI-96-scaled.jpg","contentUrl":"https:\/\/augenweide.wien\/wp-content\/uploads\/2024\/04\/20240326_LTG_Augenweide-SushicEugenKarlcreates-72DPI-96-scaled.jpg","width":1707,"height":2560},{"@type":"BreadcrumbList","@id":"https:\/\/augenweide.wien\/en\/product\/lachs-avocado-roll-10-stueck-acdfmo\/#breadcrumb","itemListElement":[{"@type":"ListItem","position":1,"name":"Home","item":"https:\/\/augenweide.wien\/"},{"@type":"ListItem","position":2,"name":"LACHS AVOCADO #10 ST\u00dcCK (A,C,D,F,M,O)"}]},{"@type":"WebSite","@id":"https:\/\/augenweide.wien\/en\/#website","url":"https:\/\/augenweide.wien\/en\/","name":"Augenweide","description":"","potentialAction":[{"@type":"SearchAction","target":{"@type":"EntryPoint","urlTemplate":"https:\/\/augenweide.wien\/en\/?s={search_term_string}"},"query-input":{"@type":"PropertyValueSpecification","valueRequired":true,"valueName":"search_term_string"}}],"inLanguage":"en-US"}]}},"_links":{"self":[{"href":"https:\/\/augenweide.wien\/en\/wp-json\/wp\/v2\/product\/3832","targetHints":{"allow":["GET"]}}],"collection":[{"href":"https:\/\/augenweide.wien\/en\/wp-json\/wp\/v2\/product"}],"about":[{"href":"https:\/\/augenweide.wien\/en\/wp-json\/wp\/v2\/types\/product"}],"replies":[{"embeddable":true,"href":"https:\/\/augenweide.wien\/en\/wp-json\/wp\/v2\/comments?post=3832"}],"version-history":[{"count":5,"href":"https:\/\/augenweide.wien\/en\/wp-json\/wp\/v2\/product\/3832\/revisions"}],"predecessor-version":[{"id":6791,"href":"https:\/\/augenweide.wien\/en\/wp-json\/wp\/v2\/product\/3832\/revisions\/6791"}],"wp:featuredmedia":[{"embeddable":true,"href":"https:\/\/augenweide.wien\/en\/wp-json\/wp\/v2\/media\/3859"}],"wp:attachment":[{"href":"https:\/\/augenweide.wien\/en\/wp-json\/wp\/v2\/media?parent=3832"}],"wp:term":[{"taxonomy":"product_brand","embeddable":true,"href":"https:\/\/augenweide.wien\/en\/wp-json\/wp\/v2\/product_brand?post=3832"},{"taxonomy":"product_cat","embeddable":true,"href":"https:\/\/augenweide.wien\/en\/wp-json\/wp\/v2\/product_cat?post=3832"},{"taxonomy":"product_tag","embeddable":true,"href":"https:\/\/augenweide.wien\/en\/wp-json\/wp\/v2\/product_tag?post=3832"}],"curies":[{"name":"wp","href":"https:\/\/api.w.org\/{rel}","templated":true}]}}