{"id":3901,"date":"2024-04-08T11:34:36","date_gmt":"2024-04-08T09:34:36","guid":{"rendered":"https:\/\/augenweide.wien\/product\/\/"},"modified":"2025-03-11T13:42:51","modified_gmt":"2025-03-11T12:42:51","slug":"brut-rose-reserve-nv-075l","status":"publish","type":"product","link":"https:\/\/augenweide.wien\/en\/product\/brut-rose-reserve-nv-075l\/","title":{"rendered":"Br\u00fcndlmayer, Nieder\u00f6sterreich - Langenlois"},"content":{"rendered":"","protected":false},"excerpt":{"rendered":"<p>Brut Ros\u00e9 Reserve N\/V (PN\/ZW\/SL)<\/p>\n","protected":false},"featured_media":0,"comment_status":"closed","ping_status":"closed","template":"","meta":[],"product_brand":[],"product_cat":[175,155],"product_tag":[],"class_list":{"0":"post-3901","1":"product","2":"type-product","3":"status-publish","5":"product_cat-oesterreich","6":"product_cat-schaumwein-champagner","8":"first","9":"instock","10":"shipping-taxable","11":"purchasable","12":"product-type-simple"},"acf":[],"yoast_head":"<!-- This site is optimized with the Yoast SEO plugin v27.3 - https:\/\/yoast.com\/product\/yoast-seo-wordpress\/ -->\n<title>Br\u00fcndlmayer, Nieder\u00f6sterreich - Langenlois<\/title>\n<meta name=\"description\" content=\"Brut Ros\u00e9 Reserve N\/V (PN\/ZW\/SL)\" \/>\n<meta name=\"robots\" content=\"index, follow, max-snippet:-1, max-image-preview:large, max-video-preview:-1\" \/>\n<link rel=\"canonical\" href=\"http:\/\/Brut%20Ros\u00e9%20Reserve%20N\/V%20(PN\/ZW\/SL)\" \/>\n<meta property=\"og:locale\" content=\"en_US\" \/>\n<meta property=\"og:type\" content=\"article\" \/>\n<meta property=\"og:title\" content=\"Br\u00fcndlmayer, Nieder\u00f6sterreich - Langenlois\" \/>\n<meta property=\"og:description\" content=\"Brut Ros\u00e9 Reserve N\/V (PN\/ZW\/SL)\" \/>\n<meta property=\"og:url\" content=\"https:\/\/augenweide.wien\/en\/product\/brut-rose-reserve-nv-075l\/\" \/>\n<meta property=\"og:site_name\" content=\"Augenweide\" \/>\n<meta property=\"article:modified_time\" content=\"2025-03-11T12:42:51+00:00\" \/>\n<meta name=\"twitter:card\" content=\"summary_large_image\" \/>\n<script type=\"application\/ld+json\" class=\"yoast-schema-graph\">{\"@context\":\"https:\\\/\\\/schema.org\",\"@graph\":[{\"@type\":\"WebPage\",\"@id\":\"https:\\\/\\\/augenweide.wien\\\/en\\\/product\\\/brut-rose-reserve-nv-075l\\\/\",\"url\":\"https:\\\/\\\/augenweide.wien\\\/en\\\/product\\\/brut-rose-reserve-nv-075l\\\/\",\"name\":\"Br\u00fcndlmayer, Nieder\u00f6sterreich - Langenlois &#8211; Augenweide\",\"isPartOf\":{\"@id\":\"https:\\\/\\\/augenweide.wien\\\/#website\"},\"datePublished\":\"2024-04-08T09:34:36+00:00\",\"dateModified\":\"2025-03-11T12:42:51+00:00\",\"breadcrumb\":{\"@id\":\"https:\\\/\\\/augenweide.wien\\\/en\\\/product\\\/brut-rose-reserve-nv-075l\\\/#breadcrumb\"},\"inLanguage\":\"en-US\",\"potentialAction\":[{\"@type\":\"ReadAction\",\"target\":[\"https:\\\/\\\/augenweide.wien\\\/en\\\/product\\\/brut-rose-reserve-nv-075l\\\/\"]}]},{\"@type\":\"BreadcrumbList\",\"@id\":\"https:\\\/\\\/augenweide.wien\\\/en\\\/product\\\/brut-rose-reserve-nv-075l\\\/#breadcrumb\",\"itemListElement\":[{\"@type\":\"ListItem\",\"position\":1,\"name\":\"Home\",\"item\":\"https:\\\/\\\/augenweide.wien\\\/\"},{\"@type\":\"ListItem\",\"position\":2,\"name\":\"Br\u00fcndlmayer, Nieder\u00f6sterreich - Langenlois\"}]},{\"@type\":\"WebSite\",\"@id\":\"https:\\\/\\\/augenweide.wien\\\/en\\\/#website\",\"url\":\"https:\\\/\\\/augenweide.wien\\\/en\\\/\",\"name\":\"Augenweide\",\"description\":\"\",\"potentialAction\":[{\"@type\":\"SearchAction\",\"target\":{\"@type\":\"EntryPoint\",\"urlTemplate\":\"https:\\\/\\\/augenweide.wien\\\/en\\\/?s={search_term_string}\"},\"query-input\":{\"@type\":\"PropertyValueSpecification\",\"valueRequired\":true,\"valueName\":\"search_term_string\"}}],\"inLanguage\":\"en-US\"}]}<\/script>\n<!-- \/ Yoast SEO plugin. -->","yoast_head_json":{"title":"Br\u00fcndlmayer, Nieder\u00f6sterreich - Langenlois","description":"Brut Ros\u00e9 Reserve N\/V (PN\/ZW\/SL)","robots":{"index":"index","follow":"follow","max-snippet":"max-snippet:-1","max-image-preview":"max-image-preview:large","max-video-preview":"max-video-preview:-1"},"canonical":"Brut Ros\u00e9 Reserve N\/V (PN\/ZW\/SL)","og_locale":"en_US","og_type":"article","og_title":"Br\u00fcndlmayer, Nieder\u00f6sterreich - Langenlois","og_description":"Brut Ros\u00e9 Reserve N\/V (PN\/ZW\/SL)","og_url":"https:\/\/augenweide.wien\/en\/product\/brut-rose-reserve-nv-075l\/","og_site_name":"Augenweide","article_modified_time":"2025-03-11T12:42:51+00:00","twitter_card":"summary_large_image","schema":{"@context":"https:\/\/schema.org","@graph":[{"@type":"WebPage","@id":"https:\/\/augenweide.wien\/en\/product\/brut-rose-reserve-nv-075l\/","url":"https:\/\/augenweide.wien\/en\/product\/brut-rose-reserve-nv-075l\/","name":"Br\u00fcndlmayer, Nieder\u00f6sterreich - Langenlois &#8211; Augenweide","isPartOf":{"@id":"https:\/\/augenweide.wien\/#website"},"datePublished":"2024-04-08T09:34:36+00:00","dateModified":"2025-03-11T12:42:51+00:00","breadcrumb":{"@id":"https:\/\/augenweide.wien\/en\/product\/brut-rose-reserve-nv-075l\/#breadcrumb"},"inLanguage":"en-US","potentialAction":[{"@type":"ReadAction","target":["https:\/\/augenweide.wien\/en\/product\/brut-rose-reserve-nv-075l\/"]}]},{"@type":"BreadcrumbList","@id":"https:\/\/augenweide.wien\/en\/product\/brut-rose-reserve-nv-075l\/#breadcrumb","itemListElement":[{"@type":"ListItem","position":1,"name":"Home","item":"https:\/\/augenweide.wien\/"},{"@type":"ListItem","position":2,"name":"Br\u00fcndlmayer, Nieder\u00f6sterreich - Langenlois"}]},{"@type":"WebSite","@id":"https:\/\/augenweide.wien\/en\/#website","url":"https:\/\/augenweide.wien\/en\/","name":"Augenweide","description":"","potentialAction":[{"@type":"SearchAction","target":{"@type":"EntryPoint","urlTemplate":"https:\/\/augenweide.wien\/en\/?s={search_term_string}"},"query-input":{"@type":"PropertyValueSpecification","valueRequired":true,"valueName":"search_term_string"}}],"inLanguage":"en-US"}]}},"_links":{"self":[{"href":"https:\/\/augenweide.wien\/en\/wp-json\/wp\/v2\/product\/3901","targetHints":{"allow":["GET"]}}],"collection":[{"href":"https:\/\/augenweide.wien\/en\/wp-json\/wp\/v2\/product"}],"about":[{"href":"https:\/\/augenweide.wien\/en\/wp-json\/wp\/v2\/types\/product"}],"replies":[{"embeddable":true,"href":"https:\/\/augenweide.wien\/en\/wp-json\/wp\/v2\/comments?post=3901"}],"version-history":[{"count":2,"href":"https:\/\/augenweide.wien\/en\/wp-json\/wp\/v2\/product\/3901\/revisions"}],"predecessor-version":[{"id":5310,"href":"https:\/\/augenweide.wien\/en\/wp-json\/wp\/v2\/product\/3901\/revisions\/5310"}],"wp:attachment":[{"href":"https:\/\/augenweide.wien\/en\/wp-json\/wp\/v2\/media?parent=3901"}],"wp:term":[{"taxonomy":"product_brand","embeddable":true,"href":"https:\/\/augenweide.wien\/en\/wp-json\/wp\/v2\/product_brand?post=3901"},{"taxonomy":"product_cat","embeddable":true,"href":"https:\/\/augenweide.wien\/en\/wp-json\/wp\/v2\/product_cat?post=3901"},{"taxonomy":"product_tag","embeddable":true,"href":"https:\/\/augenweide.wien\/en\/wp-json\/wp\/v2\/product_tag?post=3901"}],"curies":[{"name":"wp","href":"https:\/\/api.w.org\/{rel}","templated":true}]}}