{"id":3912,"date":"2024-04-08T11:40:50","date_gmt":"2024-04-08T09:40:50","guid":{"rendered":"https:\/\/augenweide.wien\/product\/\/"},"modified":"2024-08-06T12:47:18","modified_gmt":"2024-08-06T10:47:18","slug":"krug-rose-nr-25-075l","status":"publish","type":"product","link":"https:\/\/augenweide.wien\/en\/product\/krug-rose-nr-25-075l\/","title":{"rendered":"Krug, Champagne AOC - Reims"},"content":{"rendered":"","protected":false},"excerpt":{"rendered":"<p>Brut Ros\u00e9 25\u00e8me \u00c9dition N\/V (PN\/CH\/PM)<\/p>\n","protected":false},"featured_media":0,"comment_status":"closed","ping_status":"closed","template":"","meta":[],"product_brand":[],"product_cat":[81,176],"product_tag":[],"class_list":{"0":"post-3912","1":"product","2":"type-product","3":"status-publish","5":"product_cat-schaumwein","6":"product_cat-frankreich-2","8":"first","9":"instock","10":"shipping-taxable","11":"purchasable","12":"product-type-simple"},"acf":[],"yoast_head":"<!-- This site is optimized with the Yoast SEO plugin v27.4 - https:\/\/yoast.com\/product\/yoast-seo-wordpress\/ -->\n<title>Krug, Champagne AOC - Reims<\/title>\n<meta name=\"description\" content=\"Brut Ros\u00e9 25\u00e8me \u00c9dition N\/V (PN\/CH\/PM)\" \/>\n<meta name=\"robots\" content=\"index, follow, max-snippet:-1, max-image-preview:large, max-video-preview:-1\" \/>\n<link rel=\"canonical\" href=\"http:\/\/Brut%20Ros\u00e9%2025\u00e8me%20\u00c9dition%20N\/V%20(PN\/CH\/PM)\" \/>\n<meta property=\"og:locale\" content=\"en_US\" \/>\n<meta property=\"og:type\" content=\"article\" \/>\n<meta property=\"og:title\" content=\"Krug, Champagne AOC - Reims\" \/>\n<meta property=\"og:description\" content=\"Brut Ros\u00e9 25\u00e8me \u00c9dition N\/V (PN\/CH\/PM)\" \/>\n<meta property=\"og:url\" content=\"https:\/\/augenweide.wien\/en\/product\/krug-rose-nr-25-075l\/\" \/>\n<meta property=\"og:site_name\" content=\"Augenweide\" \/>\n<meta property=\"article:modified_time\" content=\"2024-08-06T10:47:18+00:00\" \/>\n<meta name=\"twitter:card\" content=\"summary_large_image\" \/>\n<script type=\"application\/ld+json\" class=\"yoast-schema-graph\">{\"@context\":\"https:\\\/\\\/schema.org\",\"@graph\":[{\"@type\":\"WebPage\",\"@id\":\"https:\\\/\\\/augenweide.wien\\\/en\\\/product\\\/krug-rose-nr-25-075l\\\/\",\"url\":\"https:\\\/\\\/augenweide.wien\\\/en\\\/product\\\/krug-rose-nr-25-075l\\\/\",\"name\":\"Krug, Champagne AOC - Reims &#8211; Augenweide\",\"isPartOf\":{\"@id\":\"https:\\\/\\\/augenweide.wien\\\/#website\"},\"datePublished\":\"2024-04-08T09:40:50+00:00\",\"dateModified\":\"2024-08-06T10:47:18+00:00\",\"breadcrumb\":{\"@id\":\"https:\\\/\\\/augenweide.wien\\\/en\\\/product\\\/krug-rose-nr-25-075l\\\/#breadcrumb\"},\"inLanguage\":\"en-US\",\"potentialAction\":[{\"@type\":\"ReadAction\",\"target\":[\"https:\\\/\\\/augenweide.wien\\\/en\\\/product\\\/krug-rose-nr-25-075l\\\/\"]}]},{\"@type\":\"BreadcrumbList\",\"@id\":\"https:\\\/\\\/augenweide.wien\\\/en\\\/product\\\/krug-rose-nr-25-075l\\\/#breadcrumb\",\"itemListElement\":[{\"@type\":\"ListItem\",\"position\":1,\"name\":\"Home\",\"item\":\"https:\\\/\\\/augenweide.wien\\\/\"},{\"@type\":\"ListItem\",\"position\":2,\"name\":\"Krug, Champagne AOC - Reims\"}]},{\"@type\":\"WebSite\",\"@id\":\"https:\\\/\\\/augenweide.wien\\\/en\\\/#website\",\"url\":\"https:\\\/\\\/augenweide.wien\\\/en\\\/\",\"name\":\"Augenweide\",\"description\":\"\",\"potentialAction\":[{\"@type\":\"SearchAction\",\"target\":{\"@type\":\"EntryPoint\",\"urlTemplate\":\"https:\\\/\\\/augenweide.wien\\\/en\\\/?s={search_term_string}\"},\"query-input\":{\"@type\":\"PropertyValueSpecification\",\"valueRequired\":true,\"valueName\":\"search_term_string\"}}],\"inLanguage\":\"en-US\"}]}<\/script>\n<!-- \/ Yoast SEO plugin. -->","yoast_head_json":{"title":"Krug, Champagne AOC - Reims","description":"Brut Ros\u00e9 25\u00e8me \u00c9dition N\/V (PN\/CH\/PM)","robots":{"index":"index","follow":"follow","max-snippet":"max-snippet:-1","max-image-preview":"max-image-preview:large","max-video-preview":"max-video-preview:-1"},"canonical":"Brut Ros\u00e9 25\u00e8me \u00c9dition N\/V (PN\/CH\/PM)","og_locale":"en_US","og_type":"article","og_title":"Krug, Champagne AOC - Reims","og_description":"Brut Ros\u00e9 25\u00e8me \u00c9dition N\/V (PN\/CH\/PM)","og_url":"https:\/\/augenweide.wien\/en\/product\/krug-rose-nr-25-075l\/","og_site_name":"Augenweide","article_modified_time":"2024-08-06T10:47:18+00:00","twitter_card":"summary_large_image","schema":{"@context":"https:\/\/schema.org","@graph":[{"@type":"WebPage","@id":"https:\/\/augenweide.wien\/en\/product\/krug-rose-nr-25-075l\/","url":"https:\/\/augenweide.wien\/en\/product\/krug-rose-nr-25-075l\/","name":"Krug, Champagne AOC - Reims &#8211; Augenweide","isPartOf":{"@id":"https:\/\/augenweide.wien\/#website"},"datePublished":"2024-04-08T09:40:50+00:00","dateModified":"2024-08-06T10:47:18+00:00","breadcrumb":{"@id":"https:\/\/augenweide.wien\/en\/product\/krug-rose-nr-25-075l\/#breadcrumb"},"inLanguage":"en-US","potentialAction":[{"@type":"ReadAction","target":["https:\/\/augenweide.wien\/en\/product\/krug-rose-nr-25-075l\/"]}]},{"@type":"BreadcrumbList","@id":"https:\/\/augenweide.wien\/en\/product\/krug-rose-nr-25-075l\/#breadcrumb","itemListElement":[{"@type":"ListItem","position":1,"name":"Home","item":"https:\/\/augenweide.wien\/"},{"@type":"ListItem","position":2,"name":"Krug, Champagne AOC - Reims"}]},{"@type":"WebSite","@id":"https:\/\/augenweide.wien\/en\/#website","url":"https:\/\/augenweide.wien\/en\/","name":"Augenweide","description":"","potentialAction":[{"@type":"SearchAction","target":{"@type":"EntryPoint","urlTemplate":"https:\/\/augenweide.wien\/en\/?s={search_term_string}"},"query-input":{"@type":"PropertyValueSpecification","valueRequired":true,"valueName":"search_term_string"}}],"inLanguage":"en-US"}]}},"_links":{"self":[{"href":"https:\/\/augenweide.wien\/en\/wp-json\/wp\/v2\/product\/3912","targetHints":{"allow":["GET"]}}],"collection":[{"href":"https:\/\/augenweide.wien\/en\/wp-json\/wp\/v2\/product"}],"about":[{"href":"https:\/\/augenweide.wien\/en\/wp-json\/wp\/v2\/types\/product"}],"replies":[{"embeddable":true,"href":"https:\/\/augenweide.wien\/en\/wp-json\/wp\/v2\/comments?post=3912"}],"version-history":[{"count":3,"href":"https:\/\/augenweide.wien\/en\/wp-json\/wp\/v2\/product\/3912\/revisions"}],"predecessor-version":[{"id":5396,"href":"https:\/\/augenweide.wien\/en\/wp-json\/wp\/v2\/product\/3912\/revisions\/5396"}],"wp:attachment":[{"href":"https:\/\/augenweide.wien\/en\/wp-json\/wp\/v2\/media?parent=3912"}],"wp:term":[{"taxonomy":"product_brand","embeddable":true,"href":"https:\/\/augenweide.wien\/en\/wp-json\/wp\/v2\/product_brand?post=3912"},{"taxonomy":"product_cat","embeddable":true,"href":"https:\/\/augenweide.wien\/en\/wp-json\/wp\/v2\/product_cat?post=3912"},{"taxonomy":"product_tag","embeddable":true,"href":"https:\/\/augenweide.wien\/en\/wp-json\/wp\/v2\/product_tag?post=3912"}],"curies":[{"name":"wp","href":"https:\/\/api.w.org\/{rel}","templated":true}]}}