{"id":4029,"date":"2024-04-08T13:47:25","date_gmt":"2024-04-08T11:47:25","guid":{"rendered":"https:\/\/augenweide.wien\/product\/\/"},"modified":"2024-08-06T12:35:53","modified_gmt":"2024-08-06T10:35:53","slug":"moet-imperial-nv-magnum-15l","status":"publish","type":"product","link":"https:\/\/augenweide.wien\/en\/product\/moet-imperial-nv-magnum-15l\/","title":{"rendered":"Mo\u00ebt&Chandon, Champagne AOC - \u00c9pernay"},"content":{"rendered":"","protected":false},"excerpt":{"rendered":"<p>Brut Imp\u00e9rial N\/V (PN\/PM\/CH) 1,5L<\/p>\n","protected":false},"featured_media":0,"comment_status":"closed","ping_status":"closed","template":"","meta":[],"product_brand":[],"product_cat":[91],"product_tag":[],"class_list":{"0":"post-4029","1":"product","2":"type-product","3":"status-publish","5":"product_cat-magnum","7":"first","8":"instock","9":"shipping-taxable","10":"purchasable","11":"product-type-simple"},"acf":[],"yoast_head":"<!-- This site is optimized with the Yoast SEO plugin v27.3 - https:\/\/yoast.com\/product\/yoast-seo-wordpress\/ -->\n<title>Mo\u00ebt&amp;Chandon, Champagne AOC - \u00c9pernay<\/title>\n<meta name=\"description\" content=\"Brut Imp\u00e9rial N\/V (PN\/PM\/CH) 1,5L\" \/>\n<meta name=\"robots\" content=\"index, follow, max-snippet:-1, max-image-preview:large, max-video-preview:-1\" \/>\n<link rel=\"canonical\" href=\"http:\/\/Brut%20Imp\u00e9rial%20N\/V%20(PN\/PM\/CH)%201,5L\" \/>\n<meta property=\"og:locale\" content=\"en_US\" \/>\n<meta property=\"og:type\" content=\"article\" \/>\n<meta property=\"og:title\" content=\"Mo\u00ebt&amp;Chandon, Champagne AOC - \u00c9pernay\" \/>\n<meta property=\"og:description\" content=\"Brut Imp\u00e9rial N\/V (PN\/PM\/CH) 1,5L\" \/>\n<meta property=\"og:url\" content=\"https:\/\/augenweide.wien\/en\/product\/moet-imperial-nv-magnum-15l\/\" \/>\n<meta property=\"og:site_name\" content=\"Augenweide\" \/>\n<meta property=\"article:modified_time\" content=\"2024-08-06T10:35:53+00:00\" \/>\n<meta name=\"twitter:card\" content=\"summary_large_image\" \/>\n<script type=\"application\/ld+json\" class=\"yoast-schema-graph\">{\"@context\":\"https:\\\/\\\/schema.org\",\"@graph\":[{\"@type\":\"WebPage\",\"@id\":\"https:\\\/\\\/augenweide.wien\\\/en\\\/product\\\/moet-imperial-nv-magnum-15l\\\/\",\"url\":\"https:\\\/\\\/augenweide.wien\\\/en\\\/product\\\/moet-imperial-nv-magnum-15l\\\/\",\"name\":\"Mo\u00ebt&Chandon, Champagne AOC - \u00c9pernay &#8211; Augenweide\",\"isPartOf\":{\"@id\":\"https:\\\/\\\/augenweide.wien\\\/#website\"},\"datePublished\":\"2024-04-08T11:47:25+00:00\",\"dateModified\":\"2024-08-06T10:35:53+00:00\",\"breadcrumb\":{\"@id\":\"https:\\\/\\\/augenweide.wien\\\/en\\\/product\\\/moet-imperial-nv-magnum-15l\\\/#breadcrumb\"},\"inLanguage\":\"en-US\",\"potentialAction\":[{\"@type\":\"ReadAction\",\"target\":[\"https:\\\/\\\/augenweide.wien\\\/en\\\/product\\\/moet-imperial-nv-magnum-15l\\\/\"]}]},{\"@type\":\"BreadcrumbList\",\"@id\":\"https:\\\/\\\/augenweide.wien\\\/en\\\/product\\\/moet-imperial-nv-magnum-15l\\\/#breadcrumb\",\"itemListElement\":[{\"@type\":\"ListItem\",\"position\":1,\"name\":\"Home\",\"item\":\"https:\\\/\\\/augenweide.wien\\\/\"},{\"@type\":\"ListItem\",\"position\":2,\"name\":\"Mo\u00ebt&Chandon, Champagne AOC - \u00c9pernay\"}]},{\"@type\":\"WebSite\",\"@id\":\"https:\\\/\\\/augenweide.wien\\\/en\\\/#website\",\"url\":\"https:\\\/\\\/augenweide.wien\\\/en\\\/\",\"name\":\"Augenweide\",\"description\":\"\",\"potentialAction\":[{\"@type\":\"SearchAction\",\"target\":{\"@type\":\"EntryPoint\",\"urlTemplate\":\"https:\\\/\\\/augenweide.wien\\\/en\\\/?s={search_term_string}\"},\"query-input\":{\"@type\":\"PropertyValueSpecification\",\"valueRequired\":true,\"valueName\":\"search_term_string\"}}],\"inLanguage\":\"en-US\"}]}<\/script>\n<!-- \/ Yoast SEO plugin. -->","yoast_head_json":{"title":"Mo\u00ebt&Chandon, Champagne AOC - \u00c9pernay","description":"Brut Imp\u00e9rial N\/V (PN\/PM\/CH) 1,5L","robots":{"index":"index","follow":"follow","max-snippet":"max-snippet:-1","max-image-preview":"max-image-preview:large","max-video-preview":"max-video-preview:-1"},"canonical":"Brut Imp\u00e9rial N\/V (PN\/PM\/CH) 1,5L","og_locale":"en_US","og_type":"article","og_title":"Mo\u00ebt&Chandon, Champagne AOC - \u00c9pernay","og_description":"Brut Imp\u00e9rial N\/V (PN\/PM\/CH) 1,5L","og_url":"https:\/\/augenweide.wien\/en\/product\/moet-imperial-nv-magnum-15l\/","og_site_name":"Augenweide","article_modified_time":"2024-08-06T10:35:53+00:00","twitter_card":"summary_large_image","schema":{"@context":"https:\/\/schema.org","@graph":[{"@type":"WebPage","@id":"https:\/\/augenweide.wien\/en\/product\/moet-imperial-nv-magnum-15l\/","url":"https:\/\/augenweide.wien\/en\/product\/moet-imperial-nv-magnum-15l\/","name":"Mo\u00ebt&Chandon, Champagne AOC - \u00c9pernay &#8211; Augenweide","isPartOf":{"@id":"https:\/\/augenweide.wien\/#website"},"datePublished":"2024-04-08T11:47:25+00:00","dateModified":"2024-08-06T10:35:53+00:00","breadcrumb":{"@id":"https:\/\/augenweide.wien\/en\/product\/moet-imperial-nv-magnum-15l\/#breadcrumb"},"inLanguage":"en-US","potentialAction":[{"@type":"ReadAction","target":["https:\/\/augenweide.wien\/en\/product\/moet-imperial-nv-magnum-15l\/"]}]},{"@type":"BreadcrumbList","@id":"https:\/\/augenweide.wien\/en\/product\/moet-imperial-nv-magnum-15l\/#breadcrumb","itemListElement":[{"@type":"ListItem","position":1,"name":"Home","item":"https:\/\/augenweide.wien\/"},{"@type":"ListItem","position":2,"name":"Mo\u00ebt&Chandon, Champagne AOC - \u00c9pernay"}]},{"@type":"WebSite","@id":"https:\/\/augenweide.wien\/en\/#website","url":"https:\/\/augenweide.wien\/en\/","name":"Augenweide","description":"","potentialAction":[{"@type":"SearchAction","target":{"@type":"EntryPoint","urlTemplate":"https:\/\/augenweide.wien\/en\/?s={search_term_string}"},"query-input":{"@type":"PropertyValueSpecification","valueRequired":true,"valueName":"search_term_string"}}],"inLanguage":"en-US"}]}},"_links":{"self":[{"href":"https:\/\/augenweide.wien\/en\/wp-json\/wp\/v2\/product\/4029","targetHints":{"allow":["GET"]}}],"collection":[{"href":"https:\/\/augenweide.wien\/en\/wp-json\/wp\/v2\/product"}],"about":[{"href":"https:\/\/augenweide.wien\/en\/wp-json\/wp\/v2\/types\/product"}],"replies":[{"embeddable":true,"href":"https:\/\/augenweide.wien\/en\/wp-json\/wp\/v2\/comments?post=4029"}],"version-history":[{"count":2,"href":"https:\/\/augenweide.wien\/en\/wp-json\/wp\/v2\/product\/4029\/revisions"}],"predecessor-version":[{"id":5394,"href":"https:\/\/augenweide.wien\/en\/wp-json\/wp\/v2\/product\/4029\/revisions\/5394"}],"wp:attachment":[{"href":"https:\/\/augenweide.wien\/en\/wp-json\/wp\/v2\/media?parent=4029"}],"wp:term":[{"taxonomy":"product_brand","embeddable":true,"href":"https:\/\/augenweide.wien\/en\/wp-json\/wp\/v2\/product_brand?post=4029"},{"taxonomy":"product_cat","embeddable":true,"href":"https:\/\/augenweide.wien\/en\/wp-json\/wp\/v2\/product_cat?post=4029"},{"taxonomy":"product_tag","embeddable":true,"href":"https:\/\/augenweide.wien\/en\/wp-json\/wp\/v2\/product_tag?post=4029"}],"curies":[{"name":"wp","href":"https:\/\/api.w.org\/{rel}","templated":true}]}}