{"id":4128,"date":"2024-04-08T15:30:57","date_gmt":"2024-04-08T13:30:57","guid":{"rendered":"https:\/\/augenweide.wien\/product\/\/"},"modified":"2024-05-23T13:14:06","modified_gmt":"2024-05-23T11:14:06","slug":"dark-and-stormy","status":"publish","type":"product","link":"https:\/\/augenweide.wien\/en\/product\/dark-and-stormy\/","title":{"rendered":"DARK AND STORMY"},"content":{"rendered":"<p>Der Dark and Stormy ist ein klassischer Cocktail mit einer beeindruckenden Geschichte, der f\u00fcr seinen kr\u00e4ftigen Geschmack und seine erfrischende Qualit\u00e4t bekannt ist. Er stammt aus Bermuda und wird traditionell mit Gosling&#8217;s Black Seal Rum zubereitet.<\/p>\n","protected":false},"excerpt":{"rendered":"<p>Brugal Rum, Lime Juice, Organics Ginger Beer<\/p>\n","protected":false},"featured_media":4659,"comment_status":"closed","ping_status":"closed","template":"","meta":[],"product_brand":[],"product_cat":[70],"product_tag":[],"class_list":{"0":"post-4128","1":"product","2":"type-product","3":"status-publish","4":"has-post-thumbnail","6":"product_cat-longdrinks-highballs","8":"first","9":"instock","10":"shipping-taxable","11":"purchasable","12":"product-type-simple"},"acf":[],"yoast_head":"<!-- This site is optimized with the Yoast SEO plugin v27.4 - https:\/\/yoast.com\/product\/yoast-seo-wordpress\/ -->\n<title>DARK AND STORMY<\/title>\n<meta name=\"description\" content=\"Brugal Rum, Lime Juice, Organics Ginger Beer\" \/>\n<meta name=\"robots\" content=\"index, follow, max-snippet:-1, max-image-preview:large, max-video-preview:-1\" \/>\n<link rel=\"canonical\" href=\"http:\/\/Brugal%20Rum,%20Lime%20Juice,%20Organics%20Ginger%20Beer\" \/>\n<meta property=\"og:locale\" content=\"en_US\" \/>\n<meta property=\"og:type\" content=\"article\" \/>\n<meta property=\"og:title\" content=\"DARK AND STORMY\" \/>\n<meta property=\"og:description\" content=\"Brugal Rum, Lime Juice, Organics Ginger Beer\" \/>\n<meta property=\"og:url\" content=\"https:\/\/augenweide.wien\/en\/product\/dark-and-stormy\/\" \/>\n<meta property=\"og:site_name\" content=\"Augenweide\" \/>\n<meta property=\"article:modified_time\" content=\"2024-05-23T11:14:06+00:00\" \/>\n<meta property=\"og:image\" content=\"https:\/\/augenweide.wien\/wp-content\/uploads\/2024\/04\/20240326_LTG_Augenweide-DrinksCocktailscEugenKarlcreates-72DPI-11-scaled.jpg\" \/>\n\t<meta property=\"og:image:width\" content=\"1707\" \/>\n\t<meta property=\"og:image:height\" content=\"2560\" \/>\n\t<meta property=\"og:image:type\" content=\"image\/jpeg\" \/>\n<meta name=\"twitter:card\" content=\"summary_large_image\" \/>\n<meta name=\"twitter:label1\" content=\"Est. reading time\" \/>\n\t<meta name=\"twitter:data1\" content=\"1 minute\" \/>\n<script type=\"application\/ld+json\" class=\"yoast-schema-graph\">{\"@context\":\"https:\\\/\\\/schema.org\",\"@graph\":[{\"@type\":\"WebPage\",\"@id\":\"https:\\\/\\\/augenweide.wien\\\/en\\\/product\\\/dark-and-stormy\\\/\",\"url\":\"https:\\\/\\\/augenweide.wien\\\/en\\\/product\\\/dark-and-stormy\\\/\",\"name\":\"DARK AND STORMY &#8211; Augenweide\",\"isPartOf\":{\"@id\":\"https:\\\/\\\/augenweide.wien\\\/#website\"},\"primaryImageOfPage\":{\"@id\":\"https:\\\/\\\/augenweide.wien\\\/en\\\/product\\\/dark-and-stormy\\\/#primaryimage\"},\"image\":{\"@id\":\"https:\\\/\\\/augenweide.wien\\\/en\\\/product\\\/dark-and-stormy\\\/#primaryimage\"},\"thumbnailUrl\":\"https:\\\/\\\/augenweide.wien\\\/wp-content\\\/uploads\\\/2024\\\/04\\\/20240326_LTG_Augenweide-DrinksCocktailscEugenKarlcreates-72DPI-11-scaled.jpg\",\"datePublished\":\"2024-04-08T13:30:57+00:00\",\"dateModified\":\"2024-05-23T11:14:06+00:00\",\"breadcrumb\":{\"@id\":\"https:\\\/\\\/augenweide.wien\\\/en\\\/product\\\/dark-and-stormy\\\/#breadcrumb\"},\"inLanguage\":\"en-US\",\"potentialAction\":[{\"@type\":\"ReadAction\",\"target\":[\"https:\\\/\\\/augenweide.wien\\\/en\\\/product\\\/dark-and-stormy\\\/\"]}]},{\"@type\":\"ImageObject\",\"inLanguage\":\"en-US\",\"@id\":\"https:\\\/\\\/augenweide.wien\\\/en\\\/product\\\/dark-and-stormy\\\/#primaryimage\",\"url\":\"https:\\\/\\\/augenweide.wien\\\/wp-content\\\/uploads\\\/2024\\\/04\\\/20240326_LTG_Augenweide-DrinksCocktailscEugenKarlcreates-72DPI-11-scaled.jpg\",\"contentUrl\":\"https:\\\/\\\/augenweide.wien\\\/wp-content\\\/uploads\\\/2024\\\/04\\\/20240326_LTG_Augenweide-DrinksCocktailscEugenKarlcreates-72DPI-11-scaled.jpg\",\"width\":1707,\"height\":2560},{\"@type\":\"BreadcrumbList\",\"@id\":\"https:\\\/\\\/augenweide.wien\\\/en\\\/product\\\/dark-and-stormy\\\/#breadcrumb\",\"itemListElement\":[{\"@type\":\"ListItem\",\"position\":1,\"name\":\"Home\",\"item\":\"https:\\\/\\\/augenweide.wien\\\/\"},{\"@type\":\"ListItem\",\"position\":2,\"name\":\"DARK AND STORMY\"}]},{\"@type\":\"WebSite\",\"@id\":\"https:\\\/\\\/augenweide.wien\\\/en\\\/#website\",\"url\":\"https:\\\/\\\/augenweide.wien\\\/en\\\/\",\"name\":\"Augenweide\",\"description\":\"\",\"potentialAction\":[{\"@type\":\"SearchAction\",\"target\":{\"@type\":\"EntryPoint\",\"urlTemplate\":\"https:\\\/\\\/augenweide.wien\\\/en\\\/?s={search_term_string}\"},\"query-input\":{\"@type\":\"PropertyValueSpecification\",\"valueRequired\":true,\"valueName\":\"search_term_string\"}}],\"inLanguage\":\"en-US\"}]}<\/script>\n<!-- \/ Yoast SEO plugin. -->","yoast_head_json":{"title":"DARK AND STORMY","description":"Brugal Rum, Lime Juice, Organics Ginger Beer","robots":{"index":"index","follow":"follow","max-snippet":"max-snippet:-1","max-image-preview":"max-image-preview:large","max-video-preview":"max-video-preview:-1"},"canonical":"Brugal Rum, Lime Juice, Organics Ginger Beer","og_locale":"en_US","og_type":"article","og_title":"DARK AND STORMY","og_description":"Brugal Rum, Lime Juice, Organics Ginger Beer","og_url":"https:\/\/augenweide.wien\/en\/product\/dark-and-stormy\/","og_site_name":"Augenweide","article_modified_time":"2024-05-23T11:14:06+00:00","og_image":[{"width":1707,"height":2560,"url":"https:\/\/augenweide.wien\/wp-content\/uploads\/2024\/04\/20240326_LTG_Augenweide-DrinksCocktailscEugenKarlcreates-72DPI-11-scaled.jpg","type":"image\/jpeg"}],"twitter_card":"summary_large_image","twitter_misc":{"Est. reading time":"1 minute"},"schema":{"@context":"https:\/\/schema.org","@graph":[{"@type":"WebPage","@id":"https:\/\/augenweide.wien\/en\/product\/dark-and-stormy\/","url":"https:\/\/augenweide.wien\/en\/product\/dark-and-stormy\/","name":"DARK AND STORMY &#8211; Augenweide","isPartOf":{"@id":"https:\/\/augenweide.wien\/#website"},"primaryImageOfPage":{"@id":"https:\/\/augenweide.wien\/en\/product\/dark-and-stormy\/#primaryimage"},"image":{"@id":"https:\/\/augenweide.wien\/en\/product\/dark-and-stormy\/#primaryimage"},"thumbnailUrl":"https:\/\/augenweide.wien\/wp-content\/uploads\/2024\/04\/20240326_LTG_Augenweide-DrinksCocktailscEugenKarlcreates-72DPI-11-scaled.jpg","datePublished":"2024-04-08T13:30:57+00:00","dateModified":"2024-05-23T11:14:06+00:00","breadcrumb":{"@id":"https:\/\/augenweide.wien\/en\/product\/dark-and-stormy\/#breadcrumb"},"inLanguage":"en-US","potentialAction":[{"@type":"ReadAction","target":["https:\/\/augenweide.wien\/en\/product\/dark-and-stormy\/"]}]},{"@type":"ImageObject","inLanguage":"en-US","@id":"https:\/\/augenweide.wien\/en\/product\/dark-and-stormy\/#primaryimage","url":"https:\/\/augenweide.wien\/wp-content\/uploads\/2024\/04\/20240326_LTG_Augenweide-DrinksCocktailscEugenKarlcreates-72DPI-11-scaled.jpg","contentUrl":"https:\/\/augenweide.wien\/wp-content\/uploads\/2024\/04\/20240326_LTG_Augenweide-DrinksCocktailscEugenKarlcreates-72DPI-11-scaled.jpg","width":1707,"height":2560},{"@type":"BreadcrumbList","@id":"https:\/\/augenweide.wien\/en\/product\/dark-and-stormy\/#breadcrumb","itemListElement":[{"@type":"ListItem","position":1,"name":"Home","item":"https:\/\/augenweide.wien\/"},{"@type":"ListItem","position":2,"name":"DARK AND STORMY"}]},{"@type":"WebSite","@id":"https:\/\/augenweide.wien\/en\/#website","url":"https:\/\/augenweide.wien\/en\/","name":"Augenweide","description":"","potentialAction":[{"@type":"SearchAction","target":{"@type":"EntryPoint","urlTemplate":"https:\/\/augenweide.wien\/en\/?s={search_term_string}"},"query-input":{"@type":"PropertyValueSpecification","valueRequired":true,"valueName":"search_term_string"}}],"inLanguage":"en-US"}]}},"_links":{"self":[{"href":"https:\/\/augenweide.wien\/en\/wp-json\/wp\/v2\/product\/4128","targetHints":{"allow":["GET"]}}],"collection":[{"href":"https:\/\/augenweide.wien\/en\/wp-json\/wp\/v2\/product"}],"about":[{"href":"https:\/\/augenweide.wien\/en\/wp-json\/wp\/v2\/types\/product"}],"replies":[{"embeddable":true,"href":"https:\/\/augenweide.wien\/en\/wp-json\/wp\/v2\/comments?post=4128"}],"version-history":[{"count":2,"href":"https:\/\/augenweide.wien\/en\/wp-json\/wp\/v2\/product\/4128\/revisions"}],"predecessor-version":[{"id":4859,"href":"https:\/\/augenweide.wien\/en\/wp-json\/wp\/v2\/product\/4128\/revisions\/4859"}],"wp:featuredmedia":[{"embeddable":true,"href":"https:\/\/augenweide.wien\/en\/wp-json\/wp\/v2\/media\/4659"}],"wp:attachment":[{"href":"https:\/\/augenweide.wien\/en\/wp-json\/wp\/v2\/media?parent=4128"}],"wp:term":[{"taxonomy":"product_brand","embeddable":true,"href":"https:\/\/augenweide.wien\/en\/wp-json\/wp\/v2\/product_brand?post=4128"},{"taxonomy":"product_cat","embeddable":true,"href":"https:\/\/augenweide.wien\/en\/wp-json\/wp\/v2\/product_cat?post=4128"},{"taxonomy":"product_tag","embeddable":true,"href":"https:\/\/augenweide.wien\/en\/wp-json\/wp\/v2\/product_tag?post=4128"}],"curies":[{"name":"wp","href":"https:\/\/api.w.org\/{rel}","templated":true}]}}