{"id":4132,"date":"2024-04-08T15:32:53","date_gmt":"2024-04-08T13:32:53","guid":{"rendered":"https:\/\/augenweide.wien\/product\/\/"},"modified":"2025-07-17T11:03:58","modified_gmt":"2025-07-17T09:03:58","slug":"campari-orange","status":"publish","type":"product","link":"https:\/\/augenweide.wien\/en\/product\/campari-orange\/","title":{"rendered":"CAMPARI ORANGE"},"content":{"rendered":"<p>Campari Orange, auch bekannt als Garibaldi, ist ein erfrischender und einfacher Cocktail, der die herben, bitters\u00fc\u00dfen Noten von Campari mit der s\u00fc\u00dfen Fruchtigkeit von Orangensaft kombiniert. Dieser Drink ist besonders beliebt in Italien und eignet sich hervorragend als Aperitif oder als erfrischender Drink an warmen Tagen.<\/p>\n","protected":false},"excerpt":{"rendered":"<p>Campari, frisch gepresster Orangensaft<\/p>\n","protected":false},"featured_media":4674,"comment_status":"closed","ping_status":"closed","template":"","meta":[],"product_brand":[],"product_cat":[70],"product_tag":[],"class_list":{"0":"post-4132","1":"product","2":"type-product","3":"status-publish","4":"has-post-thumbnail","6":"product_cat-longdrinks-highballs","8":"first","9":"instock","10":"shipping-taxable","11":"purchasable","12":"product-type-simple"},"acf":[],"yoast_head":"<!-- This site is optimized with the Yoast SEO plugin v27.4 - https:\/\/yoast.com\/product\/yoast-seo-wordpress\/ -->\n<title>CAMPARI ORANGE<\/title>\n<meta name=\"description\" content=\"Campari, frisch gepresster Orangensaft\" \/>\n<meta name=\"robots\" content=\"index, follow, max-snippet:-1, max-image-preview:large, max-video-preview:-1\" \/>\n<link rel=\"canonical\" href=\"http:\/\/Campari,%20frisch%20gepresster%20Orangensaft\" \/>\n<meta property=\"og:locale\" content=\"en_US\" \/>\n<meta property=\"og:type\" content=\"article\" \/>\n<meta property=\"og:title\" content=\"CAMPARI ORANGE\" \/>\n<meta property=\"og:description\" content=\"Campari, frisch gepresster Orangensaft\" \/>\n<meta property=\"og:url\" content=\"https:\/\/augenweide.wien\/en\/product\/campari-orange\/\" \/>\n<meta property=\"og:site_name\" content=\"Augenweide\" \/>\n<meta property=\"article:modified_time\" content=\"2025-07-17T09:03:58+00:00\" \/>\n<meta property=\"og:image\" content=\"https:\/\/augenweide.wien\/wp-content\/uploads\/2024\/04\/20240326_LTG_Augenweide-DrinksCocktailscEugenKarlcreates-72DPI-12-scaled.jpg\" \/>\n\t<meta property=\"og:image:width\" content=\"1707\" \/>\n\t<meta property=\"og:image:height\" content=\"2560\" \/>\n\t<meta property=\"og:image:type\" content=\"image\/jpeg\" \/>\n<meta name=\"twitter:card\" content=\"summary_large_image\" \/>\n<meta name=\"twitter:label1\" content=\"Est. reading time\" \/>\n\t<meta name=\"twitter:data1\" content=\"1 minute\" \/>\n<script type=\"application\/ld+json\" class=\"yoast-schema-graph\">{\"@context\":\"https:\\\/\\\/schema.org\",\"@graph\":[{\"@type\":\"WebPage\",\"@id\":\"https:\\\/\\\/augenweide.wien\\\/en\\\/product\\\/campari-orange\\\/\",\"url\":\"https:\\\/\\\/augenweide.wien\\\/en\\\/product\\\/campari-orange\\\/\",\"name\":\"CAMPARI ORANGE &#8211; Augenweide\",\"isPartOf\":{\"@id\":\"https:\\\/\\\/augenweide.wien\\\/#website\"},\"primaryImageOfPage\":{\"@id\":\"https:\\\/\\\/augenweide.wien\\\/en\\\/product\\\/campari-orange\\\/#primaryimage\"},\"image\":{\"@id\":\"https:\\\/\\\/augenweide.wien\\\/en\\\/product\\\/campari-orange\\\/#primaryimage\"},\"thumbnailUrl\":\"https:\\\/\\\/augenweide.wien\\\/wp-content\\\/uploads\\\/2024\\\/04\\\/20240326_LTG_Augenweide-DrinksCocktailscEugenKarlcreates-72DPI-12-scaled.jpg\",\"datePublished\":\"2024-04-08T13:32:53+00:00\",\"dateModified\":\"2025-07-17T09:03:58+00:00\",\"breadcrumb\":{\"@id\":\"https:\\\/\\\/augenweide.wien\\\/en\\\/product\\\/campari-orange\\\/#breadcrumb\"},\"inLanguage\":\"en-US\",\"potentialAction\":[{\"@type\":\"ReadAction\",\"target\":[\"https:\\\/\\\/augenweide.wien\\\/en\\\/product\\\/campari-orange\\\/\"]}]},{\"@type\":\"ImageObject\",\"inLanguage\":\"en-US\",\"@id\":\"https:\\\/\\\/augenweide.wien\\\/en\\\/product\\\/campari-orange\\\/#primaryimage\",\"url\":\"https:\\\/\\\/augenweide.wien\\\/wp-content\\\/uploads\\\/2024\\\/04\\\/20240326_LTG_Augenweide-DrinksCocktailscEugenKarlcreates-72DPI-12-scaled.jpg\",\"contentUrl\":\"https:\\\/\\\/augenweide.wien\\\/wp-content\\\/uploads\\\/2024\\\/04\\\/20240326_LTG_Augenweide-DrinksCocktailscEugenKarlcreates-72DPI-12-scaled.jpg\",\"width\":1707,\"height\":2560},{\"@type\":\"BreadcrumbList\",\"@id\":\"https:\\\/\\\/augenweide.wien\\\/en\\\/product\\\/campari-orange\\\/#breadcrumb\",\"itemListElement\":[{\"@type\":\"ListItem\",\"position\":1,\"name\":\"Home\",\"item\":\"https:\\\/\\\/augenweide.wien\\\/\"},{\"@type\":\"ListItem\",\"position\":2,\"name\":\"CAMPARI ORANGE\"}]},{\"@type\":\"WebSite\",\"@id\":\"https:\\\/\\\/augenweide.wien\\\/en\\\/#website\",\"url\":\"https:\\\/\\\/augenweide.wien\\\/en\\\/\",\"name\":\"Augenweide\",\"description\":\"\",\"potentialAction\":[{\"@type\":\"SearchAction\",\"target\":{\"@type\":\"EntryPoint\",\"urlTemplate\":\"https:\\\/\\\/augenweide.wien\\\/en\\\/?s={search_term_string}\"},\"query-input\":{\"@type\":\"PropertyValueSpecification\",\"valueRequired\":true,\"valueName\":\"search_term_string\"}}],\"inLanguage\":\"en-US\"}]}<\/script>\n<!-- \/ Yoast SEO plugin. -->","yoast_head_json":{"title":"CAMPARI ORANGE","description":"Campari, frisch gepresster Orangensaft","robots":{"index":"index","follow":"follow","max-snippet":"max-snippet:-1","max-image-preview":"max-image-preview:large","max-video-preview":"max-video-preview:-1"},"canonical":"Campari, frisch gepresster Orangensaft","og_locale":"en_US","og_type":"article","og_title":"CAMPARI ORANGE","og_description":"Campari, frisch gepresster Orangensaft","og_url":"https:\/\/augenweide.wien\/en\/product\/campari-orange\/","og_site_name":"Augenweide","article_modified_time":"2025-07-17T09:03:58+00:00","og_image":[{"width":1707,"height":2560,"url":"https:\/\/augenweide.wien\/wp-content\/uploads\/2024\/04\/20240326_LTG_Augenweide-DrinksCocktailscEugenKarlcreates-72DPI-12-scaled.jpg","type":"image\/jpeg"}],"twitter_card":"summary_large_image","twitter_misc":{"Est. reading time":"1 minute"},"schema":{"@context":"https:\/\/schema.org","@graph":[{"@type":"WebPage","@id":"https:\/\/augenweide.wien\/en\/product\/campari-orange\/","url":"https:\/\/augenweide.wien\/en\/product\/campari-orange\/","name":"CAMPARI ORANGE &#8211; Augenweide","isPartOf":{"@id":"https:\/\/augenweide.wien\/#website"},"primaryImageOfPage":{"@id":"https:\/\/augenweide.wien\/en\/product\/campari-orange\/#primaryimage"},"image":{"@id":"https:\/\/augenweide.wien\/en\/product\/campari-orange\/#primaryimage"},"thumbnailUrl":"https:\/\/augenweide.wien\/wp-content\/uploads\/2024\/04\/20240326_LTG_Augenweide-DrinksCocktailscEugenKarlcreates-72DPI-12-scaled.jpg","datePublished":"2024-04-08T13:32:53+00:00","dateModified":"2025-07-17T09:03:58+00:00","breadcrumb":{"@id":"https:\/\/augenweide.wien\/en\/product\/campari-orange\/#breadcrumb"},"inLanguage":"en-US","potentialAction":[{"@type":"ReadAction","target":["https:\/\/augenweide.wien\/en\/product\/campari-orange\/"]}]},{"@type":"ImageObject","inLanguage":"en-US","@id":"https:\/\/augenweide.wien\/en\/product\/campari-orange\/#primaryimage","url":"https:\/\/augenweide.wien\/wp-content\/uploads\/2024\/04\/20240326_LTG_Augenweide-DrinksCocktailscEugenKarlcreates-72DPI-12-scaled.jpg","contentUrl":"https:\/\/augenweide.wien\/wp-content\/uploads\/2024\/04\/20240326_LTG_Augenweide-DrinksCocktailscEugenKarlcreates-72DPI-12-scaled.jpg","width":1707,"height":2560},{"@type":"BreadcrumbList","@id":"https:\/\/augenweide.wien\/en\/product\/campari-orange\/#breadcrumb","itemListElement":[{"@type":"ListItem","position":1,"name":"Home","item":"https:\/\/augenweide.wien\/"},{"@type":"ListItem","position":2,"name":"CAMPARI ORANGE"}]},{"@type":"WebSite","@id":"https:\/\/augenweide.wien\/en\/#website","url":"https:\/\/augenweide.wien\/en\/","name":"Augenweide","description":"","potentialAction":[{"@type":"SearchAction","target":{"@type":"EntryPoint","urlTemplate":"https:\/\/augenweide.wien\/en\/?s={search_term_string}"},"query-input":{"@type":"PropertyValueSpecification","valueRequired":true,"valueName":"search_term_string"}}],"inLanguage":"en-US"}]}},"_links":{"self":[{"href":"https:\/\/augenweide.wien\/en\/wp-json\/wp\/v2\/product\/4132","targetHints":{"allow":["GET"]}}],"collection":[{"href":"https:\/\/augenweide.wien\/en\/wp-json\/wp\/v2\/product"}],"about":[{"href":"https:\/\/augenweide.wien\/en\/wp-json\/wp\/v2\/types\/product"}],"replies":[{"embeddable":true,"href":"https:\/\/augenweide.wien\/en\/wp-json\/wp\/v2\/comments?post=4132"}],"version-history":[{"count":4,"href":"https:\/\/augenweide.wien\/en\/wp-json\/wp\/v2\/product\/4132\/revisions"}],"predecessor-version":[{"id":6353,"href":"https:\/\/augenweide.wien\/en\/wp-json\/wp\/v2\/product\/4132\/revisions\/6353"}],"wp:featuredmedia":[{"embeddable":true,"href":"https:\/\/augenweide.wien\/en\/wp-json\/wp\/v2\/media\/4674"}],"wp:attachment":[{"href":"https:\/\/augenweide.wien\/en\/wp-json\/wp\/v2\/media?parent=4132"}],"wp:term":[{"taxonomy":"product_brand","embeddable":true,"href":"https:\/\/augenweide.wien\/en\/wp-json\/wp\/v2\/product_brand?post=4132"},{"taxonomy":"product_cat","embeddable":true,"href":"https:\/\/augenweide.wien\/en\/wp-json\/wp\/v2\/product_cat?post=4132"},{"taxonomy":"product_tag","embeddable":true,"href":"https:\/\/augenweide.wien\/en\/wp-json\/wp\/v2\/product_tag?post=4132"}],"curies":[{"name":"wp","href":"https:\/\/api.w.org\/{rel}","templated":true}]}}