{"id":5109,"date":"2024-07-20T19:32:58","date_gmt":"2024-07-20T17:32:58","guid":{"rendered":"https:\/\/augenweide.wien\/product\/\/"},"modified":"2025-11-25T11:04:19","modified_gmt":"2025-11-25T10:04:19","slug":"cu-rose-m-2023-gr-ci-sy-1-8l","status":"publish","type":"product","link":"https:\/\/augenweide.wien\/en\/product\/cu-rose-m-2023-gr-ci-sy-1-8l\/","title":{"rendered":"Ch\u00e2teau Minuty, C\u00f4tes du Provence AOC - Gassin"},"content":{"rendered":"","protected":false},"excerpt":{"rendered":"<p>Ros\u00e9 &#8220;M&#8221; 2024 (GR\/CI\/SY) 1\/8l\/ 0.7l<\/p>\n","protected":false},"featured_media":0,"comment_status":"closed","ping_status":"closed","template":"","meta":[],"product_brand":[],"product_cat":[142],"product_tag":[],"class_list":{"0":"post-5109","1":"product","2":"type-product","3":"status-publish","5":"product_cat-rose-suesswein","7":"first","8":"instock","9":"shipping-taxable","10":"product-type-simple"},"acf":[],"yoast_head":"<!-- This site is optimized with the Yoast SEO plugin v27.4 - https:\/\/yoast.com\/product\/yoast-seo-wordpress\/ -->\n<title>Ch\u00e2teau Minuty, C\u00f4tes du Provence AOC - Gassin<\/title>\n<meta name=\"description\" content=\"Ros\u00e9 &quot;M&quot; 2024 (GR\/CI\/SY) 1\/8l\/ 0.7l\" \/>\n<meta name=\"robots\" content=\"index, follow, max-snippet:-1, max-image-preview:large, max-video-preview:-1\" \/>\n<link rel=\"canonical\" href=\"http:\/\/Ros\u00e9%20M%202024%20(GR\/CI\/SY)%201\/8l\/%200.7l\" \/>\n<meta property=\"og:locale\" content=\"en_US\" \/>\n<meta property=\"og:type\" content=\"article\" \/>\n<meta property=\"og:title\" content=\"Ch\u00e2teau Minuty, C\u00f4tes du Provence AOC - Gassin\" \/>\n<meta property=\"og:description\" content=\"Ros\u00e9 &quot;M&quot; 2024 (GR\/CI\/SY) 1\/8l\/ 0.7l\" \/>\n<meta property=\"og:url\" content=\"https:\/\/augenweide.wien\/en\/product\/cu-rose-m-2023-gr-ci-sy-1-8l\/\" \/>\n<meta property=\"og:site_name\" content=\"Augenweide\" \/>\n<meta property=\"article:modified_time\" content=\"2025-11-25T10:04:19+00:00\" \/>\n<meta name=\"twitter:card\" content=\"summary_large_image\" \/>\n<script type=\"application\/ld+json\" class=\"yoast-schema-graph\">{\"@context\":\"https:\\\/\\\/schema.org\",\"@graph\":[{\"@type\":\"WebPage\",\"@id\":\"https:\\\/\\\/augenweide.wien\\\/en\\\/product\\\/cu-rose-m-2023-gr-ci-sy-1-8l\\\/\",\"url\":\"https:\\\/\\\/augenweide.wien\\\/en\\\/product\\\/cu-rose-m-2023-gr-ci-sy-1-8l\\\/\",\"name\":\"Ch\u00e2teau Minuty, C\u00f4tes du Provence AOC - Gassin &#8211; Augenweide\",\"isPartOf\":{\"@id\":\"https:\\\/\\\/augenweide.wien\\\/#website\"},\"datePublished\":\"2024-07-20T17:32:58+00:00\",\"dateModified\":\"2025-11-25T10:04:19+00:00\",\"breadcrumb\":{\"@id\":\"https:\\\/\\\/augenweide.wien\\\/en\\\/product\\\/cu-rose-m-2023-gr-ci-sy-1-8l\\\/#breadcrumb\"},\"inLanguage\":\"en-US\",\"potentialAction\":[{\"@type\":\"ReadAction\",\"target\":[\"https:\\\/\\\/augenweide.wien\\\/en\\\/product\\\/cu-rose-m-2023-gr-ci-sy-1-8l\\\/\"]}]},{\"@type\":\"BreadcrumbList\",\"@id\":\"https:\\\/\\\/augenweide.wien\\\/en\\\/product\\\/cu-rose-m-2023-gr-ci-sy-1-8l\\\/#breadcrumb\",\"itemListElement\":[{\"@type\":\"ListItem\",\"position\":1,\"name\":\"Home\",\"item\":\"https:\\\/\\\/augenweide.wien\\\/\"},{\"@type\":\"ListItem\",\"position\":2,\"name\":\"Ch\u00e2teau Minuty, C\u00f4tes du Provence AOC - Gassin\"}]},{\"@type\":\"WebSite\",\"@id\":\"https:\\\/\\\/augenweide.wien\\\/en\\\/#website\",\"url\":\"https:\\\/\\\/augenweide.wien\\\/en\\\/\",\"name\":\"Augenweide\",\"description\":\"\",\"potentialAction\":[{\"@type\":\"SearchAction\",\"target\":{\"@type\":\"EntryPoint\",\"urlTemplate\":\"https:\\\/\\\/augenweide.wien\\\/en\\\/?s={search_term_string}\"},\"query-input\":{\"@type\":\"PropertyValueSpecification\",\"valueRequired\":true,\"valueName\":\"search_term_string\"}}],\"inLanguage\":\"en-US\"}]}<\/script>\n<!-- \/ Yoast SEO plugin. -->","yoast_head_json":{"title":"Ch\u00e2teau Minuty, C\u00f4tes du Provence AOC - Gassin","description":"Ros\u00e9 \"M\" 2024 (GR\/CI\/SY) 1\/8l\/ 0.7l","robots":{"index":"index","follow":"follow","max-snippet":"max-snippet:-1","max-image-preview":"max-image-preview:large","max-video-preview":"max-video-preview:-1"},"canonical":"Ros\u00e9 \"M\" 2024 (GR\/CI\/SY) 1\/8l\/ 0.7l","og_locale":"en_US","og_type":"article","og_title":"Ch\u00e2teau Minuty, C\u00f4tes du Provence AOC - Gassin","og_description":"Ros\u00e9 \"M\" 2024 (GR\/CI\/SY) 1\/8l\/ 0.7l","og_url":"https:\/\/augenweide.wien\/en\/product\/cu-rose-m-2023-gr-ci-sy-1-8l\/","og_site_name":"Augenweide","article_modified_time":"2025-11-25T10:04:19+00:00","twitter_card":"summary_large_image","schema":{"@context":"https:\/\/schema.org","@graph":[{"@type":"WebPage","@id":"https:\/\/augenweide.wien\/en\/product\/cu-rose-m-2023-gr-ci-sy-1-8l\/","url":"https:\/\/augenweide.wien\/en\/product\/cu-rose-m-2023-gr-ci-sy-1-8l\/","name":"Ch\u00e2teau Minuty, C\u00f4tes du Provence AOC - Gassin &#8211; Augenweide","isPartOf":{"@id":"https:\/\/augenweide.wien\/#website"},"datePublished":"2024-07-20T17:32:58+00:00","dateModified":"2025-11-25T10:04:19+00:00","breadcrumb":{"@id":"https:\/\/augenweide.wien\/en\/product\/cu-rose-m-2023-gr-ci-sy-1-8l\/#breadcrumb"},"inLanguage":"en-US","potentialAction":[{"@type":"ReadAction","target":["https:\/\/augenweide.wien\/en\/product\/cu-rose-m-2023-gr-ci-sy-1-8l\/"]}]},{"@type":"BreadcrumbList","@id":"https:\/\/augenweide.wien\/en\/product\/cu-rose-m-2023-gr-ci-sy-1-8l\/#breadcrumb","itemListElement":[{"@type":"ListItem","position":1,"name":"Home","item":"https:\/\/augenweide.wien\/"},{"@type":"ListItem","position":2,"name":"Ch\u00e2teau Minuty, C\u00f4tes du Provence AOC - Gassin"}]},{"@type":"WebSite","@id":"https:\/\/augenweide.wien\/en\/#website","url":"https:\/\/augenweide.wien\/en\/","name":"Augenweide","description":"","potentialAction":[{"@type":"SearchAction","target":{"@type":"EntryPoint","urlTemplate":"https:\/\/augenweide.wien\/en\/?s={search_term_string}"},"query-input":{"@type":"PropertyValueSpecification","valueRequired":true,"valueName":"search_term_string"}}],"inLanguage":"en-US"}]}},"_links":{"self":[{"href":"https:\/\/augenweide.wien\/en\/wp-json\/wp\/v2\/product\/5109","targetHints":{"allow":["GET"]}}],"collection":[{"href":"https:\/\/augenweide.wien\/en\/wp-json\/wp\/v2\/product"}],"about":[{"href":"https:\/\/augenweide.wien\/en\/wp-json\/wp\/v2\/types\/product"}],"replies":[{"embeddable":true,"href":"https:\/\/augenweide.wien\/en\/wp-json\/wp\/v2\/comments?post=5109"}],"version-history":[{"count":8,"href":"https:\/\/augenweide.wien\/en\/wp-json\/wp\/v2\/product\/5109\/revisions"}],"predecessor-version":[{"id":6724,"href":"https:\/\/augenweide.wien\/en\/wp-json\/wp\/v2\/product\/5109\/revisions\/6724"}],"wp:attachment":[{"href":"https:\/\/augenweide.wien\/en\/wp-json\/wp\/v2\/media?parent=5109"}],"wp:term":[{"taxonomy":"product_brand","embeddable":true,"href":"https:\/\/augenweide.wien\/en\/wp-json\/wp\/v2\/product_brand?post=5109"},{"taxonomy":"product_cat","embeddable":true,"href":"https:\/\/augenweide.wien\/en\/wp-json\/wp\/v2\/product_cat?post=5109"},{"taxonomy":"product_tag","embeddable":true,"href":"https:\/\/augenweide.wien\/en\/wp-json\/wp\/v2\/product_tag?post=5109"}],"curies":[{"name":"wp","href":"https:\/\/api.w.org\/{rel}","templated":true}]}}