{"id":6996,"date":"2026-03-17T16:47:55","date_gmt":"2026-03-17T15:47:55","guid":{"rendered":"https:\/\/augenweide.wien\/product\/\/"},"modified":"2026-03-17T16:48:53","modified_gmt":"2026-03-17T15:48:53","slug":"fruehlingsspritz","status":"publish","type":"product","link":"https:\/\/augenweide.wien\/en\/product\/fruehlingsspritz\/","title":{"rendered":"Fr\u00fchlingsspritz"},"content":{"rendered":"<p>Ein erfrischender Spritzer passend zur Fr\u00fchlingszeit. <\/p>\n","protected":false},"excerpt":{"rendered":"<p>Gr\u00fcner Veltliner von Hagn, Sarti, Canonita, Soda<\/p>\n","protected":false},"featured_media":0,"comment_status":"closed","ping_status":"closed","template":"","meta":[],"product_brand":[],"product_cat":[184],"product_tag":[],"class_list":{"0":"post-6996","1":"product","2":"type-product","3":"status-publish","5":"product_cat-herbstkarte","7":"first","8":"instock","9":"shipping-taxable","10":"purchasable","11":"product-type-simple"},"acf":[],"yoast_head":"<!-- This site is optimized with the Yoast SEO plugin v27.3 - https:\/\/yoast.com\/product\/yoast-seo-wordpress\/ -->\n<title>Fr\u00fchlingsspritz<\/title>\n<meta name=\"description\" content=\"Gr\u00fcner Veltliner von Hagn, Sarti, Canonita, Soda\" \/>\n<meta name=\"robots\" content=\"index, follow, max-snippet:-1, max-image-preview:large, max-video-preview:-1\" \/>\n<link rel=\"canonical\" href=\"http:\/\/Gr\u00fcner%20Veltliner%20von%20Hagn,%20Sarti,%20Canonita,%20Soda\" \/>\n<meta property=\"og:locale\" content=\"en_US\" \/>\n<meta property=\"og:type\" content=\"article\" \/>\n<meta property=\"og:title\" content=\"Fr\u00fchlingsspritz\" \/>\n<meta property=\"og:description\" content=\"Gr\u00fcner Veltliner von Hagn, Sarti, Canonita, Soda\" \/>\n<meta property=\"og:url\" content=\"https:\/\/augenweide.wien\/en\/product\/fruehlingsspritz\/\" \/>\n<meta property=\"og:site_name\" content=\"Augenweide\" \/>\n<meta property=\"article:modified_time\" content=\"2026-03-17T15:48:53+00:00\" \/>\n<meta name=\"twitter:card\" content=\"summary_large_image\" \/>\n<meta name=\"twitter:label1\" content=\"Est. reading time\" \/>\n\t<meta name=\"twitter:data1\" content=\"1 minute\" \/>\n<script type=\"application\/ld+json\" class=\"yoast-schema-graph\">{\"@context\":\"https:\\\/\\\/schema.org\",\"@graph\":[{\"@type\":\"WebPage\",\"@id\":\"https:\\\/\\\/augenweide.wien\\\/en\\\/product\\\/fruehlingsspritz\\\/\",\"url\":\"https:\\\/\\\/augenweide.wien\\\/en\\\/product\\\/fruehlingsspritz\\\/\",\"name\":\"Fr\u00fchlingsspritz &#8211; Augenweide\",\"isPartOf\":{\"@id\":\"https:\\\/\\\/augenweide.wien\\\/#website\"},\"datePublished\":\"2026-03-17T15:47:55+00:00\",\"dateModified\":\"2026-03-17T15:48:53+00:00\",\"breadcrumb\":{\"@id\":\"https:\\\/\\\/augenweide.wien\\\/en\\\/product\\\/fruehlingsspritz\\\/#breadcrumb\"},\"inLanguage\":\"en-US\",\"potentialAction\":[{\"@type\":\"ReadAction\",\"target\":[\"https:\\\/\\\/augenweide.wien\\\/en\\\/product\\\/fruehlingsspritz\\\/\"]}]},{\"@type\":\"BreadcrumbList\",\"@id\":\"https:\\\/\\\/augenweide.wien\\\/en\\\/product\\\/fruehlingsspritz\\\/#breadcrumb\",\"itemListElement\":[{\"@type\":\"ListItem\",\"position\":1,\"name\":\"Home\",\"item\":\"https:\\\/\\\/augenweide.wien\\\/\"},{\"@type\":\"ListItem\",\"position\":2,\"name\":\"Fr\u00fchlingsspritz\"}]},{\"@type\":\"WebSite\",\"@id\":\"https:\\\/\\\/augenweide.wien\\\/en\\\/#website\",\"url\":\"https:\\\/\\\/augenweide.wien\\\/en\\\/\",\"name\":\"Augenweide\",\"description\":\"\",\"potentialAction\":[{\"@type\":\"SearchAction\",\"target\":{\"@type\":\"EntryPoint\",\"urlTemplate\":\"https:\\\/\\\/augenweide.wien\\\/en\\\/?s={search_term_string}\"},\"query-input\":{\"@type\":\"PropertyValueSpecification\",\"valueRequired\":true,\"valueName\":\"search_term_string\"}}],\"inLanguage\":\"en-US\"}]}<\/script>\n<!-- \/ Yoast SEO plugin. -->","yoast_head_json":{"title":"Fr\u00fchlingsspritz","description":"Gr\u00fcner Veltliner von Hagn, Sarti, Canonita, Soda","robots":{"index":"index","follow":"follow","max-snippet":"max-snippet:-1","max-image-preview":"max-image-preview:large","max-video-preview":"max-video-preview:-1"},"canonical":"Gr\u00fcner Veltliner von Hagn, Sarti, Canonita, Soda","og_locale":"en_US","og_type":"article","og_title":"Fr\u00fchlingsspritz","og_description":"Gr\u00fcner Veltliner von Hagn, Sarti, Canonita, Soda","og_url":"https:\/\/augenweide.wien\/en\/product\/fruehlingsspritz\/","og_site_name":"Augenweide","article_modified_time":"2026-03-17T15:48:53+00:00","twitter_card":"summary_large_image","twitter_misc":{"Est. reading time":"1 minute"},"schema":{"@context":"https:\/\/schema.org","@graph":[{"@type":"WebPage","@id":"https:\/\/augenweide.wien\/en\/product\/fruehlingsspritz\/","url":"https:\/\/augenweide.wien\/en\/product\/fruehlingsspritz\/","name":"Fr\u00fchlingsspritz &#8211; Augenweide","isPartOf":{"@id":"https:\/\/augenweide.wien\/#website"},"datePublished":"2026-03-17T15:47:55+00:00","dateModified":"2026-03-17T15:48:53+00:00","breadcrumb":{"@id":"https:\/\/augenweide.wien\/en\/product\/fruehlingsspritz\/#breadcrumb"},"inLanguage":"en-US","potentialAction":[{"@type":"ReadAction","target":["https:\/\/augenweide.wien\/en\/product\/fruehlingsspritz\/"]}]},{"@type":"BreadcrumbList","@id":"https:\/\/augenweide.wien\/en\/product\/fruehlingsspritz\/#breadcrumb","itemListElement":[{"@type":"ListItem","position":1,"name":"Home","item":"https:\/\/augenweide.wien\/"},{"@type":"ListItem","position":2,"name":"Fr\u00fchlingsspritz"}]},{"@type":"WebSite","@id":"https:\/\/augenweide.wien\/en\/#website","url":"https:\/\/augenweide.wien\/en\/","name":"Augenweide","description":"","potentialAction":[{"@type":"SearchAction","target":{"@type":"EntryPoint","urlTemplate":"https:\/\/augenweide.wien\/en\/?s={search_term_string}"},"query-input":{"@type":"PropertyValueSpecification","valueRequired":true,"valueName":"search_term_string"}}],"inLanguage":"en-US"}]}},"_links":{"self":[{"href":"https:\/\/augenweide.wien\/en\/wp-json\/wp\/v2\/product\/6996","targetHints":{"allow":["GET"]}}],"collection":[{"href":"https:\/\/augenweide.wien\/en\/wp-json\/wp\/v2\/product"}],"about":[{"href":"https:\/\/augenweide.wien\/en\/wp-json\/wp\/v2\/types\/product"}],"replies":[{"embeddable":true,"href":"https:\/\/augenweide.wien\/en\/wp-json\/wp\/v2\/comments?post=6996"}],"version-history":[{"count":1,"href":"https:\/\/augenweide.wien\/en\/wp-json\/wp\/v2\/product\/6996\/revisions"}],"predecessor-version":[{"id":6997,"href":"https:\/\/augenweide.wien\/en\/wp-json\/wp\/v2\/product\/6996\/revisions\/6997"}],"wp:attachment":[{"href":"https:\/\/augenweide.wien\/en\/wp-json\/wp\/v2\/media?parent=6996"}],"wp:term":[{"taxonomy":"product_brand","embeddable":true,"href":"https:\/\/augenweide.wien\/en\/wp-json\/wp\/v2\/product_brand?post=6996"},{"taxonomy":"product_cat","embeddable":true,"href":"https:\/\/augenweide.wien\/en\/wp-json\/wp\/v2\/product_cat?post=6996"},{"taxonomy":"product_tag","embeddable":true,"href":"https:\/\/augenweide.wien\/en\/wp-json\/wp\/v2\/product_tag?post=6996"}],"curies":[{"name":"wp","href":"https:\/\/api.w.org\/{rel}","templated":true}]}}